{"id":321,"date":"2022-09-22T14:07:43","date_gmt":"2022-09-22T14:07:43","guid":{"rendered":"https:\/\/santossimon.com.br\/dev\/?post_type=product&#038;p=321"},"modified":"2025-06-05T21:15:10","modified_gmt":"2025-06-05T21:15:10","slug":"usucapiao-extrajudicial-para-advogados-2","status":"publish","type":"product","link":"https:\/\/santossimon.com.br\/dev\/produto\/usucapiao-extrajudicial-para-advogados-2\/","title":{"rendered":"Usucapi\u00e3o Extrajudicial para Advogados"},"content":{"rendered":"<p><strong>DESCRI\u00c7\u00c3O:<\/strong><\/p>\n<p>N\u00f3s, da Editora Santos Simon, durante nossos primeiros tr\u00eas anos de desenvolvimento, produzimos materiais exclusivamente voltados ao suporte na pr\u00e1tica de atos notariais e registrais desempenhados nas Serventias Extrajudiciais, auxiliando os respectivos agentes delegados nos procedimentos pr\u00f3prios de suas fun\u00e7\u00f5es p\u00fablicas, \u00e0 exemplo de manuais de prote\u00e7\u00e3o patrimonial, escritura\u00e7\u00e3o, procura\u00e7\u00f5es, regulariza\u00e7\u00e3o fundi\u00e1ria urbana, retifica\u00e7\u00e3o administrativa e usucapi\u00e3o extrajudicial.<\/p>\n<p>Olhando, contudo, para a sobrecarga do Poder Judici\u00e1rio, e percebendo a insufici\u00eancia de recursos did\u00e1ticos destinados a advogados sobre mat\u00e9rias extrajudiciais, como forma de desjudicializa\u00e7\u00e3o de demandas, elaboramos materiais voltados a esses profissionais do direito, de maneira a atender os interesses das partes com celeridade e satisfa\u00e7\u00e3o, tanto para o cliente, quanto para o seu patrono.<\/p>\n<p><strong>Nesse sentido, nosso material, voltado aos advogados e advogadas, se debru\u00e7ar\u00e1 sobre os seguintes temas:<\/strong><\/p>\n<p>&#8211; Modelos de requerimentos extrajudiciais;<br \/>\n&#8211; Documentos e provas necess\u00e1rios;<br \/>\n&#8211; Profissionais envolvidos;<br \/>\n&#8211; Legisla\u00e7\u00e3o pertinente;<br \/>\n&#8211; Serventias de Registro de Im\u00f3veis;<br \/>\n&#8211; Atas notariais.<\/p>\n<p>&nbsp;<\/p>\n<p><strong>Obtenha a amostra deste produto realizando o download logo abaixo em <span style=\"color: #ca1111\">formato PDF:<\/span><\/strong><\/p>\n<a  href=\"https:\/\/santossimon.com.br\/dev\/wp-summary\/EXEMPLO%20DO%20MATERIAL%20-%20USUCAPI%C3%83O%20EXTRAJUDICIAL%20PARA%20ADVOGADOS.pdf\" target=\"_blank\"   class=\"aux-button aux-medium aux-dark-gray aux-outline aux-uppercase\" ><span class=\"aux-overlay\"><\/span><span class=\"aux-text\">Acesse aqui<\/span><\/a>\n","protected":false},"excerpt":{"rendered":"<p>DESCRI\u00c7\u00c3O: N\u00f3s, da Editora Santos Simon, durante nossos primeiros tr\u00eas anos de desenvolvimento, produzimos materiais exclusivamente voltados ao suporte na pr\u00e1tica de atos notariais e registrais desempenhados nas Serventias Extrajudiciais, auxiliando os respectivos agentes delegados nos procedimentos pr\u00f3prios de suas fun\u00e7\u00f5es p\u00fablicas, \u00e0 exemplo de manuais de prote\u00e7\u00e3o patrimonial, escritura\u00e7\u00e3o, procura\u00e7\u00f5es, regulariza\u00e7\u00e3o fundi\u00e1ria urbana, retifica\u00e7\u00e3o [&hellip;]<\/p>\n","protected":false},"featured_media":1080,"comment_status":"open","ping_status":"closed","template":"","meta":[],"product_brand":[],"product_cat":[16],"product_tag":[],"class_list":{"0":"post-321","1":"product","2":"type-product","3":"status-publish","4":"has-post-thumbnail","6":"product_cat-cartorios","8":"first","9":"instock","10":"virtual","11":"purchasable","12":"product-type-simple"},"_links":{"self":[{"href":"https:\/\/santossimon.com.br\/dev\/wp-json\/wp\/v2\/product\/321","targetHints":{"allow":["GET"]}}],"collection":[{"href":"https:\/\/santossimon.com.br\/dev\/wp-json\/wp\/v2\/product"}],"about":[{"href":"https:\/\/santossimon.com.br\/dev\/wp-json\/wp\/v2\/types\/product"}],"replies":[{"embeddable":true,"href":"https:\/\/santossimon.com.br\/dev\/wp-json\/wp\/v2\/comments?post=321"}],"wp:featuredmedia":[{"embeddable":true,"href":"https:\/\/santossimon.com.br\/dev\/wp-json\/wp\/v2\/media\/1080"}],"wp:attachment":[{"href":"https:\/\/santossimon.com.br\/dev\/wp-json\/wp\/v2\/media?parent=321"}],"wp:term":[{"taxonomy":"product_brand","embeddable":true,"href":"https:\/\/santossimon.com.br\/dev\/wp-json\/wp\/v2\/product_brand?post=321"},{"taxonomy":"product_cat","embeddable":true,"href":"https:\/\/santossimon.com.br\/dev\/wp-json\/wp\/v2\/product_cat?post=321"},{"taxonomy":"product_tag","embeddable":true,"href":"https:\/\/santossimon.com.br\/dev\/wp-json\/wp\/v2\/product_tag?post=321"}],"curies":[{"name":"wp","href":"https:\/\/api.w.org\/{rel}","templated":true}]}}