{"id":318,"date":"2022-09-22T13:43:36","date_gmt":"2022-09-22T13:43:36","guid":{"rendered":"https:\/\/santossimon.com.br\/dev\/?post_type=product&#038;p=318"},"modified":"2025-06-05T21:17:39","modified_gmt":"2025-06-05T21:17:39","slug":"penhor-legal","status":"publish","type":"product","link":"https:\/\/santossimon.com.br\/dev\/produto\/penhor-legal\/","title":{"rendered":"Penhor Legal"},"content":{"rendered":"<p>Um importante instrumento de garantia real dispon\u00edvel e acess\u00edvel pela via extrajudicial e ainda pouco utilizado pelos advogados e tabeli\u00e3es.<\/p>\n<p>As Serventias Notariais est\u00e3o autorizadas a homologar o penhor legal nos termos do Artigo 703\u00a0Par\u00e1grafo 2\u00ba do C\u00f3digo de Processo Civil. Previs\u00e3o do penhor legal nos artigos 1.467 a 1.472 do\u00a0C\u00f3digo Civil.<\/p>\n<p>&nbsp;<\/p>\n<p>CONCEITO:<\/p>\n<p>O conceito jur\u00eddico do Penhor Legal est\u00e1 contido no caput do artigo 1.431 do C\u00f3digo Civil, dispositivo este que estabelece:<\/p>\n<p>\u201cArt. 1.431. Constitui-se o penhor pela transfer\u00eancia efetiva da posse que, em garantia\u00a0do d\u00e9bito ao credor ou a quem o represente, faz o devedor, ou algu\u00e9m por ele, de uma coisa m\u00f3vel,\u00a0suscet\u00edvel de aliena\u00e7\u00e3o.\u201d<\/p>\n<p>Por ser agora do interesse dos Not\u00e1rios a pr\u00e1tica de mais este ato jur\u00eddico em suas Notas,\u00a0por meio de Escritura p\u00fablica \u00e9 que se desenvolveu o presente material para a pr\u00e1tica di\u00e1ria nos\u00a0tabelionatos. Termos pr\u00e1ticos e sucintos \u00e0 an\u00e1lise deste instituto e a sua aplica\u00e7\u00e3o no dia\u00a0a dia das pessoas, de forma pr\u00e1tica e objetiva a instrumentaliza\u00e7\u00e3o de tal instituto\u00a0na Serventia Notarial.<\/p>\n<p>&nbsp;<\/p>\n<p>MATERIAL ACOMPANHA:<\/p>\n<p>&#8211; Material did\u00e1tico Penhor Legal;<\/p>\n<p>&#8211; Minuta escritura de Penhor Legal convencional;<\/p>\n<p>&#8211; Minuta homologa\u00e7\u00e3o de Penhor Legal;<\/p>\n<p>&#8211; Modelo de notifica\u00e7\u00e3o;<\/p>\n<p>&#8211; Modelo requerimento para homologa\u00e7\u00e3o do Penhor Legal.<\/p>\n<p>&nbsp;<\/p>\n<p><strong>Obtenha a amostra deste produto realizando o download logo abaixo em <span style=\"color: #ca1111\">formato PDF:<\/span><\/strong><\/p>\n<a  href=\"https:\/\/santossimon.com.br\/dev\/wp-summary\/EXEMPLO%20DE%20MATERIAL%20-%20Penhor%20Legal.pdf\" target=\"_blank\"   class=\"aux-button aux-medium aux-dark-gray aux-outline aux-uppercase\" ><span class=\"aux-overlay\"><\/span><span class=\"aux-text\">Acesse aqui<\/span><\/a>\n","protected":false},"excerpt":{"rendered":"<p>Um importante instrumento de garantia real dispon\u00edvel e acess\u00edvel pela via extrajudicial e ainda pouco utilizado pelos advogados e tabeli\u00e3es.<\/p>\n<p>O conceito jur\u00eddico do Penhor Legal est\u00e1 contido no caput do artigo 1.431 do C\u00f3digo Civil, dispositivo este que estabelece:<\/p>\n<p>\u201cArt. 1.431. Constitui-se o penhor pela transfer\u00eancia efetiva da posse que, em garantia\u00a0do d\u00e9bito ao credor ou a quem o represente, faz o devedor, ou algu\u00e9m por ele, de uma coisa m\u00f3vel,\u00a0suscet\u00edvel de aliena\u00e7\u00e3o.\u201d<\/p>\n<p>Por ser agora do interesse dos Not\u00e1rios a pr\u00e1tica de mais este ato jur\u00eddico em suas Notas,\u00a0por meio de Escritura p\u00fablica \u00e9 que se desenvolveu o presente material para a pr\u00e1tica di\u00e1ria nos\u00a0tabelionatos. Termos pr\u00e1ticos e sucintos \u00e0 an\u00e1lise deste instituto e a sua aplica\u00e7\u00e3o no dia\u00a0a dia das pessoas, de forma pr\u00e1tica e objetiva a instrumentaliza\u00e7\u00e3o de tal instituto\u00a0na Serventia Notarial.<\/p>\n","protected":false},"featured_media":1065,"comment_status":"open","ping_status":"closed","template":"","meta":[],"product_brand":[],"product_cat":[18,16],"product_tag":[],"class_list":{"0":"post-318","1":"product","2":"type-product","3":"status-publish","4":"has-post-thumbnail","6":"product_cat-advogados","7":"product_cat-cartorios","9":"first","10":"instock","11":"shipping-taxable","12":"purchasable","13":"product-type-simple"},"_links":{"self":[{"href":"https:\/\/santossimon.com.br\/dev\/wp-json\/wp\/v2\/product\/318","targetHints":{"allow":["GET"]}}],"collection":[{"href":"https:\/\/santossimon.com.br\/dev\/wp-json\/wp\/v2\/product"}],"about":[{"href":"https:\/\/santossimon.com.br\/dev\/wp-json\/wp\/v2\/types\/product"}],"replies":[{"embeddable":true,"href":"https:\/\/santossimon.com.br\/dev\/wp-json\/wp\/v2\/comments?post=318"}],"wp:featuredmedia":[{"embeddable":true,"href":"https:\/\/santossimon.com.br\/dev\/wp-json\/wp\/v2\/media\/1065"}],"wp:attachment":[{"href":"https:\/\/santossimon.com.br\/dev\/wp-json\/wp\/v2\/media?parent=318"}],"wp:term":[{"taxonomy":"product_brand","embeddable":true,"href":"https:\/\/santossimon.com.br\/dev\/wp-json\/wp\/v2\/product_brand?post=318"},{"taxonomy":"product_cat","embeddable":true,"href":"https:\/\/santossimon.com.br\/dev\/wp-json\/wp\/v2\/product_cat?post=318"},{"taxonomy":"product_tag","embeddable":true,"href":"https:\/\/santossimon.com.br\/dev\/wp-json\/wp\/v2\/product_tag?post=318"}],"curies":[{"name":"wp","href":"https:\/\/api.w.org\/{rel}","templated":true}]}}