{"id":312,"date":"2022-09-22T13:35:54","date_gmt":"2022-09-22T13:35:54","guid":{"rendered":"https:\/\/santossimon.com.br\/dev\/?post_type=product&#038;p=312"},"modified":"2025-06-05T21:16:11","modified_gmt":"2025-06-05T21:16:11","slug":"advocacia-extrajudicial","status":"publish","type":"product","link":"https:\/\/santossimon.com.br\/dev\/produto\/advocacia-extrajudicial\/","title":{"rendered":"Advocacia Extrajudicial"},"content":{"rendered":"<p><strong>DESCRI\u00c7\u00c3O:<\/strong><\/p>\n<p>N\u00f3s, da Editora Santos Simon, durante os primeiros tr\u00eas anos de desenvolvimento, produzimos materiais exclusivamente voltados ao suporte da pr\u00e1tica de atos notariais e registrais desempenhados pelos Servi\u00e7os Extrajudiciais, auxiliando diretamente os agentes delegados nos procedimentos pr\u00f3prios de suas fun\u00e7\u00f5es p\u00fablicas, \u00e0 exemplo de manuais de prote\u00e7\u00e3o patrimonial, escritura\u00e7\u00e3o, procura\u00e7\u00f5es, regulariza\u00e7\u00e3o fundi\u00e1ria urbana, retifica\u00e7\u00e3o administrativa e usucapi\u00e3o extrajudicial.<\/p>\n<p>Agora, diante da insufici\u00eancia de recursos did\u00e1ticos sobre a mat\u00e9ria, o prop\u00f3sito da Editora Santos Simon \u00e9 auxiliar \u00e0queles advogados que pretendam se aprofundar na pr\u00e1tica extrajudicial e o momento \u00e9 mais que oportuno, uma vez que \u00e9 crescente o movimento da desjudicializa\u00e7\u00e3o de demandas, decorrente da sobrecarga do Poder Judici\u00e1rio.<\/p>\n<p>Ent\u00e3o elaboramos materiais de usucapi\u00e3o, div\u00f3rcio e invent\u00e1rio extrajudiciais exclusivamente voltados para advogados, de maneira a auxiliar o profissional no racioc\u00ednio l\u00f3gico-jur\u00eddico, a fim de que consiga atender os interesses de seus clientes com mais celeridade.<\/p>\n<p>O material cont\u00e9m modelos de requerimentos e peti\u00e7\u00f5es, escrituras, ata notarial, aponta documenta\u00e7\u00e3o necess\u00e1ria para cada procedimento extrajudicial, os profissionais envolvidos, legisla\u00e7\u00e3o pertinente, impostos incidentes, cess\u00e3o de direitos heredit\u00e1rios, enfim, a base que um advogado precisa ter para atuar diretamente nas Serventias Extrajudiciais.<\/p>\n<p>O material foi elaborado pela Doutora Maria Cristina Simon, formada em Direito pela Universidade Tuiuti do Paran\u00e1 e p\u00f3s-graduada em Direito Notarial e Registral pela Universidade de Maring\u00e1, advogada h\u00e1 12 anos, mas que, antes da advocacia, atuou na pr\u00e1tica direta dos Servi\u00e7os de Registro de Im\u00f3veis por mais de 25 anos.<\/p>\n<p>&nbsp;<\/p>\n<p><strong>Obtenha a amostra deste produto realizando o download logo abaixo em <span style=\"color: #ca1111\">formato PDF:<\/span><\/strong><\/p>\n<a  href=\"https:\/\/santossimon.com.br\/dev\/wp-summary\/EXEMPLO-DE-MATERIAL-Advocacia-Extrajudicial.pdf\" target=\"_blank\"   class=\"aux-button aux-medium aux-dark-gray aux-outline aux-uppercase\" ><span class=\"aux-overlay\"><\/span><span class=\"aux-text\">Acesse aqui<\/span><\/a>\n","protected":false},"excerpt":{"rendered":"<p>N\u00f3s, da Editora Santos Simon, durante os primeiros tr\u00eas anos de desenvolvimento, produzimos materiais exclusivamente voltados ao suporte da pr\u00e1tica de atos notariais e registrais desempenhados pelos Servi\u00e7os Extrajudiciais, auxiliando diretamente os agentes delegados nos procedimentos pr\u00f3prios de suas fun\u00e7\u00f5es p\u00fablicas, \u00e0 exemplo de manuais de prote\u00e7\u00e3o patrimonial, escritura\u00e7\u00e3o, procura\u00e7\u00f5es, regulariza\u00e7\u00e3o fundi\u00e1ria urbana, retifica\u00e7\u00e3o administrativa e usucapi\u00e3o extrajudicial.<\/p>\n<p>Agora, diante da insufici\u00eancia de recursos did\u00e1ticos sobre a mat\u00e9ria, o prop\u00f3sito da Editora Santos Simon \u00e9 auxiliar \u00e0queles advogados que pretendam se aprofundar na pr\u00e1tica extrajudicial e o momento \u00e9 mais que oportuno, uma vez que \u00e9 crescente o movimento da desjudicializa\u00e7\u00e3o de demandas, decorrente da sobrecarga do Poder Judici\u00e1rio.<\/p>\n","protected":false},"featured_media":931,"comment_status":"open","ping_status":"closed","template":"","meta":[],"product_brand":[],"product_cat":[18],"product_tag":[],"class_list":{"0":"post-312","1":"product","2":"type-product","3":"status-publish","4":"has-post-thumbnail","6":"product_cat-advogados","8":"first","9":"instock","10":"shipping-taxable","11":"purchasable","12":"product-type-simple"},"_links":{"self":[{"href":"https:\/\/santossimon.com.br\/dev\/wp-json\/wp\/v2\/product\/312","targetHints":{"allow":["GET"]}}],"collection":[{"href":"https:\/\/santossimon.com.br\/dev\/wp-json\/wp\/v2\/product"}],"about":[{"href":"https:\/\/santossimon.com.br\/dev\/wp-json\/wp\/v2\/types\/product"}],"replies":[{"embeddable":true,"href":"https:\/\/santossimon.com.br\/dev\/wp-json\/wp\/v2\/comments?post=312"}],"wp:featuredmedia":[{"embeddable":true,"href":"https:\/\/santossimon.com.br\/dev\/wp-json\/wp\/v2\/media\/931"}],"wp:attachment":[{"href":"https:\/\/santossimon.com.br\/dev\/wp-json\/wp\/v2\/media?parent=312"}],"wp:term":[{"taxonomy":"product_brand","embeddable":true,"href":"https:\/\/santossimon.com.br\/dev\/wp-json\/wp\/v2\/product_brand?post=312"},{"taxonomy":"product_cat","embeddable":true,"href":"https:\/\/santossimon.com.br\/dev\/wp-json\/wp\/v2\/product_cat?post=312"},{"taxonomy":"product_tag","embeddable":true,"href":"https:\/\/santossimon.com.br\/dev\/wp-json\/wp\/v2\/product_tag?post=312"}],"curies":[{"name":"wp","href":"https:\/\/api.w.org\/{rel}","templated":true}]}}