{"id":310,"date":"2022-09-22T13:30:20","date_gmt":"2022-09-22T13:30:20","guid":{"rendered":"https:\/\/santossimon.com.br\/dev\/?post_type=product&#038;p=310"},"modified":"2025-06-05T20:59:22","modified_gmt":"2025-06-05T20:59:22","slug":"adjudicacao-compulsoria-extrajudicial-2","status":"publish","type":"product","link":"https:\/\/santossimon.com.br\/dev\/produto\/adjudicacao-compulsoria-extrajudicial-2\/","title":{"rendered":"Adjudica\u00e7\u00e3o Compuls\u00f3ria Extrajudicial &#8211; Provimento 150\/23 cnj"},"content":{"rendered":"<p><strong>DESCRI\u00c7\u00c3O:<\/strong><\/p>\n<p><strong><u>Adjudica\u00e7\u00e3o Compuls\u00f3ria Extrajudicial de quaisquer atos ou neg\u00f3cios jur\u00eddicos que impliquem em:<\/u><\/strong><\/p>\n<p><strong>\u00a0&#8211;<\/strong> Promessa de compra e venda;<br \/>\n<strong>\u00a0&#8211;<\/strong> Promessa de permuta;<br \/>\n<strong>\u00a0&#8211;<\/strong> Bem como as cess\u00f5es e promessas de cess\u00e3o;<\/p>\n<p>A Editora Santos Simon est\u00e1 oferecendo novo material de Adjudica\u00e7\u00e3o Compuls\u00f3ria Extrajudicial \u00e0 luz do provimento 150\/cnj.<\/p>\n<p><strong>O material conta com:<\/strong><\/p>\n<p><strong>\u00a0&#8211;<\/strong> Passo a passo de todo o processo administrativo da adjudica\u00e7\u00e3o;<br \/>\n<strong>\u00a0&#8211;<\/strong> Onde come\u00e7a o procedimento da Adjudica\u00e7\u00e3o;<br \/>\n<strong>\u00a0&#8211;<\/strong> Orienta\u00e7\u00f5es para os procedimentos;<br \/>\n<strong>\u00a0&#8211;<\/strong> Orienta\u00e7\u00f5es para an\u00e1lise dos documentos necess\u00e1rios ao procedimento;<br \/>\n<strong>\u00a0&#8211;<\/strong> Novos modelos de atos notariais e registrais exigidos para o procedimento;<br \/>\n<strong>\u00a0&#8211;<\/strong> Novos modelos para atos advocat\u00edcios exigidos para o procedimento;<br \/>\n<strong>\u00a0&#8211;<\/strong> Cap\u00edtulo especial sobre as notifica\u00e7\u00f5es;<br \/>\n<strong>\u00a0&#8211;<\/strong> Cap\u00edtulo especial sobre atas notariais;<br \/>\n<strong>\u00a0&#8211;<\/strong> Cap\u00edtulo especial sobre a Adjudica\u00e7\u00e3o da promessa de permuta.<\/p>\n<p>&nbsp;<\/p>\n<p><strong>Obtenha a amostra deste produto realizando o download logo abaixo em <span style=\"color: #ca1111;\">formato PDF:<\/span><\/strong><\/p>\n<a  href=\"https:\/\/santossimon.com.br\/dev\/wp-summary\/EXEMPLO-DE-MATERIAL-Adjudicacao-Compulsoria-Extrajudicial.pdf\" target=\"_blank\"   class=\"aux-button aux-medium aux-dark-gray aux-outline aux-uppercase\" ><span class=\"aux-overlay\"><\/span><span class=\"aux-text\">Acesse aqui<\/span><\/a>\n","protected":false},"excerpt":{"rendered":"<p>Considerando e entendendo que o labor advocat\u00edcio n\u00e3o deixa tempo sobrando aos Doutores para atender a todas as demandas. Considerando que o procedimento Administrativo, ainda que simplificado, demanda trabalho t\u00e9cnico jur\u00eddico dos Doutores, mas muito trabalho administrativo que podem ser realizados por seus Estagi\u00e1rios, assistentes, secret\u00e1rios, desde que bem orientados.<\/p>\n<p>Considerando que o esp\u00edrito da lei que \u00e9 o da desburocratiza\u00e7\u00e3o, sintetiza\u00e7\u00e3o, celeridade e facilidade, notadamente nos procedimentos administrativos.<\/p>\n<p>SENDO ASSIM, A SANTOS SIMON elaborou um material did\u00e1tico, pr\u00e1tico e t\u00e9cnico para auxiliar a todos em seus escrit\u00f3rios. De tal modo que com a leitura atenta dos requisitos, os modelos de documentos, o passo a passo de todos os procedimentos, os Doutores poder\u00e3o tocar diversos procedimentos de ADJUDICA\u00c7\u00c3O EXTRAJUDICIAL ao mesmo tempo apenas com o acompanhamento um integrante de sua equipe, ainda que n\u00e3o tenha forma\u00e7\u00e3o em direito, deixando o tempo dos Doutores para as quest\u00f5es t\u00e9cnicas jur\u00eddicas de maior complexidade.<\/p>\n","protected":false},"featured_media":928,"comment_status":"open","ping_status":"closed","template":"","meta":[],"product_brand":[],"product_cat":[16,18],"product_tag":[],"class_list":{"0":"post-310","1":"product","2":"type-product","3":"status-publish","4":"has-post-thumbnail","6":"product_cat-cartorios","7":"product_cat-advogados","9":"first","10":"instock","11":"virtual","12":"purchasable","13":"product-type-simple"},"_links":{"self":[{"href":"https:\/\/santossimon.com.br\/dev\/wp-json\/wp\/v2\/product\/310","targetHints":{"allow":["GET"]}}],"collection":[{"href":"https:\/\/santossimon.com.br\/dev\/wp-json\/wp\/v2\/product"}],"about":[{"href":"https:\/\/santossimon.com.br\/dev\/wp-json\/wp\/v2\/types\/product"}],"replies":[{"embeddable":true,"href":"https:\/\/santossimon.com.br\/dev\/wp-json\/wp\/v2\/comments?post=310"}],"wp:featuredmedia":[{"embeddable":true,"href":"https:\/\/santossimon.com.br\/dev\/wp-json\/wp\/v2\/media\/928"}],"wp:attachment":[{"href":"https:\/\/santossimon.com.br\/dev\/wp-json\/wp\/v2\/media?parent=310"}],"wp:term":[{"taxonomy":"product_brand","embeddable":true,"href":"https:\/\/santossimon.com.br\/dev\/wp-json\/wp\/v2\/product_brand?post=310"},{"taxonomy":"product_cat","embeddable":true,"href":"https:\/\/santossimon.com.br\/dev\/wp-json\/wp\/v2\/product_cat?post=310"},{"taxonomy":"product_tag","embeddable":true,"href":"https:\/\/santossimon.com.br\/dev\/wp-json\/wp\/v2\/product_tag?post=310"}],"curies":[{"name":"wp","href":"https:\/\/api.w.org\/{rel}","templated":true}]}}