{"id":1829,"date":"2024-08-19T20:46:52","date_gmt":"2024-08-19T20:46:52","guid":{"rendered":"https:\/\/santossimon.com.br\/dev\/?post_type=product&#038;p=1829"},"modified":"2025-06-05T21:12:03","modified_gmt":"2025-06-05T21:12:03","slug":"provimento-25-2023-tj-mt-inventario-e-divorcio","status":"publish","type":"product","link":"https:\/\/santossimon.com.br\/dev\/produto\/provimento-25-2023-tj-mt-inventario-e-divorcio\/","title":{"rendered":"Provimento 25\/2023 &#8211; TJ-MT &#8211; Invent\u00e1rio e Div\u00f3rcio"},"content":{"rendered":"<p><strong>DESCRI\u00c7\u00c3O:<\/strong><\/p>\n<div class=\"dce-visibility-event elementor-element elementor-element-05f661d e-con-full e-flex e-con dce-visibility-event-initialized\" data-id=\"05f661d\" data-element_type=\"container\" data-settings=\"{&quot;content_width&quot;:&quot;full&quot;,&quot;enabled_visibility&quot;:&quot;yes&quot;,&quot;dce_visibility_selected&quot;:&quot;yes&quot;}\">\n<div class=\"dce-visibility-event elementor-element elementor-element-81df542 elementor-position-left elementor-widget__width-initial elementor-vertical-align-top elementor-widget elementor-widget-image-box dce-visibility-event-initialized\" data-id=\"81df542\" data-element_type=\"widget\" data-settings=\"{&quot;enabled_visibility&quot;:&quot;yes&quot;,&quot;dce_visibility_selected&quot;:&quot;yes&quot;}\" data-widget_type=\"image-box.default\">\n<div class=\"elementor-widget-container\">\n<div class=\"elementor-image-box-wrapper\">\n<div class=\"elementor-image-box-content\">\n<div class=\"dce-visibility-event elementor-element elementor-element-2e0d095 e-con-full e-flex e-con dce-visibility-event-initialized\" data-id=\"2e0d095\" data-element_type=\"container\" data-settings=\"{&quot;content_width&quot;:&quot;full&quot;,&quot;enabled_visibility&quot;:&quot;yes&quot;,&quot;dce_visibility_selected&quot;:&quot;yes&quot;}\">\n<div class=\"dce-visibility-event elementor-element elementor-element-92454f5 elementor-position-left elementor-widget__width-initial elementor-vertical-align-top elementor-widget elementor-widget-image-box dce-visibility-event-initialized\" data-id=\"92454f5\" data-element_type=\"widget\" data-settings=\"{&quot;enabled_visibility&quot;:&quot;yes&quot;,&quot;dce_visibility_selected&quot;:&quot;yes&quot;}\" data-widget_type=\"image-box.default\">\n<div class=\"elementor-widget-container\">\n<div class=\"elementor-image-box-wrapper\">\n<div class=\"elementor-image-box-content\">\n<div class=\"dce-visibility-event elementor-element elementor-element-ee35ca4 e-con-full e-flex e-con dce-visibility-event-initialized\" data-id=\"ee35ca4\" data-element_type=\"container\" data-settings=\"{&quot;content_width&quot;:&quot;full&quot;,&quot;enabled_visibility&quot;:&quot;yes&quot;,&quot;dce_visibility_selected&quot;:&quot;yes&quot;}\">\n<div class=\"dce-visibility-event elementor-element elementor-element-072ba4f elementor-position-left elementor-widget__width-initial elementor-vertical-align-top elementor-widget elementor-widget-image-box dce-visibility-event-initialized\" data-id=\"072ba4f\" data-element_type=\"widget\" data-settings=\"{&quot;enabled_visibility&quot;:&quot;yes&quot;,&quot;dce_visibility_selected&quot;:&quot;yes&quot;}\" data-widget_type=\"image-box.default\">\n<div class=\"elementor-widget-container\">\n<div class=\"elementor-image-box-wrapper\">\n<div class=\"elementor-image-box-content\">\n<div class=\"dce-visibility-event elementor-element elementor-element-f6447f6 e-con-full e-flex e-con dce-visibility-event-initialized\" data-id=\"f6447f6\" data-element_type=\"container\" data-settings=\"{&quot;content_width&quot;:&quot;full&quot;,&quot;enabled_visibility&quot;:&quot;yes&quot;,&quot;dce_visibility_selected&quot;:&quot;yes&quot;}\">\n<div class=\"dce-visibility-event elementor-element elementor-element-7f2b576 elementor-position-left elementor-widget__width-initial elementor-vertical-align-top elementor-widget elementor-widget-image-box dce-visibility-event-initialized\" data-id=\"7f2b576\" data-element_type=\"widget\" data-settings=\"{&quot;enabled_visibility&quot;:&quot;yes&quot;,&quot;dce_visibility_selected&quot;:&quot;yes&quot;}\" data-widget_type=\"image-box.default\">\n<div class=\"elementor-widget-container\">\n<div class=\"elementor-image-box-wrapper\">\n<div class=\"elementor-image-box-content\">\n<div class=\"dce-visibility-event elementor-element elementor-element-2c88b49 e-con-full e-flex e-con dce-visibility-event-initialized\" data-id=\"2c88b49\" data-element_type=\"container\" data-settings=\"{&quot;content_width&quot;:&quot;full&quot;,&quot;enabled_visibility&quot;:&quot;yes&quot;,&quot;dce_visibility_selected&quot;:&quot;yes&quot;}\">\n<div class=\"dce-visibility-event elementor-element elementor-element-b4ce5be elementor-position-left elementor-widget__width-initial elementor-vertical-align-top elementor-widget elementor-widget-image-box dce-visibility-event-initialized\" data-id=\"b4ce5be\" data-element_type=\"widget\" data-settings=\"{&quot;enabled_visibility&quot;:&quot;yes&quot;,&quot;dce_visibility_selected&quot;:&quot;yes&quot;}\" data-widget_type=\"image-box.default\">\n<div class=\"elementor-widget-container\">\n<div class=\"elementor-image-box-wrapper\">\n<div class=\"elementor-image-box-content\">\n<div class=\"dce-visibility-event elementor-element elementor-element-f76590c e-con-full e-flex e-con dce-visibility-event-initialized\" data-id=\"f76590c\" data-element_type=\"container\" data-settings=\"{&quot;content_width&quot;:&quot;full&quot;,&quot;enabled_visibility&quot;:&quot;yes&quot;,&quot;dce_visibility_selected&quot;:&quot;yes&quot;}\">\n<div class=\"dce-visibility-event elementor-element elementor-element-ab3c27f elementor-position-left elementor-widget__width-initial elementor-vertical-align-top elementor-widget elementor-widget-image-box dce-visibility-event-initialized\" data-id=\"ab3c27f\" data-element_type=\"widget\" data-settings=\"{&quot;enabled_visibility&quot;:&quot;yes&quot;,&quot;dce_visibility_selected&quot;:&quot;yes&quot;}\" data-widget_type=\"image-box.default\">\n<div class=\"elementor-widget-container\">\n<div class=\"elementor-image-box-wrapper\">\n<div class=\"elementor-image-box-content\">\n<p class=\"elementor-image-box-description\">O Provimento n\u00ba 25\/2023 do Tribunal de Justi\u00e7a de Mato Grosso (TJ-MT) trouxe mudan\u00e7as importantes no C\u00f3digo de Normas do Foro Extrajudicial, especialmente em rela\u00e7\u00e3o a procedimentos de invent\u00e1rio, partilha e div\u00f3rcio. Uma das altera\u00e7\u00f5es significativas \u00e9 a possibilidade de realiza\u00e7\u00e3o de escrituras p\u00fablicas de separa\u00e7\u00e3o, div\u00f3rcio, invent\u00e1rio e partilha diretamente em cart\u00f3rios, sem a necessidade de homologa\u00e7\u00e3o judicial, exceto nos casos em que haja partes menores ou incapazes. Al\u00e9m disso, o provimento facilita o registro de div\u00f3rcios e dissolu\u00e7\u00f5es de uni\u00e3o est\u00e1vel em cart\u00f3rio mesmo quando h\u00e1 filhos menores, mediante an\u00e1lise pr\u00e9via.<\/p>\n<\/div>\n<\/div>\n<\/div>\n<\/div>\n<\/div>\n<\/div>\n<\/div>\n<\/div>\n<\/div>\n<\/div>\n<\/div>\n<\/div>\n<\/div>\n<\/div>\n<\/div>\n<\/div>\n<\/div>\n<\/div>\n<\/div>\n<\/div>\n<\/div>\n<\/div>\n<\/div>\n<\/div>\n<\/div>\n<\/div>\n<\/div>\n<\/div>\n<\/div>\n<\/div>\n<p><strong>Obtenha a amostra deste produto realizando o download logo abaixo em <span style=\"color: #ca1111;\">formato PDF:<\/span><\/strong><\/p>\n<a  href=\"http:\/\/LINK_AQUI\" target=\"_blank\"   class=\"aux-button aux-medium aux-dark-gray aux-outline aux-uppercase\" ><span class=\"aux-overlay\"><\/span><span class=\"aux-text\">Acesse aqui<\/span><\/a>\n","protected":false},"excerpt":{"rendered":"<p>DESCRI\u00c7\u00c3O: O Provimento n\u00ba 25\/2023 do Tribunal de Justi\u00e7a de Mato Grosso (TJ-MT) trouxe mudan\u00e7as importantes no C\u00f3digo de Normas do Foro Extrajudicial, especialmente em rela\u00e7\u00e3o a procedimentos de invent\u00e1rio, partilha e div\u00f3rcio. Uma das altera\u00e7\u00f5es significativas \u00e9 a possibilidade de realiza\u00e7\u00e3o de escrituras p\u00fablicas de separa\u00e7\u00e3o, div\u00f3rcio, invent\u00e1rio e partilha diretamente em cart\u00f3rios, sem [&hellip;]<\/p>\n","protected":false},"featured_media":1830,"comment_status":"open","ping_status":"closed","template":"","meta":[],"product_brand":[],"product_cat":[16],"product_tag":[],"class_list":{"0":"post-1829","1":"product","2":"type-product","3":"status-publish","4":"has-post-thumbnail","6":"product_cat-cartorios","8":"first","9":"instock","10":"virtual","11":"purchasable","12":"product-type-simple"},"_links":{"self":[{"href":"https:\/\/santossimon.com.br\/dev\/wp-json\/wp\/v2\/product\/1829","targetHints":{"allow":["GET"]}}],"collection":[{"href":"https:\/\/santossimon.com.br\/dev\/wp-json\/wp\/v2\/product"}],"about":[{"href":"https:\/\/santossimon.com.br\/dev\/wp-json\/wp\/v2\/types\/product"}],"replies":[{"embeddable":true,"href":"https:\/\/santossimon.com.br\/dev\/wp-json\/wp\/v2\/comments?post=1829"}],"wp:featuredmedia":[{"embeddable":true,"href":"https:\/\/santossimon.com.br\/dev\/wp-json\/wp\/v2\/media\/1830"}],"wp:attachment":[{"href":"https:\/\/santossimon.com.br\/dev\/wp-json\/wp\/v2\/media?parent=1829"}],"wp:term":[{"taxonomy":"product_brand","embeddable":true,"href":"https:\/\/santossimon.com.br\/dev\/wp-json\/wp\/v2\/product_brand?post=1829"},{"taxonomy":"product_cat","embeddable":true,"href":"https:\/\/santossimon.com.br\/dev\/wp-json\/wp\/v2\/product_cat?post=1829"},{"taxonomy":"product_tag","embeddable":true,"href":"https:\/\/santossimon.com.br\/dev\/wp-json\/wp\/v2\/product_tag?post=1829"}],"curies":[{"name":"wp","href":"https:\/\/api.w.org\/{rel}","templated":true}]}}