{"id":1824,"date":"2024-08-19T20:40:19","date_gmt":"2024-08-19T20:40:19","guid":{"rendered":"https:\/\/santossimon.com.br\/dev\/?post_type=product&#038;p=1824"},"modified":"2025-06-05T21:11:45","modified_gmt":"2025-06-05T21:11:45","slug":"provimento-15-2023-tj-ba-inventario-acelerado","status":"publish","type":"product","link":"https:\/\/santossimon.com.br\/dev\/produto\/provimento-15-2023-tj-ba-inventario-acelerado\/","title":{"rendered":"Provimento 15\/2023 TJ-BA &#8211; Invent\u00e1rio Acelerado"},"content":{"rendered":"<p><strong>DESCRI\u00c7\u00c3O:<\/strong><\/p>\n<div class=\"dce-visibility-event elementor-element elementor-element-05f661d e-con-full e-flex e-con dce-visibility-event-initialized\" data-id=\"05f661d\" data-element_type=\"container\" data-settings=\"{&quot;content_width&quot;:&quot;full&quot;,&quot;enabled_visibility&quot;:&quot;yes&quot;,&quot;dce_visibility_selected&quot;:&quot;yes&quot;}\">\n<div class=\"dce-visibility-event elementor-element elementor-element-81df542 elementor-position-left elementor-widget__width-initial elementor-vertical-align-top elementor-widget elementor-widget-image-box dce-visibility-event-initialized\" data-id=\"81df542\" data-element_type=\"widget\" data-settings=\"{&quot;enabled_visibility&quot;:&quot;yes&quot;,&quot;dce_visibility_selected&quot;:&quot;yes&quot;}\" data-widget_type=\"image-box.default\">\n<div class=\"elementor-widget-container\">\n<div class=\"elementor-image-box-wrapper\">\n<div class=\"elementor-image-box-content\">\n<div class=\"dce-visibility-event elementor-element elementor-element-2e0d095 e-con-full e-flex e-con dce-visibility-event-initialized\" data-id=\"2e0d095\" data-element_type=\"container\" data-settings=\"{&quot;content_width&quot;:&quot;full&quot;,&quot;enabled_visibility&quot;:&quot;yes&quot;,&quot;dce_visibility_selected&quot;:&quot;yes&quot;}\">\n<div class=\"dce-visibility-event elementor-element elementor-element-92454f5 elementor-position-left elementor-widget__width-initial elementor-vertical-align-top elementor-widget elementor-widget-image-box dce-visibility-event-initialized\" data-id=\"92454f5\" data-element_type=\"widget\" data-settings=\"{&quot;enabled_visibility&quot;:&quot;yes&quot;,&quot;dce_visibility_selected&quot;:&quot;yes&quot;}\" data-widget_type=\"image-box.default\">\n<div class=\"elementor-widget-container\">\n<div class=\"elementor-image-box-wrapper\">\n<div class=\"elementor-image-box-content\">\n<div class=\"dce-visibility-event elementor-element elementor-element-ee35ca4 e-con-full e-flex e-con dce-visibility-event-initialized\" data-id=\"ee35ca4\" data-element_type=\"container\" data-settings=\"{&quot;content_width&quot;:&quot;full&quot;,&quot;enabled_visibility&quot;:&quot;yes&quot;,&quot;dce_visibility_selected&quot;:&quot;yes&quot;}\">\n<div class=\"dce-visibility-event elementor-element elementor-element-072ba4f elementor-position-left elementor-widget__width-initial elementor-vertical-align-top elementor-widget elementor-widget-image-box dce-visibility-event-initialized\" data-id=\"072ba4f\" data-element_type=\"widget\" data-settings=\"{&quot;enabled_visibility&quot;:&quot;yes&quot;,&quot;dce_visibility_selected&quot;:&quot;yes&quot;}\" data-widget_type=\"image-box.default\">\n<div class=\"elementor-widget-container\">\n<div class=\"elementor-image-box-wrapper\">\n<div class=\"elementor-image-box-content\">\n<div class=\"dce-visibility-event elementor-element elementor-element-f6447f6 e-con-full e-flex e-con dce-visibility-event-initialized\" data-id=\"f6447f6\" data-element_type=\"container\" data-settings=\"{&quot;content_width&quot;:&quot;full&quot;,&quot;enabled_visibility&quot;:&quot;yes&quot;,&quot;dce_visibility_selected&quot;:&quot;yes&quot;}\">\n<div class=\"dce-visibility-event elementor-element elementor-element-7f2b576 elementor-position-left elementor-widget__width-initial elementor-vertical-align-top elementor-widget elementor-widget-image-box dce-visibility-event-initialized\" data-id=\"7f2b576\" data-element_type=\"widget\" data-settings=\"{&quot;enabled_visibility&quot;:&quot;yes&quot;,&quot;dce_visibility_selected&quot;:&quot;yes&quot;}\" data-widget_type=\"image-box.default\">\n<div class=\"elementor-widget-container\">\n<div class=\"elementor-image-box-wrapper\">\n<div class=\"elementor-image-box-content\">\n<p class=\"elementor-image-box-description\">SANTOS SIMON apresenta o Provimento 15\/2023, que introduz mudan\u00e7as significativas no Estado da Bahia, autorizando atos como escritura de invent\u00e1rio e partilha com herdeiros menores, div\u00f3rcio e partilha com filhos menores, nomea\u00e7\u00e3o de inventariante com poderes para alienar bens do esp\u00f3lio para pagamento de d\u00edvidas, escrituras de compra e venda do esp\u00f3lio pelo inventariante, e invent\u00e1rio com cola\u00e7\u00e3o do bem vendido. O provimento tamb\u00e9m permite alvar\u00e1 extrajudicial, atas notariais para autoriza\u00e7\u00e3o de saques, sobrepartilha com herdeiros menores, convers\u00e3o de separa\u00e7\u00e3o em div\u00f3rcio com filhos menores, e restabelecimento de casamento com filhos menores.<\/p>\n<\/div>\n<\/div>\n<\/div>\n<\/div>\n<\/div>\n<\/div>\n<\/div>\n<\/div>\n<\/div>\n<\/div>\n<\/div>\n<\/div>\n<\/div>\n<\/div>\n<\/div>\n<\/div>\n<\/div>\n<\/div>\n<\/div>\n<\/div>\n<p><strong>Obtenha a amostra deste produto realizando o download logo abaixo em <span style=\"color: #ca1111;\">formato PDF:<\/span><\/strong><\/p>\n<a  href=\"http:\/\/LINK_AQUI\" target=\"_blank\"   class=\"aux-button aux-medium aux-dark-gray aux-outline aux-uppercase\" ><span class=\"aux-overlay\"><\/span><span class=\"aux-text\">Acesse aqui<\/span><\/a>\n","protected":false},"excerpt":{"rendered":"<p>DESCRI\u00c7\u00c3O: SANTOS SIMON apresenta o Provimento 15\/2023, que introduz mudan\u00e7as significativas no Estado da Bahia, autorizando atos como escritura de invent\u00e1rio e partilha com herdeiros menores, div\u00f3rcio e partilha com filhos menores, nomea\u00e7\u00e3o de inventariante com poderes para alienar bens do esp\u00f3lio para pagamento de d\u00edvidas, escrituras de compra e venda do esp\u00f3lio pelo inventariante, [&hellip;]<\/p>\n","protected":false},"featured_media":1825,"comment_status":"open","ping_status":"closed","template":"","meta":[],"product_brand":[],"product_cat":[16],"product_tag":[],"class_list":{"0":"post-1824","1":"product","2":"type-product","3":"status-publish","4":"has-post-thumbnail","6":"product_cat-cartorios","8":"first","9":"instock","10":"virtual","11":"purchasable","12":"product-type-simple"},"_links":{"self":[{"href":"https:\/\/santossimon.com.br\/dev\/wp-json\/wp\/v2\/product\/1824","targetHints":{"allow":["GET"]}}],"collection":[{"href":"https:\/\/santossimon.com.br\/dev\/wp-json\/wp\/v2\/product"}],"about":[{"href":"https:\/\/santossimon.com.br\/dev\/wp-json\/wp\/v2\/types\/product"}],"replies":[{"embeddable":true,"href":"https:\/\/santossimon.com.br\/dev\/wp-json\/wp\/v2\/comments?post=1824"}],"wp:featuredmedia":[{"embeddable":true,"href":"https:\/\/santossimon.com.br\/dev\/wp-json\/wp\/v2\/media\/1825"}],"wp:attachment":[{"href":"https:\/\/santossimon.com.br\/dev\/wp-json\/wp\/v2\/media?parent=1824"}],"wp:term":[{"taxonomy":"product_brand","embeddable":true,"href":"https:\/\/santossimon.com.br\/dev\/wp-json\/wp\/v2\/product_brand?post=1824"},{"taxonomy":"product_cat","embeddable":true,"href":"https:\/\/santossimon.com.br\/dev\/wp-json\/wp\/v2\/product_cat?post=1824"},{"taxonomy":"product_tag","embeddable":true,"href":"https:\/\/santossimon.com.br\/dev\/wp-json\/wp\/v2\/product_tag?post=1824"}],"curies":[{"name":"wp","href":"https:\/\/api.w.org\/{rel}","templated":true}]}}