{"id":1820,"date":"2024-08-19T20:34:20","date_gmt":"2024-08-19T20:34:20","guid":{"rendered":"https:\/\/santossimon.com.br\/dev\/?post_type=product&#038;p=1820"},"modified":"2025-06-05T21:09:18","modified_gmt":"2025-06-05T21:09:18","slug":"minutas-ineditas","status":"publish","type":"product","link":"https:\/\/santossimon.com.br\/dev\/produto\/minutas-ineditas\/","title":{"rendered":"Minutas In\u00e9ditas"},"content":{"rendered":"<p><strong>DESCRI\u00c7\u00c3O:<\/strong><\/p>\n<div class=\"dce-visibility-event elementor-element elementor-element-05f661d e-con-full e-flex e-con dce-visibility-event-initialized\" data-id=\"05f661d\" data-element_type=\"container\" data-settings=\"{&quot;content_width&quot;:&quot;full&quot;,&quot;enabled_visibility&quot;:&quot;yes&quot;,&quot;dce_visibility_selected&quot;:&quot;yes&quot;}\">\n<div class=\"dce-visibility-event elementor-element elementor-element-81df542 elementor-position-left elementor-widget__width-initial elementor-vertical-align-top elementor-widget elementor-widget-image-box dce-visibility-event-initialized\" data-id=\"81df542\" data-element_type=\"widget\" data-settings=\"{&quot;enabled_visibility&quot;:&quot;yes&quot;,&quot;dce_visibility_selected&quot;:&quot;yes&quot;}\" data-widget_type=\"image-box.default\">\n<div class=\"elementor-widget-container\">\n<div class=\"elementor-image-box-wrapper\">\n<div class=\"elementor-image-box-content\">\n<div class=\"dce-visibility-event elementor-element elementor-element-2e0d095 e-con-full e-flex e-con dce-visibility-event-initialized\" data-id=\"2e0d095\" data-element_type=\"container\" data-settings=\"{&quot;content_width&quot;:&quot;full&quot;,&quot;enabled_visibility&quot;:&quot;yes&quot;,&quot;dce_visibility_selected&quot;:&quot;yes&quot;}\">\n<div class=\"dce-visibility-event elementor-element elementor-element-92454f5 elementor-position-left elementor-widget__width-initial elementor-vertical-align-top elementor-widget elementor-widget-image-box dce-visibility-event-initialized\" data-id=\"92454f5\" data-element_type=\"widget\" data-settings=\"{&quot;enabled_visibility&quot;:&quot;yes&quot;,&quot;dce_visibility_selected&quot;:&quot;yes&quot;}\" data-widget_type=\"image-box.default\">\n<div class=\"elementor-widget-container\">\n<div class=\"elementor-image-box-wrapper\">\n<div class=\"elementor-image-box-content\">\n<p class=\"elementor-image-box-description\">Conjunto exclusivo de documentos jur\u00eddicos cuidadosamente elaborados para atender \u00e0s mais diversas necessidades legais. Entre os materiais, destacam-se minutas detalhadas sobre Uni\u00e3o Est\u00e1vel, Testamento, Reconhecimento de Paternidade, Permuta, Invent\u00e1rio e Cess\u00e3o de Direitos, entre outros. Cada documento foi criado visando proporcionar seguran\u00e7a jur\u00eddica e praticidade para advogados, tabeli\u00e3es e demais profissionais do direito. Com as Minutas In\u00e9ditas da Santos &amp; Simon, voc\u00ea tem acesso a solu\u00e7\u00f5es completas para as demandas do cotidiano jur\u00eddico.<\/p>\n<\/div>\n<\/div>\n<\/div>\n<\/div>\n<\/div>\n<\/div>\n<\/div>\n<\/div>\n<\/div>\n<\/div>\n<p><strong>Obtenha a amostra deste produto realizando o download logo abaixo em <span style=\"color: #ca1111;\">formato PDF:<\/span><\/strong><\/p>\n<a  href=\"http:\/\/LINK_AQUI\" target=\"_blank\"   class=\"aux-button aux-medium aux-dark-gray aux-outline aux-uppercase\" ><span class=\"aux-overlay\"><\/span><span class=\"aux-text\">Acesse aqui<\/span><\/a>\n","protected":false},"excerpt":{"rendered":"<p>DESCRI\u00c7\u00c3O: Conjunto exclusivo de documentos jur\u00eddicos cuidadosamente elaborados para atender \u00e0s mais diversas necessidades legais. Entre os materiais, destacam-se minutas detalhadas sobre Uni\u00e3o Est\u00e1vel, Testamento, Reconhecimento de Paternidade, Permuta, Invent\u00e1rio e Cess\u00e3o de Direitos, entre outros. Cada documento foi criado visando proporcionar seguran\u00e7a jur\u00eddica e praticidade para advogados, tabeli\u00e3es e demais profissionais do direito. Com [&hellip;]<\/p>\n","protected":false},"featured_media":1821,"comment_status":"open","ping_status":"closed","template":"","meta":[],"product_brand":[],"product_cat":[16],"product_tag":[],"class_list":{"0":"post-1820","1":"product","2":"type-product","3":"status-publish","4":"has-post-thumbnail","6":"product_cat-cartorios","8":"first","9":"instock","10":"virtual","11":"purchasable","12":"product-type-simple"},"_links":{"self":[{"href":"https:\/\/santossimon.com.br\/dev\/wp-json\/wp\/v2\/product\/1820","targetHints":{"allow":["GET"]}}],"collection":[{"href":"https:\/\/santossimon.com.br\/dev\/wp-json\/wp\/v2\/product"}],"about":[{"href":"https:\/\/santossimon.com.br\/dev\/wp-json\/wp\/v2\/types\/product"}],"replies":[{"embeddable":true,"href":"https:\/\/santossimon.com.br\/dev\/wp-json\/wp\/v2\/comments?post=1820"}],"wp:featuredmedia":[{"embeddable":true,"href":"https:\/\/santossimon.com.br\/dev\/wp-json\/wp\/v2\/media\/1821"}],"wp:attachment":[{"href":"https:\/\/santossimon.com.br\/dev\/wp-json\/wp\/v2\/media?parent=1820"}],"wp:term":[{"taxonomy":"product_brand","embeddable":true,"href":"https:\/\/santossimon.com.br\/dev\/wp-json\/wp\/v2\/product_brand?post=1820"},{"taxonomy":"product_cat","embeddable":true,"href":"https:\/\/santossimon.com.br\/dev\/wp-json\/wp\/v2\/product_cat?post=1820"},{"taxonomy":"product_tag","embeddable":true,"href":"https:\/\/santossimon.com.br\/dev\/wp-json\/wp\/v2\/product_tag?post=1820"}],"curies":[{"name":"wp","href":"https:\/\/api.w.org\/{rel}","templated":true}]}}