{"id":1813,"date":"2024-08-19T20:26:25","date_gmt":"2024-08-19T20:26:25","guid":{"rendered":"https:\/\/santossimon.com.br\/dev\/?post_type=product&#038;p=1813"},"modified":"2024-08-19T20:29:25","modified_gmt":"2024-08-19T20:29:25","slug":"lei-das-garantias-lei-14-711-2023","status":"publish","type":"product","link":"https:\/\/santossimon.com.br\/dev\/produto\/lei-das-garantias-lei-14-711-2023\/","title":{"rendered":"Lei das Garantias &#8211; Lei 14.711\/2023"},"content":{"rendered":"<p><strong>DESCRI\u00c7\u00c3O:<\/strong><\/p>\n<div class=\"dce-visibility-event elementor-element elementor-element-05f661d e-con-full e-flex e-con dce-visibility-event-initialized\" data-id=\"05f661d\" data-element_type=\"container\" data-settings=\"{&quot;content_width&quot;:&quot;full&quot;,&quot;enabled_visibility&quot;:&quot;yes&quot;,&quot;dce_visibility_selected&quot;:&quot;yes&quot;}\">\n<div class=\"dce-visibility-event elementor-element elementor-element-81df542 elementor-position-left elementor-widget__width-initial elementor-vertical-align-top elementor-widget elementor-widget-image-box dce-visibility-event-initialized\" data-id=\"81df542\" data-element_type=\"widget\" data-settings=\"{&quot;enabled_visibility&quot;:&quot;yes&quot;,&quot;dce_visibility_selected&quot;:&quot;yes&quot;}\" data-widget_type=\"image-box.default\">\n<div class=\"elementor-widget-container\">\n<div class=\"elementor-image-box-wrapper\">\n<div class=\"elementor-image-box-content\">\n<p class=\"elementor-image-box-description\">A Lei Federal n\u00ba 14.711\/23, conhecida como Lei das Garantias, introduziu significativas altera\u00e7\u00f5es no sistema de cr\u00e9ditos e garantias reais no Brasil, visando estimular o cr\u00e9dito e simplificar e agilizar as execu\u00e7\u00f5es das hipotecas, em linha com os procedimentos j\u00e1 adotados na aliena\u00e7\u00e3o fiduci\u00e1ria. As mudan\u00e7as nos artigos 22, 24, 25, 25, 27, 30, 37 e 39 da Lei 9.514\/1.997 impactaram o procedimento nos Registros de Im\u00f3veis, destacando a crescente import\u00e2ncia do trabalho registral na desjudicializa\u00e7\u00e3o. A nova lei, composta por apenas 18 artigos, altera n\u00e3o apenas a Lei de Aliena\u00e7\u00e3o Fiduci\u00e1ria de Bem Im\u00f3vel, mas tamb\u00e9m outros institutos, como a cria\u00e7\u00e3o do agente de garantia e modifica\u00e7\u00f5es nas Leis de Registros P\u00fablicos e de aliena\u00e7\u00e3o fiduci\u00e1ria de bens m\u00f3veis. As altera\u00e7\u00f5es na aliena\u00e7\u00e3o fiduci\u00e1ria s\u00e3o imediatas, o que motivou a Editora Santos Simon a desenvolver material espec\u00edfico para orienta\u00e7\u00e3o, incluindo coment\u00e1rios artigo por artigo, modelos de registro, averba\u00e7\u00e3o e intima\u00e7\u00e3o, com a primeira parte focada nas &#8220;Altera\u00e7\u00f5es na Lei 9.514\/1.997&#8221;.<\/p>\n<\/div>\n<\/div>\n<\/div>\n<\/div>\n<\/div>\n<p><strong>Obtenha a amostra deste produto realizando o download logo abaixo em <span style=\"color: #ca1111;\">formato PDF:<\/span><\/strong><\/p>\n<a  href=\"http:\/\/LINK_AQUI\" target=\"_blank\"   class=\"aux-button aux-medium aux-dark-gray aux-outline aux-uppercase\" ><span class=\"aux-overlay\"><\/span><span class=\"aux-text\">Acesse aqui<\/span><\/a>\n","protected":false},"excerpt":{"rendered":"<p>DESCRI\u00c7\u00c3O: A Lei Federal n\u00ba 14.711\/23, conhecida como Lei das Garantias, introduziu significativas altera\u00e7\u00f5es no sistema de cr\u00e9ditos e garantias reais no Brasil, visando estimular o cr\u00e9dito e simplificar e agilizar as execu\u00e7\u00f5es das hipotecas, em linha com os procedimentos j\u00e1 adotados na aliena\u00e7\u00e3o fiduci\u00e1ria. As mudan\u00e7as nos artigos 22, 24, 25, 25, 27, 30, [&hellip;]<\/p>\n","protected":false},"featured_media":1814,"comment_status":"open","ping_status":"closed","template":"","meta":[],"product_brand":[],"product_cat":[16],"product_tag":[],"class_list":{"0":"post-1813","1":"product","2":"type-product","3":"status-publish","4":"has-post-thumbnail","6":"product_cat-cartorios","8":"first","9":"instock","10":"virtual","11":"purchasable","12":"product-type-simple"},"_links":{"self":[{"href":"https:\/\/santossimon.com.br\/dev\/wp-json\/wp\/v2\/product\/1813","targetHints":{"allow":["GET"]}}],"collection":[{"href":"https:\/\/santossimon.com.br\/dev\/wp-json\/wp\/v2\/product"}],"about":[{"href":"https:\/\/santossimon.com.br\/dev\/wp-json\/wp\/v2\/types\/product"}],"replies":[{"embeddable":true,"href":"https:\/\/santossimon.com.br\/dev\/wp-json\/wp\/v2\/comments?post=1813"}],"wp:featuredmedia":[{"embeddable":true,"href":"https:\/\/santossimon.com.br\/dev\/wp-json\/wp\/v2\/media\/1814"}],"wp:attachment":[{"href":"https:\/\/santossimon.com.br\/dev\/wp-json\/wp\/v2\/media?parent=1813"}],"wp:term":[{"taxonomy":"product_brand","embeddable":true,"href":"https:\/\/santossimon.com.br\/dev\/wp-json\/wp\/v2\/product_brand?post=1813"},{"taxonomy":"product_cat","embeddable":true,"href":"https:\/\/santossimon.com.br\/dev\/wp-json\/wp\/v2\/product_cat?post=1813"},{"taxonomy":"product_tag","embeddable":true,"href":"https:\/\/santossimon.com.br\/dev\/wp-json\/wp\/v2\/product_tag?post=1813"}],"curies":[{"name":"wp","href":"https:\/\/api.w.org\/{rel}","templated":true}]}}