{"id":1809,"date":"2024-08-19T20:05:35","date_gmt":"2024-08-19T20:05:35","guid":{"rendered":"https:\/\/santossimon.com.br\/dev\/?post_type=product&#038;p=1809"},"modified":"2025-06-05T21:16:44","modified_gmt":"2025-06-05T21:16:44","slug":"direito-previdenciario-ii","status":"publish","type":"product","link":"https:\/\/santossimon.com.br\/dev\/produto\/direito-previdenciario-ii\/","title":{"rendered":"Direito Previdenci\u00e1rio II"},"content":{"rendered":"<p><strong>DESCRI\u00c7\u00c3O:<\/strong><\/p>\n<p>Materiais\u00a0 desenvolvidos especialmente para profissionais da \u00e1rea jur\u00eddica que buscam aprimorar seu conhecimento e habilidades no campo do direito previdenci\u00e1rio. Este material digital abrange temas essenciais e atuais, incluindo o detalhamento do <strong>Artigo 1018 do STJ<\/strong>, a aposentadoria da pessoa com defici\u00eancia, contribui\u00e7\u00f5es em atraso, revis\u00e3o da vida toda e modelos de peti\u00e7\u00e3o. Com uma abordagem clara e pr\u00e1tica, &#8220;Direito Previdenci\u00e1rio II&#8221; \u00e9 uma ferramenta indispens\u00e1vel para advogados, defensores e estudantes que desejam estar \u00e0 frente no entendimento e aplica\u00e7\u00e3o das normas previdenci\u00e1rias.<\/p>\n<p>O <strong>Artigo 1018 do STJ<\/strong> \u00e9 um ponto focal deste material, oferecendo uma an\u00e1lise aprofundada e atualizada sobre a jurisprud\u00eancia recente. A obra explica como interpretar e aplicar as decis\u00f5es do Superior Tribunal de Justi\u00e7a em casos previdenci\u00e1rios, facilitando a compreens\u00e3o das implica\u00e7\u00f5es pr\u00e1ticas para a advocacia. Al\u00e9m disso, o t\u00f3pico sobre a aposentadoria da pessoa com defici\u00eancia \u00e9 abordado com precis\u00e3o, detalhando os requisitos, direitos e procedimentos envolvidos para garantir uma aposentadoria justa e adequada para este grupo vulner\u00e1vel.<\/p>\n<p>Outro destaque do &#8220;Direito Previdenci\u00e1rio II&#8221; \u00e9 o tratamento das contribui\u00e7\u00f5es em atraso e da<strong> revis\u00e3o da vida toda.<\/strong> O material proporciona uma vis\u00e3o abrangente das possibilidades de regulariza\u00e7\u00e3o de contribui\u00e7\u00f5es previdenci\u00e1rias em atraso e dos direitos dos segurados quanto \u00e0 revis\u00e3o de benef\u00edcios. Com modelos de peti\u00e7\u00e3o inclusos, os usu\u00e1rios t\u00eam acesso a documentos prontos para uso, otimizando o trabalho jur\u00eddico e garantindo que todos os aspectos legais sejam contemplados.<\/p>\n<p>&nbsp;<\/p>\n<p><strong>Obtenha a amostra deste produto realizando o download logo abaixo em <span style=\"color: #ca1111;\">formato PDF:<\/span><\/strong><\/p>\n<button   class=\"aux-button aux-medium aux-dark-gray aux-outline aux-uppercase\" ><span class=\"aux-overlay\"><\/span><span class=\"aux-text\">Acesse aqui<\/span><\/button>\n","protected":false},"excerpt":{"rendered":"<p>DESCRI\u00c7\u00c3O: Materiais\u00a0 desenvolvidos especialmente para profissionais da \u00e1rea jur\u00eddica que buscam aprimorar seu conhecimento e habilidades no campo do direito previdenci\u00e1rio. Este material digital abrange temas essenciais e atuais, incluindo o detalhamento do Artigo 1018 do STJ, a aposentadoria da pessoa com defici\u00eancia, contribui\u00e7\u00f5es em atraso, revis\u00e3o da vida toda e modelos de peti\u00e7\u00e3o. Com [&hellip;]<\/p>\n","protected":false},"featured_media":1811,"comment_status":"open","ping_status":"closed","template":"","meta":[],"product_brand":[],"product_cat":[18],"product_tag":[],"class_list":{"0":"post-1809","1":"product","2":"type-product","3":"status-publish","4":"has-post-thumbnail","6":"product_cat-advogados","8":"first","9":"instock","10":"shipping-taxable","11":"purchasable","12":"product-type-simple"},"_links":{"self":[{"href":"https:\/\/santossimon.com.br\/dev\/wp-json\/wp\/v2\/product\/1809","targetHints":{"allow":["GET"]}}],"collection":[{"href":"https:\/\/santossimon.com.br\/dev\/wp-json\/wp\/v2\/product"}],"about":[{"href":"https:\/\/santossimon.com.br\/dev\/wp-json\/wp\/v2\/types\/product"}],"replies":[{"embeddable":true,"href":"https:\/\/santossimon.com.br\/dev\/wp-json\/wp\/v2\/comments?post=1809"}],"wp:featuredmedia":[{"embeddable":true,"href":"https:\/\/santossimon.com.br\/dev\/wp-json\/wp\/v2\/media\/1811"}],"wp:attachment":[{"href":"https:\/\/santossimon.com.br\/dev\/wp-json\/wp\/v2\/media?parent=1809"}],"wp:term":[{"taxonomy":"product_brand","embeddable":true,"href":"https:\/\/santossimon.com.br\/dev\/wp-json\/wp\/v2\/product_brand?post=1809"},{"taxonomy":"product_cat","embeddable":true,"href":"https:\/\/santossimon.com.br\/dev\/wp-json\/wp\/v2\/product_cat?post=1809"},{"taxonomy":"product_tag","embeddable":true,"href":"https:\/\/santossimon.com.br\/dev\/wp-json\/wp\/v2\/product_tag?post=1809"}],"curies":[{"name":"wp","href":"https:\/\/api.w.org\/{rel}","templated":true}]}}