{"id":1785,"date":"2023-07-17T19:49:04","date_gmt":"2023-07-17T19:49:04","guid":{"rendered":"https:\/\/santossimon.com.br\/dev\/?post_type=product&#038;p=1785"},"modified":"2025-06-05T21:03:59","modified_gmt":"2025-06-05T21:03:59","slug":"atos-do-provimento-141-23-atualizados-pelo-provimento-146-23-do-cnj","status":"publish","type":"product","link":"https:\/\/santossimon.com.br\/dev\/produto\/atos-do-provimento-141-23-atualizados-pelo-provimento-146-23-do-cnj\/","title":{"rendered":"Atos do provimento 141\/23 atualizados pelo provimento 146\/23 do cnj"},"content":{"rendered":"<p><strong>DESCRI\u00c7\u00c3O:<\/strong><\/p>\n<p>Modelos de atos que o Registro Civil poder\u00e1 realizar por autoriza\u00e7\u00e3o do Provimento 141\/2023 do CNJ &#8211; com complemento de escrituras de pacto antenupcial e procura\u00e7\u00e3o para atender \u00e0s necessidades do Registro Civil, nos atos do Provimento.<\/p>\n<p><strong>1.Termo P\u00fablico declarat\u00f3rio de Uni\u00e3o Est\u00e1vel<br \/>\n<\/strong>&#8211; Com certifica\u00e7\u00e3o eletr\u00f4nica \/ com registro.<br \/>\n&#8211; Sem certifica\u00e7\u00e3o eletr\u00f4nica \/ sem registro.<\/p>\n<p>O Material cont\u00e9m:<\/p>\n<p>&#8211; Requerimento das partes solicitando o ato. (modelo)<br \/>\n&#8211; Termo p\u00fablico declarat\u00f3rio de Uni\u00e3o Est\u00e1vel pelo regime da comunh\u00e3o universal de bens. (modelo)<br \/>\n&#8211; Termo p\u00fablico declarat\u00f3rio de Uni\u00e3o Est\u00e1vel pelo regime da separa\u00e7\u00e3o total de bens. (modelo)<br \/>\n&#8211; Termo p\u00fablico declarat\u00f3rio de uni\u00e3o est\u00e1vel pelo regime de participa\u00e7\u00e3o final dos aquestos. (modelo)<br \/>\n&#8211; Termo p\u00fablico declarat\u00f3rio de uni\u00e3o est\u00e1vel pelo regime misto de comunh\u00e3o com exclus\u00e3o de bens particulares (de sucess\u00e3o). (modelo)<br \/>\n&#8211; Termo p\u00fablico declarat\u00f3rio de uni\u00e3o est\u00e1vel pelo regime misto de separa\u00e7\u00e3o total de bens, com exce\u00e7\u00e3o de bem adquirido com esfor\u00e7o comum. (modelo)<br \/>\n&#8211; Termo p\u00fablico declarat\u00f3rio de uni\u00e3o est\u00e1vel pelo regime misto de separa\u00e7\u00e3o total de bens, com exce\u00e7\u00e3o de bens de heran\u00e7a (cl\u00e1usula sucess\u00f3ria). (modelo)<br \/>\n<em>&#8211; Termo P\u00fablico Declarat\u00f3rio de Uni\u00e3o est\u00e1vel na <strong>Separa\u00e7\u00e3o Obrigat\u00f3ria de Bens, AFASTANDO A INCID\u00caNCIA DA S\u00daMULA 377. <\/strong><\/em>(modelo).<br \/>\n<em>&#8211; Termo P\u00fablico Declarat\u00f3rio de Uni\u00e3o Est\u00e1vel com Separa\u00e7\u00e3o Total de Bens e Regra de Exce\u00e7\u00e3o de BEM EM COMUM. <strong>Regime Misto. <\/strong>(Modelo)<\/em><\/p>\n<p><strong><em>2. <\/em><\/strong><strong><em>TERMO P\u00daBLICO DE RECONHECIMENTO E DISSOLU\u00c7\u00c3O DE UNI\u00c3O EST\u00c1VEL COM OU SEM PARTILHA DE BENS<\/em><\/strong><\/p>\n<p><em>&#8211; Modelo de Requerimento das Partes com Esbo\u00e7o de Partilha. (modelo)<br \/>\n<\/em><em>&#8211; Modelo de <strong>Termo P\u00fablico de Partilha de Bens.-<\/strong> (modelo)<br \/>\n<\/em><em>&#8211; Modelo de Requerimento das partes sem partilha de bens. (modelo)<br \/>\n<\/em><em>&#8211; Modelo de <strong>Termo P\u00fablico de Dissolu\u00e7\u00e3o sem partilha de bens. <\/strong>(modelo)<\/em><\/p>\n<p><strong><em>3. ALTERA\u00c7\u00c3O DO REGIME DE BENS &#8211; <\/em><\/strong><strong>Art. 9\u00baA e 9\u00ba B do PROVIMENTO 141\/2023 CNJ.<\/strong><\/p>\n<p><em>&#8211; Modelo de Requerimento das Partes solicitando a Altera\u00e7\u00e3o do Regime de Bens. (modelo)<br \/>\n<\/em><em>&#8211; Modelo de Requerimento das Partes solicitando Altera\u00e7\u00e3o de Regime de Bens com <strong>ESBO\u00c7O DE PARTILHA.<\/strong> (modelo)<br \/>\n<\/em><em>&#8211; Termo P\u00fablico de Altera\u00e7\u00e3o de Regime de Bens <strong>com Partilha de Bens.<\/strong> (modelo)<br \/>\n<\/em><em>&#8211; Termo P\u00fablico de Altera\u00e7\u00e3o de Regime de Bens <strong>sem Partilha de Bens.<\/strong> (modelo)<\/em><\/p>\n<p><strong><em>Observa\u00e7\u00e3o<\/em><\/strong><strong>: <\/strong>Muito embora o Provimento n\u00e3o tenha contenha a exig\u00eancia do Termo P\u00fablico, e, uma corrente de Registradores entendam que o termo n\u00e3o \u00e9 exigido, mas simplesmente o Requerimento das partes para que se fa\u00e7a a Averba\u00e7\u00e3o de Altera\u00e7\u00e3o de Regime. Vale destacar que, a lavratura do termo, salvo melhor ju\u00edzo, \u00e9 uma necessidade impl\u00edcita na medida em que o Provimento prev\u00ea a possibilidade de Partilha de Bens no ato da Altera\u00e7\u00e3o de Regime.<br \/>\nNote-se que, n\u00e3o h\u00e1 sentido em se deixar essa partilha para o Tabelionato, causando \u00e0 parte mais transtornos, na medida em que a Escritura P\u00fablica muito embora possa ser realizada, n\u00e3o completa o procedimento, vez que ter\u00e1 que ser levado ao Registro Civil, e as partes tamb\u00e9m ter\u00e3o que novamente comparecer ao Registro Civil para confirmar a solicita\u00e7\u00e3o presencialmente perante o Oficial Registral Civil.<br \/>\nSeria um contrassenso e at\u00e9, contra legis, obrigar a parte a comparecer perante duas Serventias (Notarial e Registral) para fazer um procedimento que pode ser feito apenas perante o Registro Civil.<br \/>\nDe outro norte, tamb\u00e9m seria insensato o Registro Civil se negar a lavrar um TERMO P\u00daBLICO DE ALTERA\u00c7\u00c3O DE REGIME e PARTILHA DE BENS, quando o Provimento lhe atribui essa compet\u00eancia com REMUNERA\u00c7\u00c3O pela TABELA DO TABELIONATO, Enfim.<\/p>\n<p><strong>4. PROCEDIMENTO DE CERTIFICA\u00c7\u00c3O ELETR\u00d4NICA DE UNI\u00c3O EST\u00c1VEL COM DATA DE IN\u00cdCIO E REGIME DE BENS.\u00a0 &#8211; <\/strong><strong>Base legal, Art. 9\u00ba F Prov. 141\/2023 CNJ:\u00a0<\/strong><em>Art. 9\u00ba-F. O procedimento de certifica\u00e7\u00e3o eletr\u00f4nica de uni\u00e3o est\u00e1vel realizado perante oficial de registro civil autoriza a indica\u00e7\u00e3o das datas de in\u00edcio.<br \/>\n<\/em><strong>\u00a0 \u00a0 REQUERIMENTO DO CASAL DE COMPANHEIROS SOLICITANDO A CERTIFICA\u00c7\u00c3O ELETR\u00d4NICA COM: <\/strong><em>(Modelo contendo)<br \/>\n<\/em>&#8211; <em>Fundamento legal.<br \/>\n<\/em>&#8211; <em>Justificativa.<br \/>\n&#8211; <\/em><em>Provas da data de in\u00edcio da Uni\u00e3o Est\u00e1vel.<\/em><\/p>\n<p><em>Provas do Regime de bens adotado desde o in\u00edcio, \u201csepara\u00e7\u00e3o Total de Bens\u201d.<br \/>\n<\/em>&#8211; ENTREVISTA REDUZIDA \u00c0 TERMO PELO OFICIAL. &#8211; Modelo de entrevista reduzida \u00e0 termo.<br \/>\n&#8211; TERMO DE DEFERIMENTO FUNDAMENTADO. &#8211; Modelo de Termo de Deferimento Fundamentado.<\/p>\n<p><strong>5.<\/strong> <strong>CONVERS\u00c3O DE UNI\u00c3O EST\u00c1VEL EM CASAMENTO. &#8211; <\/strong><strong>Art. 9\u00baC e seguintes do PROVIMENTO 141\/2023 CNJ<br \/>\n<\/strong><strong>\u00a0 \u00a0 ATOS:<br \/>\n<\/strong><em>&#8211; Recebimento Do Pedido.<br \/>\n<\/em><em>&#8211; Entrevista.<br \/>\n<\/em><em>&#8211; Reduzir a termo a entrevista.<br \/>\n<\/em><em>&#8211; An\u00e1lise de provas. <\/em><\/p>\n<p><strong>6. ESCRITURAS DE PACTOS ANTENUPCIAIS.<br \/>\n<\/strong><em>&#8211; Escritura de Pacto Antenupcial <strong>Comunh\u00e3o Universal de Bens.<\/strong> <\/em><em>(Modelo)<br \/>\n<\/em><em>&#8211; Escritura de Pacto Antenupcial <strong>Separa\u00e7\u00e3o Total de Bens.<\/strong> (Modelo)<br \/>\n<\/em><em>&#8211; Escritura de Pacto Antenupcial <strong>Participa\u00e7\u00e3o Final dos Aquestos.<\/strong> (Modelo)<br \/>\n<\/em><em>&#8211; Escritura de Pacto Antenupcial <strong>Separa\u00e7\u00e3o Obrigat\u00f3ria de Bens com afastamento da S\u00famula 377\/STF.<\/strong> (Modelo)<br \/>\n<\/em>&#8211; Escritura de Pacto Antenupcial Comunh\u00e3o Universal de Bens <strong>com regra de exce\u00e7\u00e3o, excluindo bens de heran\u00e7a. <\/strong><em>(Modelo)<\/em><\/p>\n<p><strong>7. PROCURA\u00c7\u00d5ES:<br \/>\n<\/strong><em>&#8211; Para Reconhecimento de Uni\u00e3o Est\u00e1vel.<br \/>\n<\/em><em>&#8211; Para Altera\u00e7\u00e3o de Regime.<br \/>\n<\/em><em>&#8211; Para Convers\u00e3o de Uni\u00e3o em Casamento.<\/em><\/p>\n<p>&nbsp;<\/p>\n<p><strong>Obtenha a amostra deste produto realizando o download logo abaixo em <span style=\"color: #ca1111;\">formato PDF:<\/span><\/strong><\/p>\n<a  href=\"https:\/\/santossimon.com.br\/dev\/wp-summary\/EXEMPLO%20DO%20MATERIAL%20-%20ATOS%20DO%20PROV%20141%20E%20146%20DE%202023.pdf\" target=\"_blank\"   class=\"aux-button aux-medium aux-dark-gray aux-outline aux-uppercase\" ><span class=\"aux-overlay\"><\/span><span class=\"aux-text\">Acesse aqui<\/span><\/a>\n","protected":false},"excerpt":{"rendered":"<p>DESCRI\u00c7\u00c3O: Modelos de atos que o Registro Civil poder\u00e1 realizar por autoriza\u00e7\u00e3o do Provimento 141\/2023 do CNJ &#8211; com complemento de escrituras de pacto antenupcial e procura\u00e7\u00e3o para atender \u00e0s necessidades do Registro Civil, nos atos do Provimento. 1.Termo P\u00fablico declarat\u00f3rio de Uni\u00e3o Est\u00e1vel &#8211; Com certifica\u00e7\u00e3o eletr\u00f4nica \/ com registro. &#8211; Sem certifica\u00e7\u00e3o eletr\u00f4nica [&hellip;]<\/p>\n","protected":false},"featured_media":1788,"comment_status":"open","ping_status":"closed","template":"","meta":[],"product_brand":[],"product_cat":[18,16],"product_tag":[],"class_list":{"0":"post-1785","1":"product","2":"type-product","3":"status-publish","4":"has-post-thumbnail","6":"product_cat-advogados","7":"product_cat-cartorios","9":"first","10":"instock","11":"virtual","12":"purchasable","13":"product-type-simple"},"_links":{"self":[{"href":"https:\/\/santossimon.com.br\/dev\/wp-json\/wp\/v2\/product\/1785","targetHints":{"allow":["GET"]}}],"collection":[{"href":"https:\/\/santossimon.com.br\/dev\/wp-json\/wp\/v2\/product"}],"about":[{"href":"https:\/\/santossimon.com.br\/dev\/wp-json\/wp\/v2\/types\/product"}],"replies":[{"embeddable":true,"href":"https:\/\/santossimon.com.br\/dev\/wp-json\/wp\/v2\/comments?post=1785"}],"wp:featuredmedia":[{"embeddable":true,"href":"https:\/\/santossimon.com.br\/dev\/wp-json\/wp\/v2\/media\/1788"}],"wp:attachment":[{"href":"https:\/\/santossimon.com.br\/dev\/wp-json\/wp\/v2\/media?parent=1785"}],"wp:term":[{"taxonomy":"product_brand","embeddable":true,"href":"https:\/\/santossimon.com.br\/dev\/wp-json\/wp\/v2\/product_brand?post=1785"},{"taxonomy":"product_cat","embeddable":true,"href":"https:\/\/santossimon.com.br\/dev\/wp-json\/wp\/v2\/product_cat?post=1785"},{"taxonomy":"product_tag","embeddable":true,"href":"https:\/\/santossimon.com.br\/dev\/wp-json\/wp\/v2\/product_tag?post=1785"}],"curies":[{"name":"wp","href":"https:\/\/api.w.org\/{rel}","templated":true}]}}