{"id":176,"date":"2022-09-19T13:38:58","date_gmt":"2022-09-19T13:38:58","guid":{"rendered":"https:\/\/santossimon.com.br\/dev\/?post_type=product&#038;p=176"},"modified":"2025-06-05T21:07:28","modified_gmt":"2025-06-05T21:07:28","slug":"inventario-acelerado","status":"publish","type":"product","link":"https:\/\/santossimon.com.br\/dev\/produto\/inventario-acelerado\/","title":{"rendered":"Invent\u00e1rio Acelerado"},"content":{"rendered":"<p><strong>DESCRI\u00c7\u00c3O:<\/strong><\/p>\n<p>\u201cATOS NOTARIAIS AFETADOS PELAS ALTERA\u00c7\u00d5ES LEGISLATIVAS RECENTES\u201d.<\/p>\n<p>NOVAS ESCRITURAS E ATUALIZA\u00c7\u00c3O DAS QUE EST\u00c3O SENDO AFETADAS PELO:<\/p>\n<p>&#8211; PROVIMENTO 452 DO CNJ.<\/p>\n<p>&#8211; LEI 14.382\/2022.<\/p>\n<p>&#8211; I &#8211; JORNADA DE DIREITO NOTARIAL E REGISTRAL REALIZADO NOS DIAS 04 E 05 DE AGOSTO DE 2022 realizado pelo CONSELHO DE JUSTI\u00c7A FEDERAL, NA SEDE DO TRIBUNAL REGIONAL FEDERAL DA 5\u00aa. REGI\u00c3O (TRF5)<\/p>\n<p>Toda essa gama legislativa e normativa est\u00e1 exigindo a reda\u00e7\u00e3o de novas Escrituras e atualiza\u00e7\u00e3o dos demais Atos Notariais, notadamente as Escrituras de:<\/p>\n<p>&#8211; NOMEA\u00c7\u00c3O DE INVENTARIANTE \u201caumenta poderes do Inventariante\u201d.<\/p>\n<p>&#8211; INVENT\u00c1RIOS e PARTILHAS.<\/p>\n<p>&#8211; DOA\u00c7\u00c3O DE MEA\u00c7\u00c3O.<\/p>\n<p>&#8211; CESS\u00c3O DE DIREITOS HEREDIT\u00c1RIOS.<\/p>\n<p>&#8211; PACTO ANTENUPCIAL (podendo pactuar diversamente dos regimes atuais). Tamb\u00e9m afastar a incid\u00eancia da Sumula 377.<\/p>\n<p>&#8211; DIVORCIO CONSENSUAL, SEPARA\u00c7\u00c3O COSENSUAL, EXTIN\u00c7\u00c3O CONSENSUAL DE UNI\u00c3O EST\u00c1VEL, mesmo com filhos menores\/ incapazes.<\/p>\n<p>&#8211; RESTABELECIMENTO DO CASAMENTO \u2013 mesmo com filhos incapazes ou nascituros.<\/p>\n<p>&#8211; Outros assuntos correlatos.<\/p>\n<p>&nbsp;<\/p>\n<p><strong>Obtenha a amostra deste produto realizando o download logo abaixo em <span style=\"color: #ca1111\">formato PDF:<\/span><\/strong><\/p>\n<a  href=\"https:\/\/santossimon.com.br\/dev\/wp-summary\/EXEMPLO%20DE%20MATERIAL%20-%20Invent\u00e1rio%20Acelerado.pdf\" target=\"_blank\"   class=\"aux-button aux-medium aux-dark-gray aux-outline aux-uppercase\" ><span class=\"aux-overlay\"><\/span><span class=\"aux-text\">Acesse aqui<\/span><\/a>\n","protected":false},"excerpt":{"rendered":"<p>Atos notariais afetados pelas altera\u00e7\u00f5es legislativas recentes.<br \/>\nNovas escrituras e atualiza\u00e7\u00e3o das que est\u00e3o sendo afetadas pelo:<br \/>\nProvimento 452 do CNJ.<br \/>\nLei 14.382\/2022.<\/p>\n<p>I &#8211; Jornada de direito notarial e registral realizado nos dias 04 e 05 de agosto de 2022 realizado pelo conselho de justi\u00e7a federal, na sede do tribunal regional federal da 5\u00aa. Regi\u00e3o (trf5)<br \/>\nToda essa gama legislativa e normativa est\u00e1 exigindo a reda\u00e7\u00e3o de novas escrituras e atualiza\u00e7\u00e3o dos demais atos notariais, notadamente as escrituras de:<br \/>\nNomea\u00e7\u00e3o de inventariante \u201caumenta poderes do inventariante\u201d.<br \/>\nInvent\u00e1rios e partilhas.<br \/>\nDoa\u00e7\u00e3o de mea\u00e7\u00e3o.<br \/>\nCess\u00e3o de direitos heredit\u00e1rios.<br \/>\nPacto antenupcial (podendo pactuar diversamente dos regimes atuais). Tamb\u00e9m afastar a incid\u00eancia da sumula 377.<\/p>\n","protected":false},"featured_media":1054,"comment_status":"open","ping_status":"closed","template":"","meta":[],"product_brand":[],"product_cat":[16,18],"product_tag":[],"class_list":{"0":"post-176","1":"product","2":"type-product","3":"status-publish","4":"has-post-thumbnail","6":"product_cat-cartorios","7":"product_cat-advogados","9":"first","10":"instock","11":"shipping-taxable","12":"purchasable","13":"product-type-simple"},"_links":{"self":[{"href":"https:\/\/santossimon.com.br\/dev\/wp-json\/wp\/v2\/product\/176","targetHints":{"allow":["GET"]}}],"collection":[{"href":"https:\/\/santossimon.com.br\/dev\/wp-json\/wp\/v2\/product"}],"about":[{"href":"https:\/\/santossimon.com.br\/dev\/wp-json\/wp\/v2\/types\/product"}],"replies":[{"embeddable":true,"href":"https:\/\/santossimon.com.br\/dev\/wp-json\/wp\/v2\/comments?post=176"}],"wp:featuredmedia":[{"embeddable":true,"href":"https:\/\/santossimon.com.br\/dev\/wp-json\/wp\/v2\/media\/1054"}],"wp:attachment":[{"href":"https:\/\/santossimon.com.br\/dev\/wp-json\/wp\/v2\/media?parent=176"}],"wp:term":[{"taxonomy":"product_brand","embeddable":true,"href":"https:\/\/santossimon.com.br\/dev\/wp-json\/wp\/v2\/product_brand?post=176"},{"taxonomy":"product_cat","embeddable":true,"href":"https:\/\/santossimon.com.br\/dev\/wp-json\/wp\/v2\/product_cat?post=176"},{"taxonomy":"product_tag","embeddable":true,"href":"https:\/\/santossimon.com.br\/dev\/wp-json\/wp\/v2\/product_tag?post=176"}],"curies":[{"name":"wp","href":"https:\/\/api.w.org\/{rel}","templated":true}]}}