{"id":174,"date":"2022-09-19T13:35:44","date_gmt":"2022-09-19T13:35:44","guid":{"rendered":"https:\/\/santossimon.com.br\/dev\/?post_type=product&#038;p=174"},"modified":"2025-06-05T21:09:35","modified_gmt":"2025-06-05T21:09:35","slug":"modulo-permuta","status":"publish","type":"product","link":"https:\/\/santossimon.com.br\/dev\/produto\/modulo-permuta\/","title":{"rendered":"M\u00f3dulo Permuta"},"content":{"rendered":"<p><strong>DESCRI\u00c7\u00c3O:<\/strong><\/p>\n<p>O material PERMUTA, al\u00e9m das tradicionais e atualizadas minutas, tamb\u00e9m atende e responde aos seguintes itens e questionamentos:<\/p>\n<p>1. O que \u00e9 uma PERMUTA PURA?<\/p>\n<p>2. Pode-se lavrar escritura de PERMUTA de IM\u00d3VEL por VE\u00cdCULO?<\/p>\n<p>3. O que \u00e9 uma PERMUTA COM TORNA?<\/p>\n<p>4. Qual \u00e9 o limite da torna, em dinheiro, para que n\u00e3o descaracterize a Permuta?<\/p>\n<p>5. Cart\u00f3rio de Registro de Im\u00f3veis pode negar registro a uma Escritura de Permuta que entenda ter sido descaracterizada pelo excesso de valor da Torna?<\/p>\n<p>6. A PROMESSA DE PERMUTA pode ser objeto de ADJUDICA\u00c7\u00c3O<\/p>\n<p>COMPULS\u00d3RIA EXTRAJUDICIAL?<\/p>\n<p>&nbsp;<\/p>\n<p><strong>Obtenha a amostra deste produto realizando o download logo abaixo em <span style=\"color: #ca1111;\">formato PDF:<\/span><\/strong><\/p>\n<a  href=\"https:\/\/santossimon.com.br\/dev\/wp-summary\/EXEMPLO%20DE%20MATERIAL%20-%20Permuta.pdf\" target=\"_blank\"   class=\"aux-button aux-medium aux-dark-gray aux-outline aux-uppercase\" ><span class=\"aux-overlay\"><\/span><span class=\"aux-text\">Acesse aqui<\/span><\/a>\n","protected":false},"excerpt":{"rendered":"<p>O material PERMUTA, al\u00e9m das tradicionais e atualizadas minutas,<\/p>\n<p>tamb\u00e9m atende e responde aos seguintes itens e questionamentos:<\/p>\n<p>1. O que \u00e9 uma PERMUTA PURA?<\/p>\n<p>2. Pode-se lavrar escritura de PERMUTA de IM\u00d3VEL por VE\u00cdCULO?<\/p>\n<p>3. O que \u00e9 uma PERMUTA COM TORNA?<\/p>\n<p>4. Qual \u00e9 o limite da torna, em dinheiro, para que n\u00e3o descaracterize a Permuta?<\/p>\n<p>5. Cart\u00f3rio de Registro de Im\u00f3veis pode negar registro a uma Escritura de Permuta<\/p>\n<p>que entenda ter sido descaracterizada pelo excesso de valor da Torna?<\/p>\n<p>6. A PROMESSA DE PERMUTA pode ser objeto de ADJUDICA\u00c7\u00c3O<\/p>\n<p>COMPULS\u00d3RIA EXTRAJUDICIAL?<\/p>\n","protected":false},"featured_media":1063,"comment_status":"open","ping_status":"closed","template":"","meta":[],"product_brand":[],"product_cat":[16],"product_tag":[],"class_list":{"0":"post-174","1":"product","2":"type-product","3":"status-publish","4":"has-post-thumbnail","6":"product_cat-cartorios","8":"first","9":"instock","10":"shipping-taxable","11":"purchasable","12":"product-type-simple"},"_links":{"self":[{"href":"https:\/\/santossimon.com.br\/dev\/wp-json\/wp\/v2\/product\/174","targetHints":{"allow":["GET"]}}],"collection":[{"href":"https:\/\/santossimon.com.br\/dev\/wp-json\/wp\/v2\/product"}],"about":[{"href":"https:\/\/santossimon.com.br\/dev\/wp-json\/wp\/v2\/types\/product"}],"replies":[{"embeddable":true,"href":"https:\/\/santossimon.com.br\/dev\/wp-json\/wp\/v2\/comments?post=174"}],"wp:featuredmedia":[{"embeddable":true,"href":"https:\/\/santossimon.com.br\/dev\/wp-json\/wp\/v2\/media\/1063"}],"wp:attachment":[{"href":"https:\/\/santossimon.com.br\/dev\/wp-json\/wp\/v2\/media?parent=174"}],"wp:term":[{"taxonomy":"product_brand","embeddable":true,"href":"https:\/\/santossimon.com.br\/dev\/wp-json\/wp\/v2\/product_brand?post=174"},{"taxonomy":"product_cat","embeddable":true,"href":"https:\/\/santossimon.com.br\/dev\/wp-json\/wp\/v2\/product_cat?post=174"},{"taxonomy":"product_tag","embeddable":true,"href":"https:\/\/santossimon.com.br\/dev\/wp-json\/wp\/v2\/product_tag?post=174"}],"curies":[{"name":"wp","href":"https:\/\/api.w.org\/{rel}","templated":true}]}}