{"id":170,"date":"2022-09-19T13:28:40","date_gmt":"2022-09-19T13:28:40","guid":{"rendered":"https:\/\/santossimon.com.br\/dev\/?post_type=product&#038;p=170"},"modified":"2025-06-05T21:03:24","modified_gmt":"2025-06-05T21:03:24","slug":"alienacao-fiduciaria-lei-9-514-1997-lei-13-986-2020","status":"publish","type":"product","link":"https:\/\/santossimon.com.br\/dev\/produto\/alienacao-fiduciaria-lei-9-514-1997-lei-13-986-2020\/","title":{"rendered":"Aliena\u00e7\u00e3o Fiduci\u00e1ria e Lei 13.465 e 9.514"},"content":{"rendered":"<p><strong>DESCRI\u00c7\u00c3O:<\/strong><\/p>\n<p><strong>Aliena\u00e7\u00e3o Fiduci\u00e1ria (Lei 9.514 \u2013 1997 e Lei 13.465 \u2013 2017)<\/strong><\/p>\n<p>Analise dos diversos contratos de aliena\u00e7\u00e3o fiduci\u00e1ria apresentados para registro<\/p>\n<p>C\u00e9dula de Cr\u00e9dito Banc\u00e1rio com Aliena\u00e7\u00e3o Fiduci\u00e1ria;<\/p>\n<p>Compra e Venda com Aliena\u00e7\u00e3o Fiduci\u00e1ria, etc<\/p>\n<p>Inadimpl\u00eancia e seus desdobramentos no registro de im\u00f3veis&#8230;.<\/p>\n<p>Notifica\u00e7\u00e3o, certid\u00e3o positiva de notifica\u00e7\u00e3o, certid\u00e3o negativa de notifica\u00e7\u00e3o, certid\u00e3o de decurso, certid\u00e3o de transcurso, edital.<\/p>\n<p>Casos pr\u00e1ticos onde houve a interven\u00e7\u00e3o judicial invalidando a notifica\u00e7\u00e3o; cuidado do registro de im\u00f3veis ao certificar as notifica\u00e7\u00f5es.<\/p>\n<p>Prazos alterados pela Lei 13.465-2017. Consolida\u00e7\u00e3o, leil\u00e3o e venda.<\/p>\n<p>Lei 13.986 \u2013 2020 (incentivos ao agroneg\u00f3cio)?<\/p>\n<p>Patrim\u00f4nio rural em afeta\u00e7\u00e3o \u2013 requisitos? C\u00e9dula Imobili\u00e1ria Rural \u2013 requisitos?<\/p>\n<p>C\u00e9dula de Produto Rural no Registro de Im\u00f3veis?<\/p>\n<p>Emolumentos na Lei 13.986-2020 O que mudou?<\/p>\n<p>As garantias, por essa lei a garantia \u00e9 a aliena\u00e7\u00e3o fiduci\u00e1ria, com retomada do im\u00f3vel dado em garantia, em caso de inadimpl\u00eancia, de forma administrativa, direto pelo cart\u00f3rio de registro de im\u00f3veis. Modelos de registros, averba\u00e7\u00f5es, notifica\u00e7\u00f5es e certid\u00f5es.<\/p>\n<p>&nbsp;<\/p>\n<p><strong>Obtenha a amostra deste produto realizando o download logo abaixo em <span style=\"color: #ca1111\">formato PDF:<\/span><\/strong><\/p>\n<a  href=\"https:\/\/santossimon.com.br\/dev\/wp-summary\/Alienacao-Fiduciaria-e-Lei.pdf\" target=\"_blank\"   class=\"aux-button aux-medium aux-dark-gray aux-outline aux-uppercase\" ><span class=\"aux-overlay\"><\/span><span class=\"aux-text\">Acesse aqui<\/span><\/a>\n","protected":false},"excerpt":{"rendered":"<p>As garantias, por essa lei a garantia \u00e9 a aliena\u00e7\u00e3o fiduci\u00e1ria, com retomada do im\u00f3vel dado em garantia, em caso de inadimpl\u00eancia, de forma administrativa, direto pelo cart\u00f3rio de registro de im\u00f3veis. Modelos de registros, averba\u00e7\u00f5es, notifica\u00e7\u00f5es e certid\u00f5es.<\/p>\n<p>Analise dos diversos contratos de aliena\u00e7\u00e3o fiduci\u00e1ria apresentados para registro<br \/>\nC\u00e9dula de Cr\u00e9dito Banc\u00e1rio com Aliena\u00e7\u00e3o Fiduci\u00e1ria;<br \/>\nCompra e Venda com Aliena\u00e7\u00e3o Fiduci\u00e1ria, etc<br \/>\nInadimpl\u00eancia e seus desdobramentos no registro de im\u00f3veis&#8230;.<\/p>\n","protected":false},"featured_media":937,"comment_status":"open","ping_status":"closed","template":"","meta":[],"product_brand":[],"product_cat":[16],"product_tag":[],"class_list":{"0":"post-170","1":"product","2":"type-product","3":"status-publish","4":"has-post-thumbnail","6":"product_cat-cartorios","8":"first","9":"instock","10":"virtual","11":"purchasable","12":"product-type-simple"},"_links":{"self":[{"href":"https:\/\/santossimon.com.br\/dev\/wp-json\/wp\/v2\/product\/170","targetHints":{"allow":["GET"]}}],"collection":[{"href":"https:\/\/santossimon.com.br\/dev\/wp-json\/wp\/v2\/product"}],"about":[{"href":"https:\/\/santossimon.com.br\/dev\/wp-json\/wp\/v2\/types\/product"}],"replies":[{"embeddable":true,"href":"https:\/\/santossimon.com.br\/dev\/wp-json\/wp\/v2\/comments?post=170"}],"wp:featuredmedia":[{"embeddable":true,"href":"https:\/\/santossimon.com.br\/dev\/wp-json\/wp\/v2\/media\/937"}],"wp:attachment":[{"href":"https:\/\/santossimon.com.br\/dev\/wp-json\/wp\/v2\/media?parent=170"}],"wp:term":[{"taxonomy":"product_brand","embeddable":true,"href":"https:\/\/santossimon.com.br\/dev\/wp-json\/wp\/v2\/product_brand?post=170"},{"taxonomy":"product_cat","embeddable":true,"href":"https:\/\/santossimon.com.br\/dev\/wp-json\/wp\/v2\/product_cat?post=170"},{"taxonomy":"product_tag","embeddable":true,"href":"https:\/\/santossimon.com.br\/dev\/wp-json\/wp\/v2\/product_tag?post=170"}],"curies":[{"name":"wp","href":"https:\/\/api.w.org\/{rel}","templated":true}]}}