{"id":17,"date":"2022-09-14T19:38:07","date_gmt":"2022-09-14T19:38:07","guid":{"rendered":"https:\/\/santossimon.com.br\/dev\/?post_type=product&#038;p=17"},"modified":"2025-06-05T21:14:38","modified_gmt":"2025-06-05T21:14:38","slug":"tabelionato-de-notas-material-e-pratica","status":"publish","type":"product","link":"https:\/\/santossimon.com.br\/dev\/produto\/tabelionato-de-notas-material-e-pratica\/","title":{"rendered":"Tabelionato de Notas &#8211; Manual e Pratica"},"content":{"rendered":"<p><strong>DESCRI\u00c7\u00c3O:<\/strong><\/p>\n<p>Material confeccionado por profissional com mais de 30 anos de experi\u00eancia em tabelionato, professora de Direito Notarial, \u00e9 composto inicialmente em duas etapas, parte expositiva estilo \u201cManual\u201d, destinado a orienta\u00e7\u00e3o e treinamento de funcion\u00e1rios do tabelionato. Visa conscientiz\u00e1-los da import\u00e2ncia da fun\u00e7\u00e3o, dos riscos de lavrar um ato equivocado, com v\u00edcios, etc. orienta no atendimento e na interpreta\u00e7\u00e3o da vontade das partes. Recomenda cautelas de prote\u00e7\u00e3o do Not\u00e1rio e da Serventia, dividindo responsabilidade com as pr\u00f3prias partes que praticam o ato (com base legal). Conceitua e traz explana\u00e7\u00e3o e doutrina sobre cada tipo de Escrituras.<\/p>\n<p>Os modelos de Escrituras todas adaptadas ao:<\/p>\n<p>&#8211; NOVO C\u00d3DIGO DE PROCESSO CIVIL (LEI N\u00ba 13.105, DE 16\/03\/2015).<br \/>\n&#8211; Lei 13.079\/2015 \u2013 que traz os requisitos para escritura p\u00fablica (alterou a lei 7.433\/85) e consagra o Princ\u00edpio da concentra\u00e7\u00e3o da matr\u00edcula.<br \/>\n&#8211; LEI n\u00ba.13.146\/2015 &#8211; Estatuto da Pessoa com Defici\u00eancia (que alterou o C\u00f3digo Civil quanto a capacidade das partes). Especialmente com rela\u00e7\u00e3o ao casamento da pessoa com Defici\u00eancia, impactando na capacidade dessa pessoa nos atos de procura\u00e7\u00e3o para casar, nos atos da Lei 11.441\/2007 \u2013 de Invent\u00e1rios e Div\u00f3rcios), entre outros impactos no dia a dia do Not\u00e1rio e registrador Civil).<br \/>\n&#8211; Recentes PROVIMENTOS \u2013 CNJ \u2013 E CORREGEDORIAS ESTADUAIS \u2013 Ex: Provimento 220\/2016 \u2013 n\u00e3o permite o Div\u00f3rcio ou separa\u00e7\u00e3o caso o c\u00f4njuge virago esteja gr\u00e1vida. Inexist\u00eancia de gravidez do c\u00f4njuge virago ou desconhecimento acerca desta circunst\u00e2ncia;<br \/>\n&#8211; Jornada de Direito Civil -600 \u2013 Autoriza o Invent\u00e1rio com testamento v\u00e1lido ap\u00f3s o registro do testamento. (Recomenda\u00e7\u00f5es, cautelas&#8230;)<\/p>\n<p><strong>Modelos\/Minutas ser\u00e3o divididos em m\u00f3dulos, exemplo: <\/strong><\/p>\n<p>&#8211; M\u00f3dulo Procura\u00e7\u00f5es.<br \/>\n&#8211; M\u00f3dulo Invent\u00e1rios, Div\u00f3rcios, Uni\u00e3o Est\u00e1vel e sua Dissolu\u00e7\u00e3o, partilhas, divis\u00e3o amig\u00e1vel, Cess\u00f5es de Direitos Heredit\u00e1rios e afins.<br \/>\n&#8211; M\u00f3dulo Compra e Venda em suas v\u00e1rias modalidades (Compra e Venda pura, Ad corpus, Ad mensurem, em car\u00e1ter pro-soluto, pr\u00f3 solvendo, Compra e Venda sob condi\u00e7\u00e3o Resolutiva, Permutas, Da\u00e7\u00e3o em Pagamento, etc.<br \/>\n&#8211; M\u00f3dulo Doa\u00e7\u00f5es: Doa\u00e7\u00e3o simples, Doa\u00e7\u00e3o com Reserva de Usufruto, Doa\u00e7\u00e3o com cl\u00e1usulas Especiais, Doa\u00e7\u00e3o de Mea\u00e7\u00e3o, Usufruto.<br \/>\n&#8211; Modulo Testamento: Testamento de parte dispon\u00edvel, Testamento com nomea\u00e7\u00e3o de testamenteiro, Testamento com nomea\u00e7\u00f5es sequenciais, etc.<br \/>\n&#8211; M\u00f3dulo Atos Declarat\u00f3rios como: Declara\u00e7\u00f5es, Atas, Transa\u00e7\u00f5es e Acordos, Divis\u00f5es Amig\u00e1veis, Condom\u00ednios, etc.<\/p>\n<p>&nbsp;<\/p>\n<p><strong>Obtenha a amostra deste produto realizando o download logo abaixo em <span style=\"color: #ca1111;\">formato PDF:<\/span><\/strong><\/p>\n<a  href=\"https:\/\/santossimon.com.br\/dev\/wp-summary\/EXEMPLO%20DE%20MATERIAL%20-%20TABELIONATO%20DE%20NOTAS.pdf\" target=\"_blank\"   class=\"aux-button aux-medium aux-dark-gray aux-outline aux-uppercase\" ><span class=\"aux-overlay\"><\/span><span class=\"aux-text\">Acesse aqui<\/span><\/a>\n","protected":false},"excerpt":{"rendered":"<p>Material confeccionado por profissional com mais de 30 anos de experi\u00eancia em tabelionato, professora de Direito Notarial, \u00e9 composto inicialmente em duas etapas, parte expositiva estilo \u201cManual\u201d, destinado a orienta\u00e7\u00e3o e treinamento de funcion\u00e1rios do tabelionato. Visa conscientiz\u00e1-los da import\u00e2ncia da fun\u00e7\u00e3o, dos riscos de lavrar um ato equivocado, com v\u00edcios, etc. orienta no atendimento e na interpreta\u00e7\u00e3o da vontade das partes. Recomenda cautelas de prote\u00e7\u00e3o do Not\u00e1rio e da Serventia, dividindo responsabilidade com as pr\u00f3prias partes que praticam o ato (com base legal). Conceitua e traz explana\u00e7\u00e3o e doutrina sobre cada tipo de Escrituras.<\/p>\n","protected":false},"featured_media":1078,"comment_status":"open","ping_status":"closed","template":"","meta":[],"product_brand":[],"product_cat":[16],"product_tag":[],"class_list":{"0":"post-17","1":"product","2":"type-product","3":"status-publish","4":"has-post-thumbnail","6":"product_cat-cartorios","8":"first","9":"instock","10":"shipping-taxable","11":"purchasable","12":"product-type-simple"},"_links":{"self":[{"href":"https:\/\/santossimon.com.br\/dev\/wp-json\/wp\/v2\/product\/17","targetHints":{"allow":["GET"]}}],"collection":[{"href":"https:\/\/santossimon.com.br\/dev\/wp-json\/wp\/v2\/product"}],"about":[{"href":"https:\/\/santossimon.com.br\/dev\/wp-json\/wp\/v2\/types\/product"}],"replies":[{"embeddable":true,"href":"https:\/\/santossimon.com.br\/dev\/wp-json\/wp\/v2\/comments?post=17"}],"wp:featuredmedia":[{"embeddable":true,"href":"https:\/\/santossimon.com.br\/dev\/wp-json\/wp\/v2\/media\/1078"}],"wp:attachment":[{"href":"https:\/\/santossimon.com.br\/dev\/wp-json\/wp\/v2\/media?parent=17"}],"wp:term":[{"taxonomy":"product_brand","embeddable":true,"href":"https:\/\/santossimon.com.br\/dev\/wp-json\/wp\/v2\/product_brand?post=17"},{"taxonomy":"product_cat","embeddable":true,"href":"https:\/\/santossimon.com.br\/dev\/wp-json\/wp\/v2\/product_cat?post=17"},{"taxonomy":"product_tag","embeddable":true,"href":"https:\/\/santossimon.com.br\/dev\/wp-json\/wp\/v2\/product_tag?post=17"}],"curies":[{"name":"wp","href":"https:\/\/api.w.org\/{rel}","templated":true}]}}