{"id":1675,"date":"2023-02-27T17:42:52","date_gmt":"2023-02-27T17:42:52","guid":{"rendered":"https:\/\/santossimon.com.br\/dev\/?post_type=product&#038;p=1675"},"modified":"2025-06-05T21:17:02","modified_gmt":"2025-06-05T21:17:02","slug":"direito-tributario","status":"publish","type":"product","link":"https:\/\/santossimon.com.br\/dev\/produto\/direito-tributario\/","title":{"rendered":"Direito Tribut\u00e1rio"},"content":{"rendered":"<p><strong>DESCRI\u00c7\u00c3O:<\/strong><\/p>\n<p>A Editora Santos Simon inaugura o aux\u00edlio tamb\u00e9m aos advogados na \u00e1rea tribut\u00e1ria, com peti\u00e7\u00f5es e artigos para facilitar o trabalho na busca do direito aos seus clientes na \u00e1rea judicial e administrativa.<\/p>\n<p>E assim, disponibilizamos um material pr\u00e1tico, contendo modelos das peti\u00e7\u00f5es iniciais mais utilizadas na \u00e1rea do Direito Tribut\u00e1rio, tais como pedido de restitui\u00e7\u00e3o\/compensa\u00e7\u00e3o e anula\u00e7\u00e3o de d\u00e9bito tribut\u00e1rio.<\/p>\n<p>O profissional do Direito poder\u00e1 confeccionar suas peti\u00e7\u00f5es de maneira mais segura e r\u00e1pida, com a jurisprud\u00eancia voltada a cada pe\u00e7a.<\/p>\n<p>Um total de sete pe\u00e7as e dezessete jurisprud\u00eancias para atender a fundamenta\u00e7\u00e3o das pe\u00e7as apresentadas.<\/p>\n<ul>\n<li><strong>Artigo<\/strong> sobre a extens\u00e3o da n\u00e3o incid\u00eancia de tributa\u00e7\u00e3o sobre a Selic para o PIS e Cofins;<\/li>\n<li><strong>Peti\u00e7\u00f5es \u2013<\/strong> 1. A\u00e7\u00e3o Ordinaria de Restitui\u00e7\u00e3o de ICMS; 2. Pedido Administrativo de Restitui\u00e7\u00e3o de ICMS; 3. Peti\u00e7\u00e3o Inicial de Restitui\u00e7\u00e3o de IRPJ, CSLL, PIS, Cofins, Selic; 4. Peti\u00e7\u00e3o Inicial Anula\u00e7\u00e3o de D\u00e9bito Tribut\u00e1rio de valores pagos a titulo de pens\u00e3o e alimentos; 5. Peti\u00e7\u00e3o de Isen\u00e7\u00e3o de Tributo por Doen\u00e7a Grave; 6. Mandado de Seguran\u00e7a para n\u00e3o incid\u00eancia de tributa\u00e7\u00e3o ICMS no PIS e Cofins; 7. Mandado Seguran\u00e7a para evitar incid\u00eancia de tributa\u00e7\u00e3o sobre a SELIC decorrente de a\u00e7\u00e3o judicial por restitui\u00e7\u00e3o de cr\u00e9dito tribut\u00e1rio PIS e Cofins; e IRJ e CSLL;<\/li>\n<li><strong>Jurisprud\u00eancias \u2013<\/strong> Jurisprud\u00eancias referente as mat\u00e9rias das peti\u00e7\u00f5es apresentadas.<\/li>\n<\/ul>\n<p>&nbsp;<\/p>\n<p><strong>Obtenha a amostra deste produto realizando o download logo abaixo em <span style=\"color: #ca1111;\">formato PDF:<\/span><\/strong><\/p>\n<a  href=\"https:\/\/santossimon.com.br\/dev\/wp-summary\/EXEMPLO%20DO%20MATERIAL%20-%20DIREITO%20TRIBUT\u00c1RIO.pdf\" target=\"_blank\"   class=\"aux-button aux-medium aux-dark-gray aux-outline aux-uppercase\" ><span class=\"aux-overlay\"><\/span><span class=\"aux-text\">Acesse aqui<\/span><\/a>\n","protected":false},"excerpt":{"rendered":"<p>DESCRI\u00c7\u00c3O: A Editora Santos Simon inaugura o aux\u00edlio tamb\u00e9m aos advogados na \u00e1rea tribut\u00e1ria, com peti\u00e7\u00f5es e artigos para facilitar o trabalho na busca do direito aos seus clientes na \u00e1rea judicial e administrativa. E assim, disponibilizamos um material pr\u00e1tico, contendo modelos das peti\u00e7\u00f5es iniciais mais utilizadas na \u00e1rea do Direito Tribut\u00e1rio, tais como pedido [&hellip;]<\/p>\n","protected":false},"featured_media":1677,"comment_status":"open","ping_status":"closed","template":"","meta":[],"product_brand":[],"product_cat":[18],"product_tag":[],"class_list":{"0":"post-1675","1":"product","2":"type-product","3":"status-publish","4":"has-post-thumbnail","6":"product_cat-advogados","8":"first","9":"instock","10":"virtual","11":"purchasable","12":"product-type-simple"},"_links":{"self":[{"href":"https:\/\/santossimon.com.br\/dev\/wp-json\/wp\/v2\/product\/1675","targetHints":{"allow":["GET"]}}],"collection":[{"href":"https:\/\/santossimon.com.br\/dev\/wp-json\/wp\/v2\/product"}],"about":[{"href":"https:\/\/santossimon.com.br\/dev\/wp-json\/wp\/v2\/types\/product"}],"replies":[{"embeddable":true,"href":"https:\/\/santossimon.com.br\/dev\/wp-json\/wp\/v2\/comments?post=1675"}],"wp:featuredmedia":[{"embeddable":true,"href":"https:\/\/santossimon.com.br\/dev\/wp-json\/wp\/v2\/media\/1677"}],"wp:attachment":[{"href":"https:\/\/santossimon.com.br\/dev\/wp-json\/wp\/v2\/media?parent=1675"}],"wp:term":[{"taxonomy":"product_brand","embeddable":true,"href":"https:\/\/santossimon.com.br\/dev\/wp-json\/wp\/v2\/product_brand?post=1675"},{"taxonomy":"product_cat","embeddable":true,"href":"https:\/\/santossimon.com.br\/dev\/wp-json\/wp\/v2\/product_cat?post=1675"},{"taxonomy":"product_tag","embeddable":true,"href":"https:\/\/santossimon.com.br\/dev\/wp-json\/wp\/v2\/product_tag?post=1675"}],"curies":[{"name":"wp","href":"https:\/\/api.w.org\/{rel}","templated":true}]}}