{"id":166,"date":"2022-09-19T13:19:13","date_gmt":"2022-09-19T13:19:13","guid":{"rendered":"https:\/\/santossimon.com.br\/dev\/?post_type=product&#038;p=166"},"modified":"2025-06-05T21:14:21","modified_gmt":"2025-06-05T21:14:21","slug":"tabelionato-de-notas-2a-edicao","status":"publish","type":"product","link":"https:\/\/santossimon.com.br\/dev\/produto\/tabelionato-de-notas-2a-edicao\/","title":{"rendered":"Tabelionato de Notas &#8211;  2\u00aa Edi\u00e7\u00e3o"},"content":{"rendered":"<p><strong>DESCRI\u00c7\u00c3O:<\/strong><\/p>\n<p><strong>2\u00aa Edi\u00e7\u00e3o Tabelionato de Notas \u2013 Manual e Pr\u00e1tica.<\/strong><\/p>\n<p>\u2022 Contratos onerosos \u2013 Atualiza\u00e7\u00e3o do material, com novos modelos, minutas atualizadas, pelo Provimento 88 do CNJ, mais de 50 minutas para atender o dia a dia da Serventia.<\/p>\n<p>\u2022 Contratos n\u00e3o onerosos \u2013 Doa\u00e7\u00f5es, institui\u00e7\u00e3o de usufruto, cess\u00f5es de direito, servid\u00e3o de passagem, constitui\u00e7\u00e3o de condom\u00ednio, divis\u00e3o amig\u00e1vel com extin\u00e7\u00e3o de condom\u00ednio.<\/p>\n<p>\u2022 Atos declarat\u00f3rios \u2013 Atas de usucapi\u00e3o, de facebook, pactos antenupciais; demarca\u00e7\u00e3o, estrema\u00e7\u00e3o.<\/p>\n<p>\u2022 Invent\u00e1rios Extrajudiciais e Testamentos; div\u00f3rcio, sobrepartilha, adjudica\u00e7\u00e3o, revoga\u00e7\u00e3o de testamento.<\/p>\n<p>\u2022 Procura\u00e7\u00f5es \u2013 novos modelos de procura\u00e7\u00f5es, inclusive procura\u00e7\u00e3o para prova de vida perante o INSS; mais de 40 minutas de procura\u00e7\u00f5es.<\/p>\n<p>\u2022 Incluso no material Provimentos 88,100 e 103 do CNJ.<\/p>\n<p>&nbsp;<\/p>\n<p><strong>Obtenha a amostra deste produto realizando o download logo abaixo em <span style=\"color: #ca1111;\">formato PDF:<\/span><\/strong><\/p>\n<a  href=\"http:\/\/www.santossimon.com.br\/dev\/wp-summary\/EXEMPLO%20DE%20MATERIAL%20-%20Tabelionato%20de%20Notas%20-%20%202a%20Edicao.pdf\" target=\"_blank\"   class=\"aux-button aux-medium aux-dark-gray aux-outline aux-uppercase\" ><span class=\"aux-overlay\"><\/span><span class=\"aux-text\">Acesse aqui<\/span><\/a>\n","protected":false},"excerpt":{"rendered":"<p>2\u00aa Edi\u00e7\u00e3o Tabelionato de Notas \u2013 Manual e Pr\u00e1tica.<\/p>\n<p>Contratos onerosos \u2013 Atualiza\u00e7\u00e3o do material, com novos modelos, minutas atualizadas, pelo Provimento 88 do CNJ, mais de 50 minutas para atender o dia a dia da Serventia.<br \/>\nContratos n\u00e3o onerosos \u2013 Doa\u00e7\u00f5es, institui\u00e7\u00e3o de usufruto, cess\u00f5es de direito, servid\u00e3o de passagem, constitui\u00e7\u00e3o de condom\u00ednio, divis\u00e3o amig\u00e1vel com extin\u00e7\u00e3o de condom\u00ednio.<br \/>\nAtos declarat\u00f3rios \u2013 Atas de usucapi\u00e3o, de facebook, pactos antenupciais; demarca\u00e7\u00e3o, estrema\u00e7\u00e3o.<br \/>\nInvent\u00e1rios Extrajudiciais e Testamentos; div\u00f3rcio, sobrepartilha, adjudica\u00e7\u00e3o, revoga\u00e7\u00e3o de testamento.<br \/>\nProcura\u00e7\u00f5es \u2013 novos modelos de procura\u00e7\u00f5es, inclusive procura\u00e7\u00e3o para prova de vida perante o INSS; mais de 40 minutas de procura\u00e7\u00f5es.<br \/>\nIncluso no material Provimentos 88,100 e 103 do CNJ.<\/p>\n","protected":false},"featured_media":1076,"comment_status":"open","ping_status":"closed","template":"","meta":[],"product_brand":[],"product_cat":[16],"product_tag":[],"class_list":{"0":"post-166","1":"product","2":"type-product","3":"status-publish","4":"has-post-thumbnail","6":"product_cat-cartorios","8":"first","9":"instock","10":"shipping-taxable","11":"purchasable","12":"product-type-simple"},"_links":{"self":[{"href":"https:\/\/santossimon.com.br\/dev\/wp-json\/wp\/v2\/product\/166","targetHints":{"allow":["GET"]}}],"collection":[{"href":"https:\/\/santossimon.com.br\/dev\/wp-json\/wp\/v2\/product"}],"about":[{"href":"https:\/\/santossimon.com.br\/dev\/wp-json\/wp\/v2\/types\/product"}],"replies":[{"embeddable":true,"href":"https:\/\/santossimon.com.br\/dev\/wp-json\/wp\/v2\/comments?post=166"}],"wp:featuredmedia":[{"embeddable":true,"href":"https:\/\/santossimon.com.br\/dev\/wp-json\/wp\/v2\/media\/1076"}],"wp:attachment":[{"href":"https:\/\/santossimon.com.br\/dev\/wp-json\/wp\/v2\/media?parent=166"}],"wp:term":[{"taxonomy":"product_brand","embeddable":true,"href":"https:\/\/santossimon.com.br\/dev\/wp-json\/wp\/v2\/product_brand?post=166"},{"taxonomy":"product_cat","embeddable":true,"href":"https:\/\/santossimon.com.br\/dev\/wp-json\/wp\/v2\/product_cat?post=166"},{"taxonomy":"product_tag","embeddable":true,"href":"https:\/\/santossimon.com.br\/dev\/wp-json\/wp\/v2\/product_tag?post=166"}],"curies":[{"name":"wp","href":"https:\/\/api.w.org\/{rel}","templated":true}]}}