{"id":1645,"date":"2022-12-06T19:52:39","date_gmt":"2022-12-06T19:52:39","guid":{"rendered":"https:\/\/santossimon.com.br\/dev\/?post_type=product&#038;p=1645"},"modified":"2023-08-07T18:45:09","modified_gmt":"2023-08-07T18:45:09","slug":"lei-14-382-2022-serp","status":"publish","type":"product","link":"https:\/\/santossimon.com.br\/dev\/produto\/lei-14-382-2022-serp\/","title":{"rendered":"Lei 14.382-2022 &#8211; Serp"},"content":{"rendered":"<p><strong>DESCRI\u00c7\u00c3O:<\/strong><\/p>\n<p>Material novo na Editora Santos Simon com as principais altera\u00e7\u00f5es na Lei 6.015\/73 e 4.591\/64, em vigor desde 28 de dezembro de 2021.<\/p>\n<p>\u2022 Cria o do Sistema Eletr\u00f4nico dos Registros P\u00fablicos \u2013 SERP;<br \/>\n\u2022 Inclus\u00e3o e novas reda\u00e7\u00f5es de artigos da Lei 4.591\/64, que trata das incorpora\u00e7\u00f5es imobili\u00e1rias;<br \/>\n\u2022 Inclus\u00e3o e novas reda\u00e7\u00f5es de artigos da Lei 6.015\/73, que trata da Lei de Registros P\u00fablicos, principalmente com rela\u00e7\u00e3o a prazos para qualifica\u00e7\u00e3o e registros dos t\u00edtulos nos registros de im\u00f3veis, inclus\u00e3o do artigo 216-B na Lei 6.015\/73 \u2013 Adjudica\u00e7\u00e3o Compuls\u00f3ria Extrajudicial.<br \/>\n\u2022 Altera\u00e7\u00f5es na Lei 6.766\/79 (parcelamento de solo urbano); Lei 8.935\/94 (Lei dos Cart\u00f3rios); Lei 10.406\/2002 (C\u00f3digo Civil); Lei 11.977\/2009 (Lei PMCMV); Lei 13.097\/2015 (no que diz respeito a concentra\u00e7\u00e3o de atos na matr\u00edcula do im\u00f3vel); e Lei 13.465\/2017 (Lei da Reurb);<\/p>\n<p>&nbsp;<\/p>\n<p><strong>Obtenha a amostra deste produto realizando o download logo abaixo em <span style=\"color: #ca1111;\">formato PDF:<\/span><\/strong><\/p>\n<a  href=\"https:\/\/santossimon.com.br\/dev\/wp-summary\/EXEMPLO%20DO%20MATERIAL%20-%20LEI%2014.382.pdf\" target=\"_blank\"   class=\"aux-button aux-medium aux-dark-gray aux-outline aux-uppercase\" ><span class=\"aux-overlay\"><\/span><span class=\"aux-text\">Acesse aqui<\/span><\/a>\n","protected":false},"excerpt":{"rendered":"<p>DESCRI\u00c7\u00c3O: Material novo na Editora Santos Simon com as principais altera\u00e7\u00f5es na Lei 6.015\/73 e 4.591\/64, em vigor desde 28 de dezembro de 2021. \u2022 Cria o do Sistema Eletr\u00f4nico dos Registros P\u00fablicos \u2013 SERP; \u2022 Inclus\u00e3o e novas reda\u00e7\u00f5es de artigos da Lei 4.591\/64, que trata das incorpora\u00e7\u00f5es imobili\u00e1rias; \u2022 Inclus\u00e3o e novas reda\u00e7\u00f5es [&hellip;]<\/p>\n","protected":false},"featured_media":1646,"comment_status":"open","ping_status":"closed","template":"","meta":[],"product_brand":[],"product_cat":[16],"product_tag":[],"class_list":{"0":"post-1645","1":"product","2":"type-product","3":"status-publish","4":"has-post-thumbnail","6":"product_cat-cartorios","8":"first","9":"instock","10":"virtual","11":"purchasable","12":"product-type-simple"},"_links":{"self":[{"href":"https:\/\/santossimon.com.br\/dev\/wp-json\/wp\/v2\/product\/1645","targetHints":{"allow":["GET"]}}],"collection":[{"href":"https:\/\/santossimon.com.br\/dev\/wp-json\/wp\/v2\/product"}],"about":[{"href":"https:\/\/santossimon.com.br\/dev\/wp-json\/wp\/v2\/types\/product"}],"replies":[{"embeddable":true,"href":"https:\/\/santossimon.com.br\/dev\/wp-json\/wp\/v2\/comments?post=1645"}],"wp:featuredmedia":[{"embeddable":true,"href":"https:\/\/santossimon.com.br\/dev\/wp-json\/wp\/v2\/media\/1646"}],"wp:attachment":[{"href":"https:\/\/santossimon.com.br\/dev\/wp-json\/wp\/v2\/media?parent=1645"}],"wp:term":[{"taxonomy":"product_brand","embeddable":true,"href":"https:\/\/santossimon.com.br\/dev\/wp-json\/wp\/v2\/product_brand?post=1645"},{"taxonomy":"product_cat","embeddable":true,"href":"https:\/\/santossimon.com.br\/dev\/wp-json\/wp\/v2\/product_cat?post=1645"},{"taxonomy":"product_tag","embeddable":true,"href":"https:\/\/santossimon.com.br\/dev\/wp-json\/wp\/v2\/product_tag?post=1645"}],"curies":[{"name":"wp","href":"https:\/\/api.w.org\/{rel}","templated":true}]}}