{"id":1643,"date":"2022-12-06T19:44:27","date_gmt":"2022-12-06T19:44:27","guid":{"rendered":"https:\/\/santossimon.com.br\/dev\/?post_type=product&#038;p=1643"},"modified":"2025-06-05T21:09:03","modified_gmt":"2025-06-05T21:09:03","slug":"minutas-de-escrituras-mais-utilizadas-no-dia-a-dia","status":"publish","type":"product","link":"https:\/\/santossimon.com.br\/dev\/produto\/minutas-de-escrituras-mais-utilizadas-no-dia-a-dia\/","title":{"rendered":"Minutas de Escrituras mais Utilizadas no Dia a Dia"},"content":{"rendered":"<p><strong>DESCRI\u00c7\u00c3O:<\/strong><\/p>\n<p>50 minutas para atender o dia a dia da Serventia.<\/p>\n<p>Contratos onerosos \u2013 Compra e Venda, Compra e Venda com Cl\u00e1usula Resolutiva, Permutas, Compra e Venda com Aliena\u00e7\u00e3o Fiduci\u00e1ria, etc.<br \/>\nContratos n\u00e3o onerosos \u2013 Doa\u00e7\u00f5es, institui\u00e7\u00e3o de usufruto, cess\u00f5es de direito, divis\u00e3o amig\u00e1vel com extin\u00e7\u00e3o de condom\u00ednio.<br \/>\nAtos declarat\u00f3rios \u2013 Atas, pactos antenupciais, estrema\u00e7\u00e3o.<br \/>\nInvent\u00e1rios Extrajudiciais &#8211; div\u00f3rcio, partilha, sobrepartilha, adjudica\u00e7\u00e3o.<br \/>\nMinutas mais utilizadas para o setor de Procura\u00e7\u00f5es.<\/p>\n<p>Material extra \u2013 Perguntas e respostas referentes as d\u00favidas dos tabeli\u00e3es durante um ano de consultoria.<\/p>\n<p>&nbsp;<\/p>\n<p><strong>Obtenha a amostra deste produto realizando o download logo abaixo em <span style=\"color: #ca1111;\">formato PDF:<\/span><\/strong><\/p>\n<a  href=\"https:\/\/santossimon.com.br\/dev\/wp-summary\/EXEMPLO%20DO%20MATERIAL%20-%20MINUTAS%20DE%20ESCRITURAS%20MAIS%20UTILIZADAS%20NO%20DIA%20A%20DIA.pdf\" target=\"_blank\"   class=\"aux-button aux-medium aux-dark-gray aux-outline aux-uppercase\" ><span class=\"aux-overlay\"><\/span><span class=\"aux-text\">Acesse aqui<\/span><\/a>\n","protected":false},"excerpt":{"rendered":"<p>DESCRI\u00c7\u00c3O: 50 minutas para atender o dia a dia da Serventia. Contratos onerosos \u2013 Compra e Venda, Compra e Venda com Cl\u00e1usula Resolutiva, Permutas, Compra e Venda com Aliena\u00e7\u00e3o Fiduci\u00e1ria, etc. Contratos n\u00e3o onerosos \u2013 Doa\u00e7\u00f5es, institui\u00e7\u00e3o de usufruto, cess\u00f5es de direito, divis\u00e3o amig\u00e1vel com extin\u00e7\u00e3o de condom\u00ednio. Atos declarat\u00f3rios \u2013 Atas, pactos antenupciais, estrema\u00e7\u00e3o. [&hellip;]<\/p>\n","protected":false},"featured_media":1644,"comment_status":"open","ping_status":"closed","template":"","meta":[],"product_brand":[],"product_cat":[16],"product_tag":[],"class_list":{"0":"post-1643","1":"product","2":"type-product","3":"status-publish","4":"has-post-thumbnail","6":"product_cat-cartorios","8":"first","9":"instock","10":"virtual","11":"purchasable","12":"product-type-simple"},"_links":{"self":[{"href":"https:\/\/santossimon.com.br\/dev\/wp-json\/wp\/v2\/product\/1643","targetHints":{"allow":["GET"]}}],"collection":[{"href":"https:\/\/santossimon.com.br\/dev\/wp-json\/wp\/v2\/product"}],"about":[{"href":"https:\/\/santossimon.com.br\/dev\/wp-json\/wp\/v2\/types\/product"}],"replies":[{"embeddable":true,"href":"https:\/\/santossimon.com.br\/dev\/wp-json\/wp\/v2\/comments?post=1643"}],"wp:featuredmedia":[{"embeddable":true,"href":"https:\/\/santossimon.com.br\/dev\/wp-json\/wp\/v2\/media\/1644"}],"wp:attachment":[{"href":"https:\/\/santossimon.com.br\/dev\/wp-json\/wp\/v2\/media?parent=1643"}],"wp:term":[{"taxonomy":"product_brand","embeddable":true,"href":"https:\/\/santossimon.com.br\/dev\/wp-json\/wp\/v2\/product_brand?post=1643"},{"taxonomy":"product_cat","embeddable":true,"href":"https:\/\/santossimon.com.br\/dev\/wp-json\/wp\/v2\/product_cat?post=1643"},{"taxonomy":"product_tag","embeddable":true,"href":"https:\/\/santossimon.com.br\/dev\/wp-json\/wp\/v2\/product_tag?post=1643"}],"curies":[{"name":"wp","href":"https:\/\/api.w.org\/{rel}","templated":true}]}}