{"id":164,"date":"2022-09-19T13:15:01","date_gmt":"2022-09-19T13:15:01","guid":{"rendered":"https:\/\/santossimon.com.br\/dev\/?post_type=product&#038;p=164"},"modified":"2025-06-05T21:08:30","modified_gmt":"2025-06-05T21:08:30","slug":"manual-teorico-e-pratico-de-procuracoes","status":"publish","type":"product","link":"https:\/\/santossimon.com.br\/dev\/produto\/manual-teorico-e-pratico-de-procuracoes\/","title":{"rendered":"Manual Te\u00f3rico e Pr\u00e1tico de Procura\u00e7\u00f5es"},"content":{"rendered":"<p><b>MANUAL TE\u00d3RICO E PR\u00c1TICO DE PROCURA\u00c7\u00d5ES.<\/b><\/p>\n<p>Nosso Manual \u00e9 um verdadeiro curso pr\u00e1tico e doutrin\u00e1rio sobre procura\u00e7\u00f5es. Estudando e consultando o Manual, as minutas e a Consultoria oferecida no per\u00edodo inicial, \u00e9 poss\u00edvel formar um profissional do setor de procura\u00e7\u00e3o com qualifica\u00e7\u00e3o que n\u00e3o se encontra no mercado.<\/p>\n<p>Antigos profissionais Notariais que o leram se depararam com informa\u00e7\u00f5es e ensinamentos que nunca tiveram ao longo de seu trabalho na serventia. E, que se o tivessem teriam evitado muitos dissabores e preju\u00edzos.<\/p>\n<p>&nbsp;<\/p>\n<p>O MANUAL CONT\u00c9M:<\/p>\n<p>&#8211; Todos os tipos de procura\u00e7\u00e3o do Direito Brasileiro, seus conceitos, significados e consequ\u00eancias.<\/p>\n<p>&#8211; Est\u00e1 atualizado com:<\/p>\n<p>o As altera\u00e7\u00f5es do C\u00f3digo Civil.<\/p>\n<p>o An\u00e1lise do Artigo 661 \u00a7 1\u00ba do C\u00f3digo Civil. (poderes expressos e especiais).<\/p>\n<p>o Estatuto da Pessoa com Defici\u00eancia.<\/p>\n<p>o Provimento 88\/2019-CNJ. C\u00f3digo de Normas mais recentes.<\/p>\n<p>o Jornadas de Direito Civil do STJ (Superior Tribunal de Justi\u00e7a).<\/p>\n<p>o Atualizado com as recentes consultas feitas por Not\u00e1rios clientes, trazendo seus problemas do dia a dia no Setor de Procura\u00e7\u00f5es.<\/p>\n<p>o As Minutas est\u00e3o atualizadas pela legisla\u00e7\u00e3o vigente, inclusive Provimento 88\/2019-CNJ.<\/p>\n<p>o Exemplos de Procura\u00e7\u00f5es Suspeitas conforme Provimento 88\/2019-CNJ.<\/p>\n<p>&#8211; Aborda ainda:<\/p>\n<p>o An\u00e1lise de risco\/evitando passivos\/preju\u00edzos para a Serventia.<\/p>\n<p>o Atendimento ao cliente.<\/p>\n<p>o Interpreta\u00e7\u00e3o da vontade da parte e responsabilidades inerentes.<\/p>\n<p>&nbsp;<\/p>\n<p>MINUTAS:<\/p>\n<p>o As Minutas trazem alertas e recomenda\u00e7\u00f5es ao funcion\u00e1rio Notarial. Permite que o funcion\u00e1rio n\u00e3o se esque\u00e7a de\u00a0analisar e abordar quest\u00f5es relevantes e de responsabilidade ao fazer a procura\u00e7\u00e3o.<\/p>\n<p>&nbsp;<\/p>\n<p>COM ELE O NOT\u00c1RIO PODE:<\/p>\n<p>o Formar um profissional para o setor, al\u00e9m de auxiliar os Escreventes que j\u00e1 atuam.<\/p>\n<p>o Seguran\u00e7a de que suas procura\u00e7\u00f5es n\u00e3o gerar\u00e3o preju\u00edzos ou passivos futuros.<\/p>\n<p>o Ter suas procura\u00e7\u00f5es com maior efic\u00e1cia e aceitas com seguran\u00e7a onde for apresentada.<\/p>\n<p>o Agregar respeito e notoriedade de sua Serventia pela clareza e efici\u00eancia na elabora\u00e7\u00e3o de seus atos.<\/p>\n<p>o Oferecer um servi\u00e7o diferenciado ao cliente.<\/p>\n<p>o Fazer do Setor de Procura\u00e7\u00f5es o cart\u00e3o de visitas da Serventia. Afinal, \u00e9 o setor com maiores condi\u00e7\u00f5es de captar servi\u00e7os para as outras \u00e1reas da Serventia, como balc\u00e3o e setor de escrituras.<\/p>\n<p>&nbsp;<\/p>\n<p>ITENS ABORDADOS:<\/p>\n<p>o O que \u00e9 procura\u00e7\u00e3o;<\/p>\n<p>o Qual \u00e9 a finalidade da Procura\u00e7\u00e3o;<\/p>\n<p>o Atendimento ao cliente Identifica\u00e7\u00e3o da vontade da parte;<\/p>\n<p>o An\u00e1lise de riscos;<\/p>\n<p>o Orienta\u00e7\u00e3o ao cliente leigo\/hipossuficiente;<\/p>\n<p>o Quem pode outorgar procura\u00e7\u00e3o:<\/p>\n<p>+ Pessoa F\u00edsica.<\/p>\n<p>+ Pessoa Jur\u00eddica.<\/p>\n<p>+ Legitimidade.<\/p>\n<p>+ Capacidade.<\/p>\n<p>o Quanto \u00e0 Forma do Instrumento;<\/p>\n<p>&nbsp;<\/p>\n<p>IDENTIFICANDO OS TIPOS MAIS COMUNS DE PROCURA\u00c7\u00d5ES COM AS QUAIS SE DEPARAM OS NOT\u00c1RIOS:<\/p>\n<p>o Procura\u00e7\u00e3o Insuficiente o Procura\u00e7\u00e3o Ratificat\u00f3ria.<\/p>\n<p>o Procura\u00e7\u00e3o \u201cAd Judicia\u201d.<\/p>\n<p>o Procura\u00e7\u00e3o \u201cAd Negotia\u201d.<\/p>\n<p>o Procura\u00e7\u00e3o a Rogo \u00e0 Luz do Estatuto da Pessoa com Defici\u00eancia &#8211; Lei 13.146\/2015.<\/p>\n<p>o Procura\u00e7\u00e3o bastante.<\/p>\n<p>o Procura\u00e7\u00e3o Outorgada em Car\u00e1ter Irrevog\u00e1vel.<\/p>\n<p>o Procura\u00e7\u00e3o em Causa Pr\u00f3pria.<\/p>\n<p>o Procura\u00e7\u00e3o com autoriza\u00e7\u00e3o expressa para o Contrato Consigo Mesmo.<\/p>\n<p>o Procura\u00e7\u00e3o com Poderes Especiais e Expressos \u00e0 Luz do Artigo 661 e Par\u00e1grafo do C\u00f3digo Civil.<\/p>\n<p>o Procura\u00e7\u00e3o Geral- na mesma linha \u00e0 luz do Artigo 660\/661 do CC.<\/p>\n<p>o Procura\u00e7\u00e3o Outorgada a V\u00e1rios Procuradores.<\/p>\n<p>o Extin\u00e7\u00e3o do Mandato.<\/p>\n<p>o Revoga\u00e7\u00e3o de Mandato.<\/p>\n<p>o Revoga\u00e7\u00e3o Bilateral.<\/p>\n<p>o Revoga\u00e7\u00e3o Unilateral.<\/p>\n<p>o Revoga\u00e7\u00e3o Unilateral de Mandato com Cl\u00e1usula de Irrevogabilidade.<\/p>\n<p>o Estudo de Caso Concreto\/Consultoria \u2013Procura\u00e7\u00e3o Outorgada em Car\u00e1ter Irrevog\u00e1vel e sua Revoga\u00e7\u00e3o Unilateral.<\/p>\n<p>o Comunicado e\/ou Averba\u00e7\u00e3o da Lavratura de ato revogat\u00f3rio e Procura\u00e7\u00e3o.<\/p>\n<p>o Ren\u00fancia de Mandato.<\/p>\n<p>&nbsp;<\/p>\n<p>SUBSTALECIMENTOS:<\/p>\n<p>o Substabelecimento N\u00c3O Autorizado.<\/p>\n<p>o Substabelecimento PROIBIDO\/ VEDADO.<\/p>\n<p>o SUBSTABELECIMENTO AUTORIZADO.<\/p>\n<p>o Substabelecimento Parcial com reserva.<\/p>\n<p>o Substabelecimento COM RESERVA.<\/p>\n<p>o Substabelecimento SEM RESERVA\/equivalente a Extin\u00e7\u00e3o para o Substabelecente.<\/p>\n<p>&nbsp;<\/p>\n<p><strong>Obtenha a amostra deste produto realizando o download logo abaixo em <span style=\"color: #ca1111\">formato PDF:<\/span><\/strong><\/p>\n<a  href=\"https:\/\/santossimon.com.br\/dev\/wp-summary\/EXEMPLO%20DE%20MATERIAL%20-%20Manual%20Te\u00f3rico%20e%20Pr\u00e1tico%20Procura\u00e7\u00f5es%20-%20Apresenta\u00e7\u00e3o.pdf\" target=\"_blank\"   class=\"aux-button aux-medium aux-dark-gray aux-outline aux-uppercase\" ><span class=\"aux-overlay\"><\/span><span class=\"aux-text\">Acesse aqui<\/span><\/a>\n","protected":false},"excerpt":{"rendered":"<p>Nosso Manual \u00e9 um verdadeiro curso pr\u00e1tico e doutrin\u00e1rio sobre procura\u00e7\u00f5es. Estudando e consultando o Manual, as minutas e a Consultoria oferecida no per\u00edodo inicial, \u00e9 poss\u00edvel formar um profissional do setor de procura\u00e7\u00e3o com qualifica\u00e7\u00e3o que n\u00e3o se encontra no mercado.<\/p>\n<p>Antigos profissionais Notariais que o leram se depararam com informa\u00e7\u00f5es e ensinamentos que nunca tiveram ao longo de seu trabalho na serventia. E, que se o tivessem teriam evitado muitos dissabores e preju\u00edzos.<\/p>\n","protected":false},"featured_media":1057,"comment_status":"open","ping_status":"closed","template":"","meta":[],"product_brand":[],"product_cat":[16],"product_tag":[],"class_list":{"0":"post-164","1":"product","2":"type-product","3":"status-publish","4":"has-post-thumbnail","6":"product_cat-cartorios","8":"first","9":"instock","10":"shipping-taxable","11":"purchasable","12":"product-type-simple"},"_links":{"self":[{"href":"https:\/\/santossimon.com.br\/dev\/wp-json\/wp\/v2\/product\/164","targetHints":{"allow":["GET"]}}],"collection":[{"href":"https:\/\/santossimon.com.br\/dev\/wp-json\/wp\/v2\/product"}],"about":[{"href":"https:\/\/santossimon.com.br\/dev\/wp-json\/wp\/v2\/types\/product"}],"replies":[{"embeddable":true,"href":"https:\/\/santossimon.com.br\/dev\/wp-json\/wp\/v2\/comments?post=164"}],"wp:featuredmedia":[{"embeddable":true,"href":"https:\/\/santossimon.com.br\/dev\/wp-json\/wp\/v2\/media\/1057"}],"wp:attachment":[{"href":"https:\/\/santossimon.com.br\/dev\/wp-json\/wp\/v2\/media?parent=164"}],"wp:term":[{"taxonomy":"product_brand","embeddable":true,"href":"https:\/\/santossimon.com.br\/dev\/wp-json\/wp\/v2\/product_brand?post=164"},{"taxonomy":"product_cat","embeddable":true,"href":"https:\/\/santossimon.com.br\/dev\/wp-json\/wp\/v2\/product_cat?post=164"},{"taxonomy":"product_tag","embeddable":true,"href":"https:\/\/santossimon.com.br\/dev\/wp-json\/wp\/v2\/product_tag?post=164"}],"curies":[{"name":"wp","href":"https:\/\/api.w.org\/{rel}","templated":true}]}}