{"id":162,"date":"2022-09-19T13:10:27","date_gmt":"2022-09-19T13:10:27","guid":{"rendered":"https:\/\/santossimon.com.br\/dev\/?post_type=product&#038;p=162"},"modified":"2025-06-05T21:06:35","modified_gmt":"2025-06-05T21:06:35","slug":"escrituras-procuracoes-e-atas-adaptadas-provimento-88-2019","status":"publish","type":"product","link":"https:\/\/santossimon.com.br\/dev\/produto\/escrituras-procuracoes-e-atas-adaptadas-provimento-88-2019\/","title":{"rendered":"Escrituras, Procura\u00e7\u00f5es e Atas Adaptadas, Provimento 88-2019"},"content":{"rendered":"<p><strong>DESCRI\u00c7\u00c3O:<\/strong><\/p>\n<p><strong>AS MINUTAS DE ESCRITURAS MAIS UTILIZADAS NO DIA A DIA DA SERVENTIA NOTARIAL:<\/strong><\/p>\n<p>&#8211; Escritura Compra e Venda Com Pacto Adjeto de Aliena\u00e7\u00e3o Fiduci\u00e1ria.<\/p>\n<p>&#8211; Escritura Compra e Venda de Cons\u00f3rcio com Utiliza\u00e7\u00e3o de FGTS.<\/p>\n<p>&#8211; Div\u00f3rcio Simples Direto Sem Bens Sem Filhos.<\/p>\n<p>&#8211; Escritura de Cess\u00e3o de Direito de Laje.<\/p>\n<p>&#8211; Escritura de Compra e Venda de Im\u00f3vel com Cons\u00f3rcio.<\/p>\n<p>&#8211; Escritura de Doa\u00e7\u00e3o com Usufruto.<\/p>\n<p>&#8211; Escritura de Extin\u00e7\u00e3o de Condom\u00ednio.<\/p>\n<p>&#8211; Escritura de Institui\u00e7\u00e3o de Bem de Fam\u00edlia.<\/p>\n<p>&#8211; Escritura de Nomea\u00e7\u00e3o de Inventariante.<\/p>\n<p>&#8211; Escritura de Ren\u00fancia de Heran\u00e7a.<\/p>\n<p>&#8211; Escritura de Ren\u00fancia de Usufruto.<\/p>\n<p>&#8211; Escritura de Servid\u00e3o de Passagem.<\/p>\n<p>&#8211; Escritura de Transa\u00e7\u00e3o e Acordo Com Devolu\u00e7\u00e3o de Bens.<\/p>\n<p>&#8211; Escritura P\u00fablica de Permuta Sem Torna.<\/p>\n<p>&#8211; Escritura P\u00fablica de Permuta Cem Torna.<\/p>\n<p>&#8211; Escritura P\u00fablica de Compra e Venda Com Condi\u00e7\u00e3o Resolutiva.<\/p>\n<p>&#8211; Escritura P\u00fablica de Compra e Venda Com Institui\u00e7\u00e3o de Usufruto.<\/p>\n<p>&#8211; Escritura P\u00fablica de Compra de Venda de Cotas.<\/p>\n<p>Sociais da Empresa.<\/p>\n<p>&nbsp;<\/p>\n<p>&#8211; Escritura P\u00fablica de Compra e Venda e Constitui\u00e7\u00e3o de Aliena\u00e7\u00e3o.<\/p>\n<p>&#8211; Escritura P\u00fablica de Compra e Venda Pessoa F\u00edsica.<\/p>\n<p>&#8211; Escritura P\u00fablica de Constitui\u00e7\u00e3o de Condom\u00ednio e Conven\u00e7\u00e3o.<\/p>\n<p>&#8211; Escritura P\u00fablica de Constitui\u00e7\u00e3o de Direito de Superf\u00edcie.<\/p>\n<p>&#8211; Escritura P\u00fablica de Da\u00e7\u00e3o em Pagamento.<\/p>\n<p>&#8211; Escritura P\u00fablica de Declara\u00e7\u00e3o de Estrangeiro.<\/p>\n<p>&#8211; Escritura P\u00fablica de Distrato de Compra e Venda.<\/p>\n<p>&#8211; Escritura P\u00fablica Declarat\u00f3ria de Divis\u00e3o Amig\u00e1vel.<\/p>\n<p>&#8211; Escritura P\u00fablica de Dissolu\u00e7\u00e3o de Uni\u00e3o Est\u00e1vel.<\/p>\n<p>&#8211; Escritura P\u00fablica de Doa\u00e7\u00e3o de Parte Dispon\u00edvel.<\/p>\n<p>&#8211; Escritura P\u00fablica de Integraliza\u00e7\u00e3o de Capital.<\/p>\n<p>&#8211; Escritura P\u00fablica de Pacto Antenupcial.<\/p>\n<p>&#8211; Escritura P\u00fablica de Uni\u00e3o Est\u00e1vel.<\/p>\n<p>&#8211; Invent\u00e1rio e Partilha Simples.<\/p>\n<p>&#8211; Invent\u00e1rio Negativo.<\/p>\n<p>&#8211; Invent\u00e1rio onde um dos herdeiros faz a cess\u00e3o no mesmo ato ao cession\u00e1rio.<\/p>\n<p>&#8211; Invent\u00e1rio, Ren\u00fancia de Heran\u00e7a e Adjudica\u00e7\u00e3o a herdeiro remanescente.<\/p>\n<p>&#8211; Reconhecimento e Dissolu\u00e7\u00e3o de Uni\u00e3o Est\u00e1vel com Partilha de Bens Outra Aven\u00e7as.<\/p>\n<p>&#8211; Sobrepartilha de Bem Im\u00f3vel.<\/p>\n<p>&#8211; Sobrepartilha de Bem Im\u00f3vel com Cess\u00e3o Direitos Heredit\u00e1rios Onerosa..<\/p>\n<p>&#8211; Uni\u00e3o Est\u00e1vel de pessoa com mais de 70 Anos.<\/p>\n<p>&nbsp;<\/p>\n<p><b>PROCURA\u00c7\u00d5ES<\/b><\/p>\n<p>&#8211; Procura\u00e7\u00f5es em Causa Pr\u00f3pria.<\/p>\n<p>&#8211; Procura\u00e7\u00e3o Invent\u00e1rio Judicial e Extra, Poderes Gerais e Expressos Para Vender.<\/p>\n<p>&#8211; Procura\u00e7\u00e3o para Comprar e Vender Im\u00f3vel Com Recomenda\u00e7\u00f5es e Atual Legislativas.<\/p>\n<p>&#8211; Procura\u00e7\u00e3o para Div\u00f3rcio e Partilha de Bens Com Detalhes das Declara\u00e7\u00f5es.<\/p>\n<p>&#8211; Procura\u00e7\u00e3o para Fazer Doa\u00e7\u00e3o Art 661 C\u00f3digo Civil.<\/p>\n<p>&#8211; Procura\u00e7\u00e3o para Vender Im\u00f3veis Inclusive.<\/p>\n<p>Financiado Podendo Contratar Consigo Mesmo.<\/p>\n<p>&nbsp;<\/p>\n<p>&#8211; Procura\u00e7\u00e3o Poderes Ad Judicia No Civil.<\/p>\n<p>&#8211; Procura\u00e7\u00e3o Poderes Ad Judicia No Criminal.<\/p>\n<p>&#8211; Procura\u00e7\u00e3o Poderes Especiais Para Casamento.<\/p>\n<p>&#8211; Procura\u00e7\u00e3o Poderes Exclusivos Representa\u00e7\u00e3o.<\/p>\n<p>Banc\u00e1ria de Conta Determinada da Outorgante.<\/p>\n<p>&nbsp;<\/p>\n<p>&#8211; Procura\u00e7\u00e3o Poderes Gerais e Expressos Inclusive Aliena\u00e7\u00e3o com Alertas e Recomenda\u00e7\u00f5es ATAS.<\/p>\n<p>&#8211; Ata Notarial de Constata\u00e7\u00e3o de Fato em Dilig\u00eancia Fora da Serventia.<\/p>\n<p>&#8211; Ata Notarial Posse Sucessivo Possessionis para Fins de Usucapi\u00e3o.<\/p>\n<p>&#8211; Ata Notarial \u00c1udio.<\/p>\n<p>&#8211; Ata Notarial Facebook.<\/p>\n<p>&#8211; Ata Notaria de Constata\u00e7\u00e3o.<\/p>\n<p>&#8211; Modelo de Ata Notarial de Usucapi\u00e3o Extrajudicial Rural.<\/p>\n<p>&nbsp;<\/p>\n<p><strong>Obtenha a amostra deste produto realizando o download logo abaixo em <span style=\"color: #ca1111;\">formato PDF:<\/span><\/strong><\/p>\n<a  href=\"https:\/\/santossimon.com.br\/dev\/wp-summary\/EXEMPLO%20DE%20MATERIAL%20-%20Escrituras,%20Procura\u00e7\u00f5es%20e%20Atas%20Adaptadas,%20Provimento%20882019.pdf\" target=\"_blank\"   class=\"aux-button aux-medium aux-dark-gray aux-outline aux-uppercase\" ><span class=\"aux-overlay\"><\/span><span class=\"aux-text\">Acesse aqui<\/span><\/a>\n","protected":false},"excerpt":{"rendered":"<p><strong>AS MINUTAS DE ESCRITURAS DA SERVENTIA NOTARIAL:<\/strong><\/p>\n<p>Escritura Compra e Venda Com Pacto Adjeto de Aliena\u00e7\u00e3o Fiduci\u00e1ria.<br \/>\nEscritura Compra e Venda de Cons\u00f3rcio com Utiliza\u00e7\u00e3o de FGTS.<br \/>\nDiv\u00f3rcio Simples Direto Sem Bens Sem Filhos.<br \/>\nEscritura de Cess\u00e3o de Direito de Laje.<br \/>\nEscritura de Compra e Venda de Im\u00f3vel com Cons\u00f3rcio.<br \/>\nEscritura de Doa\u00e7\u00e3o com Usufruto.<br \/>\nEscritura de Extin\u00e7\u00e3o de Condom\u00ednio.<br \/>\nEscritura de Institui\u00e7\u00e3o de Bem de Fam\u00edlia.<\/p>\n","protected":false},"featured_media":1050,"comment_status":"open","ping_status":"closed","template":"","meta":[],"product_brand":[],"product_cat":[16],"product_tag":[],"class_list":{"0":"post-162","1":"product","2":"type-product","3":"status-publish","4":"has-post-thumbnail","6":"product_cat-cartorios","8":"first","9":"instock","10":"shipping-taxable","11":"purchasable","12":"product-type-simple"},"_links":{"self":[{"href":"https:\/\/santossimon.com.br\/dev\/wp-json\/wp\/v2\/product\/162","targetHints":{"allow":["GET"]}}],"collection":[{"href":"https:\/\/santossimon.com.br\/dev\/wp-json\/wp\/v2\/product"}],"about":[{"href":"https:\/\/santossimon.com.br\/dev\/wp-json\/wp\/v2\/types\/product"}],"replies":[{"embeddable":true,"href":"https:\/\/santossimon.com.br\/dev\/wp-json\/wp\/v2\/comments?post=162"}],"wp:featuredmedia":[{"embeddable":true,"href":"https:\/\/santossimon.com.br\/dev\/wp-json\/wp\/v2\/media\/1050"}],"wp:attachment":[{"href":"https:\/\/santossimon.com.br\/dev\/wp-json\/wp\/v2\/media?parent=162"}],"wp:term":[{"taxonomy":"product_brand","embeddable":true,"href":"https:\/\/santossimon.com.br\/dev\/wp-json\/wp\/v2\/product_brand?post=162"},{"taxonomy":"product_cat","embeddable":true,"href":"https:\/\/santossimon.com.br\/dev\/wp-json\/wp\/v2\/product_cat?post=162"},{"taxonomy":"product_tag","embeddable":true,"href":"https:\/\/santossimon.com.br\/dev\/wp-json\/wp\/v2\/product_tag?post=162"}],"curies":[{"name":"wp","href":"https:\/\/api.w.org\/{rel}","templated":true}]}}