{"id":1610,"date":"2022-11-10T18:57:39","date_gmt":"2022-11-10T18:57:39","guid":{"rendered":"https:\/\/santossimon.com.br\/dev\/?post_type=product&#038;p=1610"},"modified":"2022-12-20T20:03:55","modified_gmt":"2022-12-20T20:03:55","slug":"curso-inventario-acelerado-na-pratica","status":"publish","type":"product","link":"https:\/\/santossimon.com.br\/dev\/produto\/curso-inventario-acelerado-na-pratica\/","title":{"rendered":"Curso Invent\u00e1rio Acelerado na Pr\u00e1tica"},"content":{"rendered":"<p><strong>DESCRI\u00c7\u00c3O:<\/strong><\/p>\n<p>Neste curso a Professora de Direito Notarial Clarice Ribeiro dos Santos, trar\u00e1 em pauta os seguintes temas: Prepara\u00e7\u00e3o do serventu\u00e1rio\/escrevente para o atendimento e orienta\u00e7\u00e3o ao cliente, e aux\u00edlio ao advogado das partes no sentido de aplicar toda legisla\u00e7\u00e3o ao m\u00e1ximo para atender as necessidades das partes.<br \/>\n&#8211; Conhecimento sobre as v\u00e1rias formas de facilitar a regulariza\u00e7\u00e3o da propriedade por meio do invent\u00e1rio acelerado cumprindo a legisla\u00e7\u00e3o e tudo que ela oferece.<br \/>\n&#8211; Como elaborar as escrituras de nomea\u00e7\u00e3o de inventariante viabilizando a acelera\u00e7\u00e3o dos procedimentos atrav\u00e9s dos poderes conferidos ao inventariante conforme a legisla\u00e7\u00e3o autoriza.<br \/>\n&#8211; Como elaborar o invent\u00e1rio em decorr\u00eancia dos atos que o inventariante praticar e adequado \u00e0s necessidades das partes.<\/p>\n<p><strong>LEGISLA\u00c7\u00c3O APLICADA:<\/strong><br \/>\n&#8211; C\u00f3digo civil.<br \/>\n&#8211; C\u00f3digo de processo civil.<br \/>\n&#8211; Resolu\u00e7\u00f5es e provimentos do CNJ (aplic\u00e1veis a mat\u00e9ria).<br \/>\n&#8211; Lei 14.382\/2022 aplicada ao invent\u00e1rio acelerado.<br \/>\n&#8211; Outras normas aplic\u00e1veis.<\/p>\n<p>Buscando desenvolver com maior abrang\u00eancia o tema, buscamos alguns convidados:<br \/>\n&#8211; Professora de Direito Notarial e Registral &#8211; Maria Cristina Simon.<br \/>\n&#8211; Advogado &#8211; Dr. Mois\u00e9s Teixeira Jr.<\/p>\n","protected":false},"excerpt":{"rendered":"<p>DESCRI\u00c7\u00c3O: Neste curso a Professora de Direito Notarial Clarice Ribeiro dos Santos, trar\u00e1 em pauta os seguintes temas: Prepara\u00e7\u00e3o do serventu\u00e1rio\/escrevente para o atendimento e orienta\u00e7\u00e3o ao cliente, e aux\u00edlio ao advogado das partes no sentido de aplicar toda legisla\u00e7\u00e3o ao m\u00e1ximo para atender as necessidades das partes. &#8211; Conhecimento sobre as v\u00e1rias formas de [&hellip;]<\/p>\n","protected":false},"featured_media":1627,"comment_status":"open","ping_status":"closed","template":"","meta":[],"product_brand":[],"product_cat":[72],"product_tag":[],"class_list":{"0":"post-1610","1":"product","2":"type-product","3":"status-publish","4":"has-post-thumbnail","6":"product_cat-cursos","8":"first","9":"instock","10":"virtual","11":"purchasable","12":"product-type-simple"},"_links":{"self":[{"href":"https:\/\/santossimon.com.br\/dev\/wp-json\/wp\/v2\/product\/1610","targetHints":{"allow":["GET"]}}],"collection":[{"href":"https:\/\/santossimon.com.br\/dev\/wp-json\/wp\/v2\/product"}],"about":[{"href":"https:\/\/santossimon.com.br\/dev\/wp-json\/wp\/v2\/types\/product"}],"replies":[{"embeddable":true,"href":"https:\/\/santossimon.com.br\/dev\/wp-json\/wp\/v2\/comments?post=1610"}],"wp:featuredmedia":[{"embeddable":true,"href":"https:\/\/santossimon.com.br\/dev\/wp-json\/wp\/v2\/media\/1627"}],"wp:attachment":[{"href":"https:\/\/santossimon.com.br\/dev\/wp-json\/wp\/v2\/media?parent=1610"}],"wp:term":[{"taxonomy":"product_brand","embeddable":true,"href":"https:\/\/santossimon.com.br\/dev\/wp-json\/wp\/v2\/product_brand?post=1610"},{"taxonomy":"product_cat","embeddable":true,"href":"https:\/\/santossimon.com.br\/dev\/wp-json\/wp\/v2\/product_cat?post=1610"},{"taxonomy":"product_tag","embeddable":true,"href":"https:\/\/santossimon.com.br\/dev\/wp-json\/wp\/v2\/product_tag?post=1610"}],"curies":[{"name":"wp","href":"https:\/\/api.w.org\/{rel}","templated":true}]}}