{"id":159,"date":"2022-09-17T15:51:04","date_gmt":"2022-09-17T15:51:04","guid":{"rendered":"https:\/\/santossimon.com.br\/dev\/?post_type=product&#038;p=159"},"modified":"2025-06-05T21:12:24","modified_gmt":"2025-06-05T21:12:24","slug":"provimento-88-2019-cnj-resolucao-40-2021","status":"publish","type":"product","link":"https:\/\/santossimon.com.br\/dev\/produto\/provimento-88-2019-cnj-resolucao-40-2021\/","title":{"rendered":"Provimento 88-2019 CNJ &#8211; Resolu\u00e7\u00e3o 40-2021"},"content":{"rendered":"<p>Orienta\u00e7\u00f5es aos Registradores e Not\u00e1rios sobre o Provimento 88\/2019 do Conselho Nacional de Justi\u00e7a<\/p>\n<p>1) Qual objetivo do Provimento 88\/2019?<br \/>\nO Provimento 88\/2019 instituiu os registradores (im\u00f3veis, contratos mar\u00edtimos, registradores de t\u00edtulos e documentos e civis de pessoas jur\u00eddicas), os not\u00e1rios e os tabeli\u00e3es de protestos, como agentes colaboradores de fiscaliza\u00e7\u00e3o, que atrav\u00e9s de procedimentos e com a utiliza\u00e7\u00e3o de mecanismos de controles dever\u00e3o auxiliar os \u00f3rg\u00e3os de preven\u00e7\u00e3o de crimes de lavagem de dinheiro e do financiamento do terrorismo.<\/p>\n<p>2) Quando entrar\u00e1 em vigor?<br \/>\nNo dia 03\/02\/2020.<\/p>\n<p>3) Qual o papel dos not\u00e1rios e registradores no cumprimento desse provimento?<br \/>\nOs not\u00e1rios e registradores s\u00e3o institu\u00eddos como agentes de aux\u00edlio dos \u00f3rg\u00e3os de preven\u00e7\u00e3o, e analisar\u00e3o a ocorr\u00eancia de \u201csuspeitas\u201d, que dever\u00e3o ser comunicadas ao \u00f3rg\u00e3o de preven\u00e7\u00e3o, a quem caber\u00e1 realmente avaliar, de modo aprofundado, a proced\u00eancia ou significado do quando comunicado.<\/p>\n<p>4) O que deve fazer o not\u00e1rio e registrador?<br \/>\nNo dia a dia da Serventia, os not\u00e1rios e registradores dever\u00e3o analisar os atos e neg\u00f3cios jur\u00eddicos, ou seja, para tabeli\u00e3es, as escrituras p\u00fablicas, as procura\u00e7\u00f5es e as atas notariais; o registrador por sua vez, os contratos particulares, as senten\u00e7as.<\/p>\n<p>5) Quais as conseq\u00fc\u00eancias para o n\u00e3o cumprimento do Provimento?<br \/>\nCaso os not\u00e1rios e registradores deixem de atender as determina\u00e7\u00f5es contidas no Provimento 88\/2019, poder\u00e3o ser penalizados na forma dos artigos 12 da Lei 9.613\/1998 e 32 da Lei 8.935\/1994, da seguinte forma; Advert\u00eancia; multas vari\u00e1veis, podendo chegar ao dobro do valor da opera\u00e7\u00e3o; ao dobro do lucro real obtido ou que presumivelmente seria obtido pela realiza\u00e7\u00e3o da opera\u00e7\u00e3o; inabilita\u00e7\u00e3o tempor\u00e1ria; cassa\u00e7\u00e3o ou suspens\u00e3o da autoriza\u00e7\u00e3o para o exerc\u00edcio de atividade.<\/p>\n<p>&nbsp;<\/p>\n<p><strong>Obtenha a amostra deste produto realizando o download logo abaixo em <span style=\"color: #ca1111\">formato PDF:<\/span><\/strong><\/p>\n<a  href=\"https:\/\/santossimon.com.br\/dev\/wp-summary\/MATERIAL%20DE%20EXEMPLO%20-%20Provimento%2088-2019%20CNJ%20-%20Resolu\u00e7\u00e3o%2040-2021.pdf\" target=\"_blank\"   class=\"aux-button aux-medium aux-dark-gray aux-outline aux-uppercase\" ><span class=\"aux-overlay\"><\/span><span class=\"aux-text\">Acesse aqui<\/span><\/a>\n","protected":false},"excerpt":{"rendered":"<p>O Provimento 88\/2019 instituiu os registradores (im\u00f3veis, contratos mar\u00edtimos, registradores de t\u00edtulos e documentos e civis de pessoas jur\u00eddicas), os not\u00e1rios e os tabeli\u00e3es de protestos, como agentes colaboradores de fiscaliza\u00e7\u00e3o, que atrav\u00e9s de procedimentos e com a utiliza\u00e7\u00e3o de mecanismos de controles dever\u00e3o auxiliar os \u00f3rg\u00e3os de preven\u00e7\u00e3o de crimes de lavagem de dinheiro e do financiamento do terrorismo.<\/p>\n","protected":false},"featured_media":1069,"comment_status":"open","ping_status":"closed","template":"","meta":[],"product_brand":[],"product_cat":[16],"product_tag":[],"class_list":{"0":"post-159","1":"product","2":"type-product","3":"status-publish","4":"has-post-thumbnail","6":"product_cat-cartorios","8":"first","9":"instock","10":"shipping-taxable","11":"purchasable","12":"product-type-simple"},"_links":{"self":[{"href":"https:\/\/santossimon.com.br\/dev\/wp-json\/wp\/v2\/product\/159","targetHints":{"allow":["GET"]}}],"collection":[{"href":"https:\/\/santossimon.com.br\/dev\/wp-json\/wp\/v2\/product"}],"about":[{"href":"https:\/\/santossimon.com.br\/dev\/wp-json\/wp\/v2\/types\/product"}],"replies":[{"embeddable":true,"href":"https:\/\/santossimon.com.br\/dev\/wp-json\/wp\/v2\/comments?post=159"}],"wp:featuredmedia":[{"embeddable":true,"href":"https:\/\/santossimon.com.br\/dev\/wp-json\/wp\/v2\/media\/1069"}],"wp:attachment":[{"href":"https:\/\/santossimon.com.br\/dev\/wp-json\/wp\/v2\/media?parent=159"}],"wp:term":[{"taxonomy":"product_brand","embeddable":true,"href":"https:\/\/santossimon.com.br\/dev\/wp-json\/wp\/v2\/product_brand?post=159"},{"taxonomy":"product_cat","embeddable":true,"href":"https:\/\/santossimon.com.br\/dev\/wp-json\/wp\/v2\/product_cat?post=159"},{"taxonomy":"product_tag","embeddable":true,"href":"https:\/\/santossimon.com.br\/dev\/wp-json\/wp\/v2\/product_tag?post=159"}],"curies":[{"name":"wp","href":"https:\/\/api.w.org\/{rel}","templated":true}]}}