{"id":155,"date":"2022-09-17T15:44:44","date_gmt":"2022-09-17T15:44:44","guid":{"rendered":"https:\/\/santossimon.com.br\/dev\/?post_type=product&#038;p=155"},"modified":"2023-02-03T17:52:15","modified_gmt":"2023-02-03T17:52:15","slug":"vade-mecum-concurso-publico-sc","status":"publish","type":"product","link":"https:\/\/santossimon.com.br\/dev\/produto\/vade-mecum-concurso-publico-sc\/","title":{"rendered":"Vade Mecum &#8211; Concurso P\u00fablico Santa Catarina"},"content":{"rendered":"<p><strong>DESCRI\u00c7\u00c3O:<\/strong><\/p>\n<p>Concentra\u00e7\u00e3o de toda legisla\u00e7\u00e3o notarial e registral que ser\u00e1 cobrada no concurso p\u00fablico de provas e t\u00edtulos &#8211; provimento e remo\u00e7\u00e3o, para outorga de delega\u00e7\u00f5es de notas e de registro de Santa Catarina, nos termos do Edital n\u00ba 3\/2019. O concurso ser\u00e1 de responsabilidade do IESES \u2013 Instituto de Estudos Superiores do Extremo Sul, e este material selecionou quest\u00f5es formuladas por este instituto em concursos passados.<\/p>\n<p>&nbsp;<\/p>\n<p><strong>Obtenha a amostra deste produto realizando o download logo abaixo em <span style=\"color: #ca1111\">formato PDF:<\/span><\/strong><\/p>\n<a  href=\"https:\/\/santossimon.com.br\/dev\/wp-summary\/EXEMPLO%20DE%20MATERIAL%20Indice_Vade_Mecum_Concurso_Publico_Santa_Catarina.pdf\" target=\"_blank\"   class=\"aux-button aux-medium aux-dark-gray aux-outline aux-uppercase\" ><span class=\"aux-overlay\"><\/span><span class=\"aux-text\">Acesse aqui<\/span><\/a>\n","protected":false},"excerpt":{"rendered":"<p>Concentra\u00e7\u00e3o de toda legisla\u00e7\u00e3o notarial e registral que ser\u00e1 cobrada no concurso p\u00fablico de provas e t\u00edtulos &#8211; provimento e remo\u00e7\u00e3o, para outorga de delega\u00e7\u00f5es de notas e de registro de Santa Catarina, nos termos do Edital n\u00ba 3\/2019. O concurso ser\u00e1 de responsabilidade do IESES \u2013 Instituto de Estudos Superiores do Extremo Sul, e este material selecionou quest\u00f5es formuladas por este instituto em concursos passados.<\/p>\n","protected":false},"featured_media":1082,"comment_status":"open","ping_status":"closed","template":"","meta":[],"product_brand":[],"product_cat":[16],"product_tag":[],"class_list":{"0":"post-155","1":"product","2":"type-product","3":"status-publish","4":"has-post-thumbnail","6":"product_cat-cartorios","8":"first","9":"instock","10":"shipping-taxable","11":"purchasable","12":"product-type-simple"},"_links":{"self":[{"href":"https:\/\/santossimon.com.br\/dev\/wp-json\/wp\/v2\/product\/155","targetHints":{"allow":["GET"]}}],"collection":[{"href":"https:\/\/santossimon.com.br\/dev\/wp-json\/wp\/v2\/product"}],"about":[{"href":"https:\/\/santossimon.com.br\/dev\/wp-json\/wp\/v2\/types\/product"}],"replies":[{"embeddable":true,"href":"https:\/\/santossimon.com.br\/dev\/wp-json\/wp\/v2\/comments?post=155"}],"wp:featuredmedia":[{"embeddable":true,"href":"https:\/\/santossimon.com.br\/dev\/wp-json\/wp\/v2\/media\/1082"}],"wp:attachment":[{"href":"https:\/\/santossimon.com.br\/dev\/wp-json\/wp\/v2\/media?parent=155"}],"wp:term":[{"taxonomy":"product_brand","embeddable":true,"href":"https:\/\/santossimon.com.br\/dev\/wp-json\/wp\/v2\/product_brand?post=155"},{"taxonomy":"product_cat","embeddable":true,"href":"https:\/\/santossimon.com.br\/dev\/wp-json\/wp\/v2\/product_cat?post=155"},{"taxonomy":"product_tag","embeddable":true,"href":"https:\/\/santossimon.com.br\/dev\/wp-json\/wp\/v2\/product_tag?post=155"}],"curies":[{"name":"wp","href":"https:\/\/api.w.org\/{rel}","templated":true}]}}