{"id":153,"date":"2022-09-17T15:41:15","date_gmt":"2022-09-17T15:41:15","guid":{"rendered":"https:\/\/santossimon.com.br\/dev\/?post_type=product&#038;p=153"},"modified":"2025-06-05T21:05:28","modified_gmt":"2025-06-05T21:05:28","slug":"contrato-de-namoro","status":"publish","type":"product","link":"https:\/\/santossimon.com.br\/dev\/produto\/contrato-de-namoro\/","title":{"rendered":"Contrato de Namoro"},"content":{"rendered":"<p><strong>DESCRI\u00c7\u00c3O:<\/strong><\/p>\n<p><b>ATOS DE PROTE\u00c7\u00c3O PATRIMONIAL NOS RELACIONAMENTOS AFETIVOS.<\/b><\/p>\n<p>O dinamismo da vida altera os costumes. Os costumes alteram o entendimento e a aplica\u00e7\u00e3o da legisla\u00e7\u00e3o, quando n\u00e3o a pr\u00f3pria legisla\u00e7\u00e3o. O Estado com suas normas legislativas interfere na vida e nos costumes das pessoas. Notadamente nos relacionamentos pessoais afetivos o Estado interfere significativamente, levando as pessoas a buscarem meios de proteger suas reais inten\u00e7\u00f5es e contrata\u00e7\u00f5es da chamada \u201cprote\u00e7\u00e3o do Estado\u201d que, em muitos momentos conceitua comportamentos e d\u00e1 enquadramento diverso at\u00e9 do que \u00e9 a real inten\u00e7\u00e3o dos agentes da rela\u00e7\u00e3o. Em busca dessas solu\u00e7\u00f5es disponibilizaremos material de estudo e t\u00e9cnico para elabora\u00e7\u00e3o dos:<\/p>\n<p><b>\u2022 CONTRATOS DE NAMORO<\/b>, fundamento que os justificam para maior seguran\u00e7a e tranquilidade das pessoas que optam por esta contrata\u00e7\u00e3o.<\/p>\n<p>\u2022 Abordaremos a diferen\u00e7a do\u00a0<b>CONTRATO DE NAMORO<\/b>\u00a0em rela\u00e7\u00e3o \u00e0\u00a0<b>UNI\u00c3O EST\u00c1VEL<\/b>.<\/p>\n<p><b>\u2022 A UNI\u00c3O EST\u00c1VEL<\/b>\u00a0e seu regramento\u00a0<b>PATRIMONIAL<\/b>.<\/p>\n<p><b>\u2022 Os regimes de casamento.<\/b><\/p>\n<p><b>\u2022 Por fim, o TESTAMENTO<\/b>\u00a0como \u00faltima etapa de prote\u00e7\u00e3o ao PATRIM\u00d4NIO de forma a buscar o respeito \u00e0 vontade das partes para al\u00e9m do falecimento, evitando que a legisla\u00e7\u00e3o sucess\u00f3ria acabe por atropelar os pactos realizados em vida pelos namorados, conviventes ou c\u00f4njuges.<\/p>\n<p><b>MANUAL EXPLICATIVO EM SLIDES, PDF E MODELOS NO WORD.<\/b><\/p>\n<p>&nbsp;<\/p>\n<p><strong>Obtenha a amostra deste produto realizando o download logo abaixo em <span style=\"color: #ca1111\">formato PDF:<\/span><\/strong><\/p>\n<a  href=\"http:\/\/www.santossimon.com.br\/dev\/wp-summary\/EXEMPLO-DE-MATERIAL-Atos_de_Protecao_Patrimonial_Nos_Relacionamentos_Afetivos.pdf\" target=\"_blank\"   class=\"aux-button aux-medium aux-dark-gray aux-outline aux-uppercase\" ><span class=\"aux-overlay\"><\/span><span class=\"aux-text\">Acesse aqui<\/span><\/a>\n","protected":false},"excerpt":{"rendered":"<p>ATOS DE PROTE\u00c7\u00c3O PATRIMONIAL NOS RELACIONAMENTOS AFETIVOS.<\/p>\n<p>O dinamismo da vida altera os costumes. Os costumes alteram o entendimento e a aplica\u00e7\u00e3o da legisla\u00e7\u00e3o, quando n\u00e3o a pr\u00f3pria legisla\u00e7\u00e3o. O Estado com suas normas legislativas interfere na vida e nos costumes das pessoas. Notadamente nos relacionamentos pessoais afetivos o Estado interfere significativamente, levando as pessoas a buscarem meios de proteger suas reais inten\u00e7\u00f5es e contrata\u00e7\u00f5es da chamada \u201cprote\u00e7\u00e3o do Estado\u201d que, em muitos momentos conceitua comportamentos e d\u00e1 enquadramento diverso at\u00e9 do que \u00e9 a real inten\u00e7\u00e3o dos agentes da rela\u00e7\u00e3o. Em busca dessas solu\u00e7\u00f5es disponibilizaremos material de estudo e t\u00e9cnico para elabora\u00e7\u00e3o dos:<\/p>\n","protected":false},"featured_media":953,"comment_status":"open","ping_status":"closed","template":"","meta":[],"product_brand":[],"product_cat":[16],"product_tag":[],"class_list":{"0":"post-153","1":"product","2":"type-product","3":"status-publish","4":"has-post-thumbnail","6":"product_cat-cartorios","8":"first","9":"instock","10":"virtual","11":"purchasable","12":"product-type-simple"},"_links":{"self":[{"href":"https:\/\/santossimon.com.br\/dev\/wp-json\/wp\/v2\/product\/153","targetHints":{"allow":["GET"]}}],"collection":[{"href":"https:\/\/santossimon.com.br\/dev\/wp-json\/wp\/v2\/product"}],"about":[{"href":"https:\/\/santossimon.com.br\/dev\/wp-json\/wp\/v2\/types\/product"}],"replies":[{"embeddable":true,"href":"https:\/\/santossimon.com.br\/dev\/wp-json\/wp\/v2\/comments?post=153"}],"wp:featuredmedia":[{"embeddable":true,"href":"https:\/\/santossimon.com.br\/dev\/wp-json\/wp\/v2\/media\/953"}],"wp:attachment":[{"href":"https:\/\/santossimon.com.br\/dev\/wp-json\/wp\/v2\/media?parent=153"}],"wp:term":[{"taxonomy":"product_brand","embeddable":true,"href":"https:\/\/santossimon.com.br\/dev\/wp-json\/wp\/v2\/product_brand?post=153"},{"taxonomy":"product_cat","embeddable":true,"href":"https:\/\/santossimon.com.br\/dev\/wp-json\/wp\/v2\/product_cat?post=153"},{"taxonomy":"product_tag","embeddable":true,"href":"https:\/\/santossimon.com.br\/dev\/wp-json\/wp\/v2\/product_tag?post=153"}],"curies":[{"name":"wp","href":"https:\/\/api.w.org\/{rel}","templated":true}]}}