{"id":151,"date":"2022-09-17T15:36:48","date_gmt":"2022-09-17T15:36:48","guid":{"rendered":"https:\/\/santossimon.com.br\/dev\/?post_type=product&#038;p=151"},"modified":"2025-06-05T20:58:19","modified_gmt":"2025-06-05T20:58:19","slug":"acervo-de-modelos-registro-de-imoveis","status":"publish","type":"product","link":"https:\/\/santossimon.com.br\/dev\/produto\/acervo-de-modelos-registro-de-imoveis\/","title":{"rendered":"Acervo de Modelos Registro de Im\u00f3veis"},"content":{"rendered":"<h2><strong>GEORREFERENCIAMENTO<\/strong><\/h2>\n<p><strong>DESCRI\u00c7\u00c3O:<\/strong><\/p>\n<p><em><strong>Mais de 200 Modelos de Registros e Averba\u00e7\u00f5es<\/strong><\/em><\/p>\n<p>Registros de aliena\u00e7\u00e3o fiduci\u00e1ria, usucapi\u00e3o, servid\u00f5es, compra e venda com cl\u00e1usula resolutiva, incorpora\u00e7\u00e3o, institui\u00e7\u00e3o e conven\u00e7\u00e3o de condom\u00ednio e outros. Averba\u00e7\u00f5es de casamento, div\u00f3rcios, cancelamentos diversos, clausulas, loca\u00e7\u00e3o, c\u00e9dulas de cr\u00e9dito imobili\u00e1rio, cau\u00e7\u00e3o e outros.<\/p>\n<p><b>B\u00f4nus<\/b><\/p>\n<p>O conte\u00fado completo sobre o: Georreferenciamento \u2013 Orienta\u00e7\u00f5es, legisla\u00e7\u00e3o, normas, procedimentos e modelos.<\/p>\n<p>&nbsp;<\/p>\n<p><strong>Obtenha a amostra deste produto realizando o download logo abaixo em <span style=\"color: #ca1111;\">formato PDF:<\/span><\/strong><\/p>\n<a  href=\"http:\/\/www.santossimon.com.br\/dev\/wp-summary\/EXEMPLO-DE-MATERIAL-Georreferenciamento.pdf\" target=\"_blank\"   class=\"aux-button aux-medium aux-dark-gray aux-outline aux-uppercase\" ><span class=\"aux-overlay\"><\/span><span class=\"aux-text\">Acesse aqui<\/span><\/a>\n","protected":false},"excerpt":{"rendered":"<p>Registros de aliena\u00e7\u00e3o fiduci\u00e1ria, usucapi\u00e3o, servid\u00f5es, compra e venda com cl\u00e1usula resolutiva, incorpora\u00e7\u00e3o, institui\u00e7\u00e3o e conven\u00e7\u00e3o de condom\u00ednio e outros. Averba\u00e7\u00f5es de casamento, div\u00f3rcios, cancelamentos diversos, clausulas, loca\u00e7\u00e3o, c\u00e9dulas de cr\u00e9dito imobili\u00e1rio, cau\u00e7\u00e3o e outros.<\/p>\n<p>O conte\u00fado completo sobre o: Georreferenciamento \u2013 Orienta\u00e7\u00f5es, legisla\u00e7\u00e3o, normas, procedimentos e modelos.<\/p>\n","protected":false},"featured_media":914,"comment_status":"open","ping_status":"closed","template":"","meta":[],"product_brand":[],"product_cat":[16],"product_tag":[],"class_list":{"0":"post-151","1":"product","2":"type-product","3":"status-publish","4":"has-post-thumbnail","6":"product_cat-cartorios","8":"first","9":"instock","10":"shipping-taxable","11":"purchasable","12":"product-type-simple"},"_links":{"self":[{"href":"https:\/\/santossimon.com.br\/dev\/wp-json\/wp\/v2\/product\/151","targetHints":{"allow":["GET"]}}],"collection":[{"href":"https:\/\/santossimon.com.br\/dev\/wp-json\/wp\/v2\/product"}],"about":[{"href":"https:\/\/santossimon.com.br\/dev\/wp-json\/wp\/v2\/types\/product"}],"replies":[{"embeddable":true,"href":"https:\/\/santossimon.com.br\/dev\/wp-json\/wp\/v2\/comments?post=151"}],"wp:featuredmedia":[{"embeddable":true,"href":"https:\/\/santossimon.com.br\/dev\/wp-json\/wp\/v2\/media\/914"}],"wp:attachment":[{"href":"https:\/\/santossimon.com.br\/dev\/wp-json\/wp\/v2\/media?parent=151"}],"wp:term":[{"taxonomy":"product_brand","embeddable":true,"href":"https:\/\/santossimon.com.br\/dev\/wp-json\/wp\/v2\/product_brand?post=151"},{"taxonomy":"product_cat","embeddable":true,"href":"https:\/\/santossimon.com.br\/dev\/wp-json\/wp\/v2\/product_cat?post=151"},{"taxonomy":"product_tag","embeddable":true,"href":"https:\/\/santossimon.com.br\/dev\/wp-json\/wp\/v2\/product_tag?post=151"}],"curies":[{"name":"wp","href":"https:\/\/api.w.org\/{rel}","templated":true}]}}