{"id":149,"date":"2022-09-17T15:34:08","date_gmt":"2022-09-17T15:34:08","guid":{"rendered":"https:\/\/santossimon.com.br\/dev\/?post_type=product&#038;p=149"},"modified":"2025-06-05T21:13:49","modified_gmt":"2025-06-05T21:13:49","slug":"regularizacao-fundiaria-urbana","status":"publish","type":"product","link":"https:\/\/santossimon.com.br\/dev\/produto\/regularizacao-fundiaria-urbana\/","title":{"rendered":"Regulariza\u00e7\u00e3o Fundi\u00e1ria Urbana"},"content":{"rendered":"<p><strong>DESCRI\u00c7\u00c3O:<\/strong><\/p>\n<p>Material desenvolvido de acordo com a <b>Lei 13.465\/2017<\/b>\u00a0e com\u00a0<b>decreto 9.310\/2018<\/b>.<\/p>\n<p>Aspectos pr\u00e1ticos da lei acima citada, com conceitos e defini\u00e7\u00f5es importantes para compreens\u00e3o e aplica\u00e7\u00e3o dentro dos registros de im\u00f3veis.<\/p>\n<p><b>As esp\u00e9cies de regulariza\u00e7\u00e3o \u2013 a Reurb-S (Regulariza\u00e7\u00e3o Fundi\u00e1ria Urbana de Interesse social); a Reub-E (Regulariza\u00e7\u00e3o Fundi\u00e1ria de Interesse Espec\u00edfico); e a Reurb-I (Regulariza\u00e7\u00e3o Fundi\u00e1ria Inominada).<\/b><\/p>\n<p>Os legitimados para promover a Reurb; os Instrumentos da Reub e o Procedimento Administrativo;<\/p>\n<p>Documentos apresentados ao Registro de Im\u00f3veis e procedimento nas Serventias.<\/p>\n<p>Modelos no Word, Manual em Slides explicativos e Pdf.<\/p>\n<p>&nbsp;<\/p>\n<p><strong>Obtenha a amostra deste produto realizando o download logo abaixo em <span style=\"color: #ca1111\">formato PDF:<\/span><\/strong><\/p>\n<a  href=\"https:\/\/santossimon.com.br\/dev\/wp-summary\/EXEMPLO_DE_MATERIAL_Material_Didatico_Regularizacao_Fundiaria_Urbana.pdf\" target=\"_blank\"   class=\"aux-button aux-medium aux-dark-gray aux-outline aux-uppercase\" ><span class=\"aux-overlay\"><\/span><span class=\"aux-text\">Acesse aqui<\/span><\/a>\n","protected":false},"excerpt":{"rendered":"<p>Material desenvolvido de acordo com a\u00a0Lei 13.465\/2017\u00a0e com\u00a0decreto 9.310\/2018.<br \/>\nAspectos pr\u00e1ticos da lei acima citada, com conceitos e defini\u00e7\u00f5es importantes para compreens\u00e3o e aplica\u00e7\u00e3o dentro dos registros de im\u00f3veis.<br \/>\nAs esp\u00e9cies de regulariza\u00e7\u00e3o \u2013 a Reurb-S (Regulariza\u00e7\u00e3o Fundi\u00e1ria Urbana de Interesse social); a Reub-E (Regulariza\u00e7\u00e3o Fundi\u00e1ria de Interesse Espec\u00edfico); e a Reurb-I (Regulariza\u00e7\u00e3o Fundi\u00e1ria Inominada).<br \/>\nOs legitimados para promover a Reurb; os Instrumentos da Reub e o Procedimento Administrativo;<br \/>\nDocumentos apresentados ao Registro de Im\u00f3veis e procedimento nas Serventias.<\/p>\n","protected":false},"featured_media":1074,"comment_status":"open","ping_status":"closed","template":"","meta":[],"product_brand":[],"product_cat":[16],"product_tag":[],"class_list":{"0":"post-149","1":"product","2":"type-product","3":"status-publish","4":"has-post-thumbnail","6":"product_cat-cartorios","8":"first","9":"instock","10":"shipping-taxable","11":"purchasable","12":"product-type-simple"},"_links":{"self":[{"href":"https:\/\/santossimon.com.br\/dev\/wp-json\/wp\/v2\/product\/149","targetHints":{"allow":["GET"]}}],"collection":[{"href":"https:\/\/santossimon.com.br\/dev\/wp-json\/wp\/v2\/product"}],"about":[{"href":"https:\/\/santossimon.com.br\/dev\/wp-json\/wp\/v2\/types\/product"}],"replies":[{"embeddable":true,"href":"https:\/\/santossimon.com.br\/dev\/wp-json\/wp\/v2\/comments?post=149"}],"wp:featuredmedia":[{"embeddable":true,"href":"https:\/\/santossimon.com.br\/dev\/wp-json\/wp\/v2\/media\/1074"}],"wp:attachment":[{"href":"https:\/\/santossimon.com.br\/dev\/wp-json\/wp\/v2\/media?parent=149"}],"wp:term":[{"taxonomy":"product_brand","embeddable":true,"href":"https:\/\/santossimon.com.br\/dev\/wp-json\/wp\/v2\/product_brand?post=149"},{"taxonomy":"product_cat","embeddable":true,"href":"https:\/\/santossimon.com.br\/dev\/wp-json\/wp\/v2\/product_cat?post=149"},{"taxonomy":"product_tag","embeddable":true,"href":"https:\/\/santossimon.com.br\/dev\/wp-json\/wp\/v2\/product_tag?post=149"}],"curies":[{"name":"wp","href":"https:\/\/api.w.org\/{rel}","templated":true}]}}