{"id":146,"date":"2022-09-16T22:50:05","date_gmt":"2022-09-16T22:50:05","guid":{"rendered":"https:\/\/santossimon.com.br\/dev\/?post_type=product&#038;p=146"},"modified":"2025-06-05T21:07:44","modified_gmt":"2025-06-05T21:07:44","slug":"inventarios-por-escritura-publica-com-testamento","status":"publish","type":"product","link":"https:\/\/santossimon.com.br\/dev\/produto\/inventarios-por-escritura-publica-com-testamento\/","title":{"rendered":"Invent\u00e1rios Por Escritura P\u00fablica Com Testamentos"},"content":{"rendered":"<p><b>DESCRI\u00c7\u00c3O:<\/b><\/p>\n<p><b>EDI\u00c7\u00c3O EXTRAORDIN\u00c1RIA \u2013 OF\u00cdCIO CIRCULAR 155\/2018 \u2013 INVENT\u00c1RIO EXTRAJUDICIAL \u2013 EXIST\u00caNCIA DE TESTAMENTO &#8211; POSSIBILIDADE<\/b><\/p>\n<p>Para aux\u00edlio aos nossos clientes Not\u00e1rios do Paran\u00e1 e demais Estados a EDITORA SANTOS SIMON lan\u00e7ou material espec\u00edfico para atender aos atos previstos no referido Oficio Circular, os quais servir\u00e3o inclusive aos Estados que ainda n\u00e3o se posicionaram a este respeito. Afinal como se constada essa \u00e9 uma tend\u00eancia inevit\u00e1vel.<\/p>\n<p>Temos a satisfa\u00e7\u00e3o de lhes transmitir a recente decis\u00e3o da CGJPR de que j\u00e1 podem lavrar escritura mesmo existindo testamento.<\/p>\n<p>Os Not\u00e1rios do Estado do Paran\u00e1 h\u00e1 muito aguardavam um posicionamento da Corregedoria do Estado do Paran\u00e1, na esteira do Estado de S\u00e3o Paulo e outros, que se posicionaram no sentido de autorizar a lavratura de escrituras de Invent\u00e1rio ainda que o \u201cde cujus\u201d tenha deixado testamento. Finalmente essa decis\u00e3o chegou pelo Of\u00edcio Circular\u00a0<b>n\u00ba155\/2018 \u2013 SEI n\u00ba.0050193-16..2018..8.16.600<\/b>.<\/p>\n<p>O Paran\u00e1 somando-se aos demais Estados que assim procedem est\u00e3o formando posi\u00e7\u00e3o majorit\u00e1ria no sentido de estender a atua\u00e7\u00e3o do not\u00e1rio em mais esses atos que sem raz\u00e3o plaus\u00edvel lhes era negada.<\/p>\n<p>Nosso material conter\u00e1 doutrina, jurisprud\u00eancia e modelos de minutas adaptadas a nova permissiva.<\/p>\n<p>&nbsp;<\/p>\n<p><strong>Obtenha a amostra deste produto realizando o download logo abaixo em <span style=\"color: #ca1111\">formato PDF:<\/span><\/strong><\/p>\n<a  href=\"https:\/\/santossimon.com.br\/dev\/wp-summary\/EXEMPLO%20DE%20MATERIAL%20-%20Inventarios_Por_Escritura_Publica_Com_Testamentos.pdf\" target=\"_blank\"   class=\"aux-button aux-medium aux-dark-gray aux-outline aux-uppercase\" ><span class=\"aux-overlay\"><\/span><span class=\"aux-text\">Acesse aqui<\/span><\/a>\n","protected":false},"excerpt":{"rendered":"<p>Para aux\u00edlio aos nossos clientes Not\u00e1rios do Paran\u00e1 e demais Estados a EDITORA SANTOS SIMON lan\u00e7ou material espec\u00edfico para atender aos atos previstos no referido Oficio Circular, os quais servir\u00e3o inclusive aos Estados que ainda n\u00e3o se posicionaram a este respeito. Afinal como se constada essa \u00e9 uma tend\u00eancia inevit\u00e1vel.<\/p>\n<p>Temos a satisfa\u00e7\u00e3o de lhes transmitir a recente decis\u00e3o da CGJPR de que j\u00e1 podem lavrar escritura mesmo existindo testamento.<\/p>\n","protected":false},"featured_media":1055,"comment_status":"open","ping_status":"closed","template":"","meta":[],"product_brand":[],"product_cat":[16],"product_tag":[],"class_list":{"0":"post-146","1":"product","2":"type-product","3":"status-publish","4":"has-post-thumbnail","6":"product_cat-cartorios","8":"first","9":"instock","10":"shipping-taxable","11":"purchasable","12":"product-type-simple"},"_links":{"self":[{"href":"https:\/\/santossimon.com.br\/dev\/wp-json\/wp\/v2\/product\/146","targetHints":{"allow":["GET"]}}],"collection":[{"href":"https:\/\/santossimon.com.br\/dev\/wp-json\/wp\/v2\/product"}],"about":[{"href":"https:\/\/santossimon.com.br\/dev\/wp-json\/wp\/v2\/types\/product"}],"replies":[{"embeddable":true,"href":"https:\/\/santossimon.com.br\/dev\/wp-json\/wp\/v2\/comments?post=146"}],"wp:featuredmedia":[{"embeddable":true,"href":"https:\/\/santossimon.com.br\/dev\/wp-json\/wp\/v2\/media\/1055"}],"wp:attachment":[{"href":"https:\/\/santossimon.com.br\/dev\/wp-json\/wp\/v2\/media?parent=146"}],"wp:term":[{"taxonomy":"product_brand","embeddable":true,"href":"https:\/\/santossimon.com.br\/dev\/wp-json\/wp\/v2\/product_brand?post=146"},{"taxonomy":"product_cat","embeddable":true,"href":"https:\/\/santossimon.com.br\/dev\/wp-json\/wp\/v2\/product_cat?post=146"},{"taxonomy":"product_tag","embeddable":true,"href":"https:\/\/santossimon.com.br\/dev\/wp-json\/wp\/v2\/product_tag?post=146"}],"curies":[{"name":"wp","href":"https:\/\/api.w.org\/{rel}","templated":true}]}}