{"id":142,"date":"2022-09-16T22:39:13","date_gmt":"2022-09-16T22:39:13","guid":{"rendered":"https:\/\/santossimon.com.br\/dev\/?post_type=product&#038;p=142"},"modified":"2022-10-14T12:03:31","modified_gmt":"2022-10-14T12:03:31","slug":"assinatura-on-line","status":"publish","type":"product","link":"https:\/\/santossimon.com.br\/dev\/produto\/assinatura-on-line\/","title":{"rendered":"Assinatura On-Line"},"content":{"rendered":"<p><strong>DESCRI\u00c7\u00c3O:<\/strong><\/p>\n<p>Assine e explore todo conte\u00fado e as novidades:<\/p>\n<p>Os assinantes ter\u00e3o acesso a arquivos exclusivos, modelos em word de documentos que ir\u00e3o facilitar seu trabalho, todos atualizados no novo\u00a0<b>C\u00d3DIGO DE PROCESSO CIVIL<\/b>\u00a0comentados com fundamento e base legal, material did\u00e1tico com casos pr\u00e1ticos para auxilio de funcion\u00e1rios, dispon\u00edveis em power point, podendo ser utilizado para palestras e treinamentos e em pdf para montagem de apostila.<\/p>\n<p>Com acesso de qualquer lugar.<\/p>\n<p><b>PACOTES:<\/b><\/p>\n<ul>\n<li>06 MESES R$ 1.500,00<\/li>\n<li>08 MESES R$ 1.700,00<\/li>\n<li>10 MESES R$ 1.900,00<\/li>\n<li>12 MESES R$ 2.500,00<\/li>\n<\/ul>\n","protected":false},"excerpt":{"rendered":"<p>Assine e explore todo conte\u00fado jur\u00eddico e as novidades:<\/p>\n<p>Os assinantes ter\u00e3o acesso a arquivos exclusivos, modelos em word de documentos que ir\u00e3o facilitar seu trabalho, todos atualizados no novo\u00a0<b>C\u00d3DIGO DE PROCESSO CIVIL<\/b>\u00a0comentados com fundamento e base legal, material did\u00e1tico com casos pr\u00e1ticos para auxilio de funcion\u00e1rios, dispon\u00edveis em power point, podendo ser utilizado para palestras e treinamentos e em pdf para montagem de apostila.<\/p>\n<p>Com acesso de qualquer lugar.<\/p>\n","protected":false},"featured_media":940,"comment_status":"open","ping_status":"closed","template":"","meta":[],"product_brand":[],"product_cat":[16],"product_tag":[],"class_list":{"0":"post-142","1":"product","2":"type-product","3":"status-publish","4":"has-post-thumbnail","6":"product_cat-cartorios","8":"first","9":"instock","10":"shipping-taxable","11":"purchasable","12":"product-type-variable"},"_links":{"self":[{"href":"https:\/\/santossimon.com.br\/dev\/wp-json\/wp\/v2\/product\/142","targetHints":{"allow":["GET"]}}],"collection":[{"href":"https:\/\/santossimon.com.br\/dev\/wp-json\/wp\/v2\/product"}],"about":[{"href":"https:\/\/santossimon.com.br\/dev\/wp-json\/wp\/v2\/types\/product"}],"replies":[{"embeddable":true,"href":"https:\/\/santossimon.com.br\/dev\/wp-json\/wp\/v2\/comments?post=142"}],"wp:featuredmedia":[{"embeddable":true,"href":"https:\/\/santossimon.com.br\/dev\/wp-json\/wp\/v2\/media\/940"}],"wp:attachment":[{"href":"https:\/\/santossimon.com.br\/dev\/wp-json\/wp\/v2\/media?parent=142"}],"wp:term":[{"taxonomy":"product_brand","embeddable":true,"href":"https:\/\/santossimon.com.br\/dev\/wp-json\/wp\/v2\/product_brand?post=142"},{"taxonomy":"product_cat","embeddable":true,"href":"https:\/\/santossimon.com.br\/dev\/wp-json\/wp\/v2\/product_cat?post=142"},{"taxonomy":"product_tag","embeddable":true,"href":"https:\/\/santossimon.com.br\/dev\/wp-json\/wp\/v2\/product_tag?post=142"}],"curies":[{"name":"wp","href":"https:\/\/api.w.org\/{rel}","templated":true}]}}