{"id":140,"date":"2022-09-16T22:34:20","date_gmt":"2022-09-16T22:34:20","guid":{"rendered":"https:\/\/santossimon.com.br\/dev\/?post_type=product&#038;p=140"},"modified":"2022-10-14T12:28:01","modified_gmt":"2022-10-14T12:28:01","slug":"consultoria","status":"publish","type":"product","link":"https:\/\/santossimon.com.br\/dev\/produto\/consultoria\/","title":{"rendered":"Servi\u00e7o de Consultoria Jur\u00eddica"},"content":{"rendered":"<p><strong>DESCRI\u00c7\u00c3O:<\/strong><\/p>\n<p>TEMOS A SOLU\u00c7\u00c3O PARA SEUS PROBLEMAS!<\/p>\n<p><em><b>CONHE\u00c7A NOSSO SERVI\u00c7O DE CONSULTORIA PARA SUA SERVENTIA.<\/b><\/em><\/p>\n<p>Atuamos como consultores na \u00e1rea de registro de im\u00f3veis e tabelionato de notas, com o objetivo de garantir o sucesso de nossos clientes em seu trabalho.<\/p>\n<p>Nosso trabalho se inicia com o entendimento das necessidades do cliente com rela\u00e7\u00e3o \u00e0 finalidade da consultoria e se completa com nossa ampla experi\u00eancia e conhecimento de mercado colocados \u00e0 disposi\u00e7\u00e3o para atend\u00ea-los.<\/p>\n<p>Temos como objetivo oferecer um servi\u00e7o completo de consultoria para o tabelionato de notas e registro de im\u00f3veis atendendo a todas as demandas de cada cliente.<\/p>\n<p><b>PACOTES:<\/b><\/p>\n<p>01 M\u00caS\u00a0 \u00a0 \u00a0R$ 360,00<br \/>\n03 MESES R$ 900,00<br \/>\n04 MESES R$ 1.200,00<br \/>\n06 MESES R$ 1.500,00<br \/>\n08 MESES R$ 1.800,00<br \/>\n10 MESES R$ 2.200,00<br \/>\n12 MESES R$ 2.500,00<\/p>\n","protected":false},"excerpt":{"rendered":"<p>TEMOS A SOLU\u00c7\u00c3O PARA SEUS PROBLEMAS!<\/p>\n<p>CONHE\u00c7A NOSSO SERVI\u00c7O DE CONSULTORIA PARA SUA SERVENTIA.<\/p>\n<p>Atuamos como consultores na \u00e1rea de registro de im\u00f3veis e tabelionato de notas, com o objetivo de garantir o sucesso de nossos clientes em seu trabalho.<\/p>\n<p>Nosso trabalho se inicia com o entendimento das necessidades do cliente com rela\u00e7\u00e3o \u00e0 finalidade da consultoria e se completa com nossa ampla experi\u00eancia e conhecimento de mercado colocados \u00e0 disposi\u00e7\u00e3o para atend\u00ea-los.<\/p>\n<p>Temos como objetivo oferecer um servi\u00e7o completo de consultoria para o tabelionato de notas e registro de im\u00f3veis atendendo a todas as demandas de cada cliente.<\/p>\n","protected":false},"featured_media":950,"comment_status":"open","ping_status":"closed","template":"","meta":[],"product_brand":[],"product_cat":[16],"product_tag":[],"class_list":{"0":"post-140","1":"product","2":"type-product","3":"status-publish","4":"has-post-thumbnail","6":"product_cat-cartorios","8":"first","9":"instock","10":"shipping-taxable","11":"purchasable","12":"product-type-variable"},"_links":{"self":[{"href":"https:\/\/santossimon.com.br\/dev\/wp-json\/wp\/v2\/product\/140","targetHints":{"allow":["GET"]}}],"collection":[{"href":"https:\/\/santossimon.com.br\/dev\/wp-json\/wp\/v2\/product"}],"about":[{"href":"https:\/\/santossimon.com.br\/dev\/wp-json\/wp\/v2\/types\/product"}],"replies":[{"embeddable":true,"href":"https:\/\/santossimon.com.br\/dev\/wp-json\/wp\/v2\/comments?post=140"}],"wp:featuredmedia":[{"embeddable":true,"href":"https:\/\/santossimon.com.br\/dev\/wp-json\/wp\/v2\/media\/950"}],"wp:attachment":[{"href":"https:\/\/santossimon.com.br\/dev\/wp-json\/wp\/v2\/media?parent=140"}],"wp:term":[{"taxonomy":"product_brand","embeddable":true,"href":"https:\/\/santossimon.com.br\/dev\/wp-json\/wp\/v2\/product_brand?post=140"},{"taxonomy":"product_cat","embeddable":true,"href":"https:\/\/santossimon.com.br\/dev\/wp-json\/wp\/v2\/product_cat?post=140"},{"taxonomy":"product_tag","embeddable":true,"href":"https:\/\/santossimon.com.br\/dev\/wp-json\/wp\/v2\/product_tag?post=140"}],"curies":[{"name":"wp","href":"https:\/\/api.w.org\/{rel}","templated":true}]}}