{"id":132,"date":"2022-09-16T22:18:32","date_gmt":"2022-09-16T22:18:32","guid":{"rendered":"https:\/\/santossimon.com.br\/dev\/?post_type=product&#038;p=132"},"modified":"2025-06-05T21:13:30","modified_gmt":"2025-06-05T21:13:30","slug":"registro-de-imoveis-manual-e-pratica","status":"publish","type":"product","link":"https:\/\/santossimon.com.br\/dev\/produto\/registro-de-imoveis-manual-e-pratica\/","title":{"rendered":"Registro de Im\u00f3veis Manual e Pr\u00e1tica"},"content":{"rendered":"<p><strong>DESCRI\u00c7\u00c3O:<\/strong><\/p>\n<p>Conceito de registro de im\u00f3veis, atribui\u00e7\u00f5es, hist\u00f3ria do registro de im\u00f3veis no Brasil, titulares, escreventes, substitutos, auxiliares e o ingresso na atividade de registro, finalidades e princ\u00edpios; e a responsabilidade civil dos registradores.<\/p>\n<p><b>MODELOS:<\/b><\/p>\n<p><b>Artigo 167, Incisos I e II<\/b><\/p>\n<p>Registros (Inciso I): Bem de Fam\u00edlia, hipoteca, loca\u00e7\u00e3o, penhor, penhoras, arrestos e sequestros, servid\u00f5es, usufruto e uso; das rendas, compromisso de compra e venda, cess\u00e3o de promessa, enfiteuse, anticrese, conven\u00e7\u00e3o antenupcial; c\u00e9dulas de cr\u00e9dito rural; c\u00e9dula de cr\u00e9dito industrial; penhor rural; deb\u00eantures; incorpora\u00e7\u00f5es, institui\u00e7\u00f5es e conven\u00e7\u00f5es de condom\u00ednio; loteamentos; invent\u00e1rio; partilhas; arremata\u00e7\u00e3o; adjudica\u00e7\u00e3o; usucapi\u00e3o; compra e venda pura ou condicional; permuta; da\u00e7\u00e3o em pagamento; integraliza\u00e7\u00e3o de capital; doa\u00e7\u00e3o; desapropria\u00e7\u00e3o amig\u00e1vel; aliena\u00e7\u00e3o fiduci\u00e1ria.<\/p>\n<p><b>Averba\u00e7\u00f5es (Inciso II):<\/b> Conven\u00e7\u00e3o antenupciais; cancelamento de \u00f4nus e direitos reais; promessa de compra e venda; constru\u00e7\u00e3o; numera\u00e7\u00e3o predial, demoli\u00e7\u00e3o; desmembramento; altera\u00e7\u00e3o de nome por casamento, div\u00f3rcio, separa\u00e7\u00e3o; c\u00e9dulas hipotec\u00e1ria; cau\u00e7\u00e3o e cess\u00e3o fiduci\u00e1ria; restabelecimento sociedade conjugal; clausulas de inalienabilidade, impenhorabilidade e incomunicabilidade; contrato loca\u00e7\u00e3o (prefer\u00eancia).<\/p>\n<p>&nbsp;<\/p>\n<p><strong>Obtenha a amostra deste produto realizando o download logo abaixo em <span style=\"color: #ca1111;\">formato PDF:<\/span><\/strong><\/p>\n<a  href=\"https:\/\/santossimon.com.br\/dev\/wp-summary\/EXEMPLO%20DO%20MATERIAL%20-%20REGISTRO%20DE%20IM\u00d3VEIS%20MANUAL%20E%20PRATICA.pdf\" target=\"_blank\"   class=\"aux-button aux-medium aux-dark-gray aux-outline aux-uppercase\" ><span class=\"aux-overlay\"><\/span><span class=\"aux-text\">Acesse aqui<\/span><\/a>\n","protected":false},"excerpt":{"rendered":"<p>Conceito de registro de im\u00f3veis, atribui\u00e7\u00f5es, hist\u00f3ria do registro de im\u00f3veis no Brasil, titulares, escreventes, substitutos, auxiliares e o ingresso na atividade de registro, finalidades e princ\u00edpios; e a responsabilidade civil dos registradores.<\/p>\n<p>Registros (Inciso I): Bem de Fam\u00edlia, hipoteca, loca\u00e7\u00e3o, penhor, penhoras, arrestos e sequestros, servid\u00f5es, usufruto e uso; das rendas, compromisso de compra e venda, cess\u00e3o de promessa, enfiteuse, anticrese, conven\u00e7\u00e3o antenupcial; c\u00e9dulas de cr\u00e9dito rural; c\u00e9dula de cr\u00e9dito industrial; penhor rural; deb\u00eantures; incorpora\u00e7\u00f5es, institui\u00e7\u00f5es e conven\u00e7\u00f5es de condom\u00ednio; loteamentos; invent\u00e1rio; partilhas; arremata\u00e7\u00e3o; adjudica\u00e7\u00e3o; usucapi\u00e3o; compra e venda pura ou condicional; permuta; da\u00e7\u00e3o em pagamento; integraliza\u00e7\u00e3o de capital; doa\u00e7\u00e3o; desapropria\u00e7\u00e3o amig\u00e1vel; aliena\u00e7\u00e3o fiduci\u00e1ria.<\/p>\n","protected":false},"featured_media":1072,"comment_status":"open","ping_status":"closed","template":"","meta":[],"product_brand":[],"product_cat":[16],"product_tag":[],"class_list":{"0":"post-132","1":"product","2":"type-product","3":"status-publish","4":"has-post-thumbnail","6":"product_cat-cartorios","8":"first","9":"instock","10":"shipping-taxable","11":"purchasable","12":"product-type-simple"},"_links":{"self":[{"href":"https:\/\/santossimon.com.br\/dev\/wp-json\/wp\/v2\/product\/132","targetHints":{"allow":["GET"]}}],"collection":[{"href":"https:\/\/santossimon.com.br\/dev\/wp-json\/wp\/v2\/product"}],"about":[{"href":"https:\/\/santossimon.com.br\/dev\/wp-json\/wp\/v2\/types\/product"}],"replies":[{"embeddable":true,"href":"https:\/\/santossimon.com.br\/dev\/wp-json\/wp\/v2\/comments?post=132"}],"wp:featuredmedia":[{"embeddable":true,"href":"https:\/\/santossimon.com.br\/dev\/wp-json\/wp\/v2\/media\/1072"}],"wp:attachment":[{"href":"https:\/\/santossimon.com.br\/dev\/wp-json\/wp\/v2\/media?parent=132"}],"wp:term":[{"taxonomy":"product_brand","embeddable":true,"href":"https:\/\/santossimon.com.br\/dev\/wp-json\/wp\/v2\/product_brand?post=132"},{"taxonomy":"product_cat","embeddable":true,"href":"https:\/\/santossimon.com.br\/dev\/wp-json\/wp\/v2\/product_cat?post=132"},{"taxonomy":"product_tag","embeddable":true,"href":"https:\/\/santossimon.com.br\/dev\/wp-json\/wp\/v2\/product_tag?post=132"}],"curies":[{"name":"wp","href":"https:\/\/api.w.org\/{rel}","templated":true}]}}