{"id":117,"date":"2020-11-10T18:33:02","date_gmt":"2020-11-10T18:33:02","guid":{"rendered":"https:\/\/santossimon.com.br\/dev\/about\/"},"modified":"2022-10-20T00:46:14","modified_gmt":"2022-10-20T00:46:14","slug":"escritorio-2","status":"publish","type":"page","link":"https:\/\/santossimon.com.br\/dev\/escritorio-2\/","title":{"rendered":"Escritorio"},"content":{"rendered":"\t\t<div data-elementor-type=\"wp-page\" data-elementor-id=\"117\" class=\"elementor elementor-117\" data-elementor-settings=\"{&quot;ha_cmc_init_switcher&quot;:&quot;no&quot;}\">\n\t\t\t\t\t\t<section class=\"elementor-section elementor-top-section elementor-element elementor-element-4da0e38 elementor-section-boxed elementor-section-height-default elementor-section-height-default\" data-id=\"4da0e38\" data-element_type=\"section\" data-settings=\"{&quot;_ha_eqh_enable&quot;:false}\">\n\t\t\t\t\t\t<div class=\"elementor-container elementor-column-gap-no\">\n\t\t\t\t\t<div class=\"aux-parallax-section elementor-column elementor-col-50 elementor-top-column elementor-element elementor-element-96c6fb0\" data-id=\"96c6fb0\" data-element_type=\"column\">\n\t\t\t<div class=\"elementor-widget-wrap elementor-element-populated\">\n\t\t\t\t\t\t<div class=\"aux-scroll-anim elementor-element elementor-element-981e2e5 aux-appear-watch-animation aux-fade-in-left elementor-widget elementor-widget-aux_image\" data-move-in=\"moveHorizontal\" data-move-out=\"moveHorizontal\" data-axis-x=\"20\" data-axis-y=\"200\" data-rotate=\"90\" data-scale=\"1\" data-vp-top=\"0.5\" data-vp-bot=\"0.5\" data-el-top=\"0.2\" data-scroll-animation-off=\"1024\" data-id=\"981e2e5\" data-element_type=\"widget\" data-widget_type=\"aux_image.default\">\n\t\t\t\t<div class=\"elementor-widget-container\">\n\t\t\t\t\t<section class=\"widget-container aux-widget-image aux-alignnone aux-parent-au058277ea\">\n    <div class=\"aux-media-hint-frame \">\n        <div class=\"aux-media-image \" >\n        \n            \n\n            \n            <img fetchpriority=\"high\" decoding=\"async\" width=\"728\" height=\"728\" src=\"https:\/\/santossimon.com.br\/dev\/wp-content\/uploads\/2022\/10\/o_escritorio_1.jpg\" class=\"aux-attachment aux-featured-image aux-attachment-id-1123\" alt=\"o_escritorio_1\" srcset=\"https:\/\/santossimon.com.br\/dev\/wp-content\/uploads\/2022\/10\/o_escritorio_1-150x150.jpg 150w,https:\/\/santossimon.com.br\/dev\/wp-content\/uploads\/2022\/10\/o_escritorio_1-300x300.jpg 300w,https:\/\/santossimon.com.br\/dev\/wp-content\/uploads\/2022\/10\/o_escritorio_1.jpg 728w\" data-ratio=\"1\" data-original-w=\"728\" sizes=\"(max-width:479px) 480px,(max-width:767px) 768px,(max-width:1023px) 1024px,728px\" \/>            \n                <\/div>\n    <\/div>\n\n<\/section><!-- widget-container -->\t\t\t\t<\/div>\n\t\t\t\t<\/div>\n\t\t\t\t<div class=\"aux-scroll-anim elementor-element elementor-element-8a11f34 elementor-widget__width-initial elementor-absolute elementor-widget-tablet__width-initial elementor-widget-mobile__width-initial elementor-hidden-phone aux-appear-watch-animation aux-fade-in-right-1 elementor-widget elementor-widget-aux_image\" data-move-in=\"moveHorizontal\" data-move-out=\"moveHorizontal\" data-axis-x=\"-35\" data-axis-y=\"200\" data-rotate=\"90\" data-scale=\"1\" data-vp-top=\"0.5\" data-vp-bot=\"0.5\" data-el-top=\"0.2\" data-scroll-animation-off=\"1024\" data-id=\"8a11f34\" data-element_type=\"widget\" data-settings=\"{&quot;_position&quot;:&quot;absolute&quot;}\" data-widget_type=\"aux_image.default\">\n\t\t\t\t<div class=\"elementor-widget-container\">\n\t\t\t\t\t<section class=\"widget-container aux-widget-image aux-alignnone aux-parent-au315d8c11\">\n    <div class=\"aux-media-hint-frame \">\n        <div class=\"aux-media-image \" >\n        \n            \n\n            \n            <img decoding=\"async\" width=\"512\" height=\"512\" src=\"https:\/\/santossimon.com.br\/dev\/wp-content\/uploads\/2022\/10\/o_escritorio_2.jpg\" class=\"aux-attachment aux-featured-image aux-attachment-id-1124\" alt=\"o_escritorio_2\" srcset=\"https:\/\/santossimon.com.br\/dev\/wp-content\/uploads\/2022\/10\/o_escritorio_2-150x150.jpg 150w,https:\/\/santossimon.com.br\/dev\/wp-content\/uploads\/2022\/10\/o_escritorio_2-300x300.jpg 300w,https:\/\/santossimon.com.br\/dev\/wp-content\/uploads\/2022\/10\/o_escritorio_2.jpg 512w\" data-ratio=\"1\" data-original-w=\"512\" sizes=\"(max-width:479px) 480px,(max-width:767px) 768px,(max-width:1023px) 1024px,512px\" \/>            \n                <\/div>\n    <\/div>\n\n<\/section><!-- widget-container -->\t\t\t\t<\/div>\n\t\t\t\t<\/div>\n\t\t\t\t\t<\/div>\n\t\t<\/div>\n\t\t\t\t<div class=\"aux-parallax-section elementor-column elementor-col-50 elementor-top-column elementor-element elementor-element-d331f4b\" data-id=\"d331f4b\" data-element_type=\"column\">\n\t\t\t<div class=\"elementor-widget-wrap elementor-element-populated\">\n\t\t\t\t\t\t<div class=\"elementor-element elementor-element-ee97327 aux-appear-watch-animation aux-fade-in-right-1 elementor-widget elementor-widget-heading\" data-id=\"ee97327\" data-element_type=\"widget\" data-widget_type=\"heading.default\">\n\t\t\t\t<div class=\"elementor-widget-container\">\n\t\t\t\t\t<h5 class=\"elementor-heading-title elementor-size-default\">SOBRE O NOSSO ESCRIT\u00d3RIO<\/h5>\t\t\t\t<\/div>\n\t\t\t\t<\/div>\n\t\t\t\t<div class=\"elementor-element elementor-element-bf69d46 aux-appear-watch-animation aux-fade-in-up elementor-widget elementor-widget-aux_modern_heading\" data-id=\"bf69d46\" data-element_type=\"widget\" data-widget_type=\"aux_modern_heading.default\">\n\t\t\t\t<div class=\"elementor-widget-container\">\n\t\t\t\t\t<section class=\"aux-widget-modern-heading\">\n            <div class=\"aux-widget-inner\"><h1 class=\"aux-modern-heading-primary\">Editora especializada em direito imobili\u00e1rio notarial e registral.<\/h1><div class=\"aux-modern-heading-description\">Estamos localizados no Centro da Cidade de Curitiba, na Rua Presidente Faria n\u00ba 51, 12\u00ba andar, sala 1201.\n\nAtuamos como consultores na \u00e1rea de registro de im\u00f3veis e tabelionato de notas, com o objetivo de garantir o sucesso de nossos clientes em seu trabalho.<\/div><\/div>\n        <\/section>\t\t\t\t<\/div>\n\t\t\t\t<\/div>\n\t\t\t\t\t<\/div>\n\t\t<\/div>\n\t\t\t\t\t<\/div>\n\t\t<\/section>\n\t\t\t\t<section class=\"elementor-section elementor-top-section elementor-element elementor-element-091e2b1 elementor-section-boxed elementor-section-height-default elementor-section-height-default\" data-id=\"091e2b1\" data-element_type=\"section\" data-settings=\"{&quot;background_background&quot;:&quot;classic&quot;,&quot;_ha_eqh_enable&quot;:false}\">\n\t\t\t\t\t\t<div class=\"elementor-container elementor-column-gap-no\">\n\t\t\t\t\t<div class=\"aux-parallax-section elementor-column elementor-col-33 elementor-top-column elementor-element elementor-element-5655fc0\" data-id=\"5655fc0\" data-element_type=\"column\">\n\t\t\t<div class=\"elementor-widget-wrap elementor-element-populated\">\n\t\t\t\t\t\t<div class=\"elementor-element elementor-element-afa01fc aux-appear-watch-animation aux-slide-from-bot elementor-widget elementor-widget-heading\" data-id=\"afa01fc\" data-element_type=\"widget\" data-widget_type=\"heading.default\">\n\t\t\t\t<div class=\"elementor-widget-container\">\n\t\t\t\t\t<h2 class=\"elementor-heading-title elementor-size-default\">H\u00c1 MAIS DE 30 ANOS ATUANDO NA \u00c1REA NOTARIAL E REGISTRAL<\/h2>\t\t\t\t<\/div>\n\t\t\t\t<\/div>\n\t\t\t\t\t<\/div>\n\t\t<\/div>\n\t\t\t\t<div class=\"aux-parallax-section elementor-column elementor-col-33 elementor-top-column elementor-element elementor-element-d469c1f\" data-id=\"d469c1f\" data-element_type=\"column\">\n\t\t\t<div class=\"elementor-widget-wrap elementor-element-populated\">\n\t\t\t\t\t\t<div class=\"elementor-element elementor-element-b6662dc aux-appear-watch-animation aux-fade-in-right-1 elementor-widget elementor-widget-aux_modern_heading\" data-id=\"b6662dc\" data-element_type=\"widget\" data-widget_type=\"aux_modern_heading.default\">\n\t\t\t\t<div class=\"elementor-widget-container\">\n\t\t\t\t\t<section class=\"aux-widget-modern-heading\">\n            <div class=\"aux-widget-inner\"><h5 class=\"aux-modern-heading-primary\">Nossos Materiais<\/h5><div class=\"aux-modern-heading-description\"><p>Nosso material foi elaborado de forma pr\u00e1tica e did\u00e1tica para atender aos profissionais que atuam nos tabelionatos e nos registros de im\u00f3veis.<\/p><\/div><\/div>\n        <\/section>\t\t\t\t<\/div>\n\t\t\t\t<\/div>\n\t\t\t\t\t<\/div>\n\t\t<\/div>\n\t\t\t\t<div class=\"aux-parallax-section elementor-column elementor-col-33 elementor-top-column elementor-element elementor-element-7fb2b57\" data-id=\"7fb2b57\" data-element_type=\"column\">\n\t\t\t<div class=\"elementor-widget-wrap elementor-element-populated\">\n\t\t\t\t\t\t<div class=\"elementor-element elementor-element-11f3433 aux-appear-watch-animation aux-fade-in-right-1 elementor-widget elementor-widget-aux_modern_heading\" data-id=\"11f3433\" data-element_type=\"widget\" data-widget_type=\"aux_modern_heading.default\">\n\t\t\t\t<div class=\"elementor-widget-container\">\n\t\t\t\t\t<section class=\"aux-widget-modern-heading\">\n            <div class=\"aux-widget-inner\"><h5 class=\"aux-modern-heading-primary\">Estamos Conectados<\/h5><div class=\"aux-modern-heading-description\"><p>Navegue em nossos meios de Comunica\u00e7\u00e3o: instagram, facebook e youtube, e descubra um arsenal de conte\u00fados atualizados para que voc\u00ea esteja atualizado em meio ao campo jur\u00eddico.<\/p><\/div><\/div>\n        <\/section>\t\t\t\t<\/div>\n\t\t\t\t<\/div>\n\t\t\t\t\t<\/div>\n\t\t<\/div>\n\t\t\t\t\t<\/div>\n\t\t<\/section>\n\t\t\t\t<section class=\"elementor-section elementor-top-section elementor-element elementor-element-5086fdd elementor-section-boxed elementor-section-height-default elementor-section-height-default\" data-id=\"5086fdd\" data-element_type=\"section\" data-settings=\"{&quot;background_background&quot;:&quot;classic&quot;,&quot;_ha_eqh_enable&quot;:false}\">\n\t\t\t\t\t\t<div class=\"elementor-container elementor-column-gap-no\">\n\t\t\t\t\t<div class=\"aux-parallax-section elementor-column elementor-col-100 elementor-top-column elementor-element elementor-element-98012e3 aux-appear-watch-animation aux-fade-in-up\" data-id=\"98012e3\" data-element_type=\"column\" data-settings=\"{&quot;background_background&quot;:&quot;classic&quot;}\">\n\t\t\t<div class=\"elementor-widget-wrap elementor-element-populated\">\n\t\t\t\t\t\t<div class=\"elementor-element elementor-element-ca4b174 elementor-widget elementor-widget-spacer\" data-id=\"ca4b174\" data-element_type=\"widget\" data-widget_type=\"spacer.default\">\n\t\t\t\t<div class=\"elementor-widget-container\">\n\t\t\t\t\t\t\t<div class=\"elementor-spacer\">\n\t\t\t<div class=\"elementor-spacer-inner\"><\/div>\n\t\t<\/div>\n\t\t\t\t\t\t<\/div>\n\t\t\t\t<\/div>\n\t\t\t\t\t<\/div>\n\t\t<\/div>\n\t\t\t\t\t<\/div>\n\t\t<\/section>\n\t\t\t\t<\/div>\n\t\t","protected":false},"excerpt":{"rendered":"<p>SOBRE O NOSSO ESCRIT\u00d3RIO Editora especializada em direito imobili\u00e1rio notarial e registral. Estamos localizados no Centro da Cidade de Curitiba, na Rua Presidente Faria n\u00ba 51, 12\u00ba andar, sala 1201. Atuamos como consultores na \u00e1rea de registro de im\u00f3veis e tabelionato de notas, com o objetivo de garantir o sucesso de nossos clientes em seu [&hellip;]<\/p>\n","protected":false},"author":1,"featured_media":0,"parent":0,"menu_order":0,"comment_status":"closed","ping_status":"closed","template":"templates\/page-builder-content.php","meta":{"footnotes":""},"class_list":["post-117","page","type-page","status-publish","hentry"],"_links":{"self":[{"href":"https:\/\/santossimon.com.br\/dev\/wp-json\/wp\/v2\/pages\/117","targetHints":{"allow":["GET"]}}],"collection":[{"href":"https:\/\/santossimon.com.br\/dev\/wp-json\/wp\/v2\/pages"}],"about":[{"href":"https:\/\/santossimon.com.br\/dev\/wp-json\/wp\/v2\/types\/page"}],"author":[{"embeddable":true,"href":"https:\/\/santossimon.com.br\/dev\/wp-json\/wp\/v2\/users\/1"}],"replies":[{"embeddable":true,"href":"https:\/\/santossimon.com.br\/dev\/wp-json\/wp\/v2\/comments?post=117"}],"version-history":[{"count":62,"href":"https:\/\/santossimon.com.br\/dev\/wp-json\/wp\/v2\/pages\/117\/revisions"}],"predecessor-version":[{"id":1172,"href":"https:\/\/santossimon.com.br\/dev\/wp-json\/wp\/v2\/pages\/117\/revisions\/1172"}],"wp:attachment":[{"href":"https:\/\/santossimon.com.br\/dev\/wp-json\/wp\/v2\/media?parent=117"}],"curies":[{"name":"wp","href":"https:\/\/api.w.org\/{rel}","templated":true}]}}